{"id":663143,"date":"2025-06-14T15:01:39","date_gmt":"2025-06-14T12:01:39","guid":{"rendered":"https:\/\/nextsnkr.com\/product\/guess\/"},"modified":"2026-02-01T13:34:20","modified_gmt":"2026-02-01T10:34:20","slug":"guess","status":"publish","type":"product","link":"https:\/\/nextsnkr.com\/no\/produkt\/guess\/","title":{"rendered":"Guess \u00f8ko-l\u00e6rveske er en stilig kvinners uformelle modell"},"content":{"rendered":"<h2>Guess \u00f8ko-l\u00e6rveske er en stilig kvinners uformelle modell<\/h2>\n<p>&nbsp;<\/p>\n<p>Guess-vesken er laget av \u00f8ko-l\u00e6r av h\u00f8y kvalitet, og kombinerer stilig utseende og praktisk. Modellen har et pent design, bekvemmelighet i daglig bruk og allsidighet for ethvert utseende. Det slitesterke materialet holder formen godt, Og Guess-merket gir eleganse og status til produktet. Denne vesken er et godt valg for kvinner som setter pris p\u00e5 kvalitet, komfort og moderne stil.<\/p>\n","protected":false},"excerpt":{"rendered":"<p>Guess-vesken er laget av \u00f8ko-l\u00e6r av h\u00f8y kvalitet, og kombinerer stilig utseende og praktisk. Modellen har et pent design, bekvemmelighet i daglig bruk og allsidighet for ethvert utseende. Det slitesterke materialet holder formen godt, Og Guess-merket gir eleganse og status til produktet. Denne vesken er et godt valg for kvinner som setter pris p\u00e5 kvalitet, komfort og moderne stil.<\/p>\n","protected":false},"featured_media":663147,"comment_status":"open","ping_status":"open","template":"","meta":[],"product_brand":[],"product_cat":[3277,3488],"product_tag":[],"class_list":{"0":"post-663143","1":"product","2":"type-product","3":"status-publish","4":"has-post-thumbnail","6":"product_cat-all-product","7":"product_cat-sumky","8":"pa_rozmir-29x16","10":"first","11":"instock","12":"purchasable","13":"product-type-simple"},"_links":{"self":[{"href":"https:\/\/nextsnkr.com\/no\/wp-json\/wp\/v2\/product\/663143","targetHints":{"allow":["GET"]}}],"collection":[{"href":"https:\/\/nextsnkr.com\/no\/wp-json\/wp\/v2\/product"}],"about":[{"href":"https:\/\/nextsnkr.com\/no\/wp-json\/wp\/v2\/types\/product"}],"replies":[{"embeddable":true,"href":"https:\/\/nextsnkr.com\/no\/wp-json\/wp\/v2\/comments?post=663143"}],"version-history":[{"count":0,"href":"https:\/\/nextsnkr.com\/no\/wp-json\/wp\/v2\/product\/663143\/revisions"}],"wp:featuredmedia":[{"embeddable":true,"href":"https:\/\/nextsnkr.com\/no\/wp-json\/wp\/v2\/media\/663147"}],"wp:attachment":[{"href":"https:\/\/nextsnkr.com\/no\/wp-json\/wp\/v2\/media?parent=663143"}],"wp:term":[{"taxonomy":"product_brand","embeddable":true,"href":"https:\/\/nextsnkr.com\/no\/wp-json\/wp\/v2\/product_brand?post=663143"},{"taxonomy":"product_cat","embeddable":true,"href":"https:\/\/nextsnkr.com\/no\/wp-json\/wp\/v2\/product_cat?post=663143"},{"taxonomy":"product_tag","embeddable":true,"href":"https:\/\/nextsnkr.com\/no\/wp-json\/wp\/v2\/product_tag?post=663143"}],"curies":[{"name":"wp","href":"https:\/\/api.w.org\/{rel}","templated":true}]}}