{"id":662170,"date":"2025-06-14T15:03:04","date_gmt":"2025-06-14T12:03:04","guid":{"rendered":"https:\/\/nextsnkr.com\/product\/marc-jacobs-tote-bag-2\/"},"modified":"2026-02-01T13:33:37","modified_gmt":"2026-02-01T10:33:37","slug":"marc-jacobs-tote-bag-2","status":"publish","type":"product","link":"https:\/\/nextsnkr.com\/no\/produkt\/marc-jacobs-tote-bag-2\/","title":{"rendered":"Marc Jacobs Tote Bag laget av \u00f8ko-l\u00e6r er en stilig damemodell"},"content":{"rendered":"<h2>Marc Jacobs Tote Bag laget av \u00f8ko-l\u00e6r er en stilig damemodell<\/h2>\n<p>&nbsp;<\/p>\n<p>Marc Jacobs Tote Bag er en elegant og praktisk veske laget av \u00f8ko-l\u00e6r av h\u00f8y kvalitet, designet for daglig bruk. Det romslige interne volumet gj\u00f8r at du enkelt kan plassere alle n\u00f8dvendige ting, og det slitesterke materialet sikrer holdbarhet. Den lakoniske designen og bedriftsidentiteten Til Marc Jacobs gj\u00f8r vesken allsidig for arbeid, studier eller turg\u00e5ing. Det perfekte valget for kvinner som setter pris p\u00e5 kombinasjonen av funksjonalitet og moderne estetikk.<\/p>\n","protected":false},"excerpt":{"rendered":"<p>Marc Jacobs Tote Bag er en elegant og praktisk veske laget av \u00f8ko-l\u00e6r av h\u00f8y kvalitet, designet for daglig bruk. Det romslige interne volumet gj\u00f8r at du enkelt kan plassere alle n\u00f8dvendige ting, og det slitesterke materialet sikrer holdbarhet. Den lakoniske designen og bedriftsidentiteten Til Marc Jacobs gj\u00f8r vesken allsidig for arbeid, studier eller turg\u00e5ing. Det perfekte valget for kvinner som setter pris p\u00e5 kombinasjonen av funksjonalitet og moderne estetikk.<\/p>\n","protected":false},"featured_media":662172,"comment_status":"open","ping_status":"open","template":"","meta":[],"product_brand":[],"product_cat":[3277,3488],"product_tag":[],"class_list":{"0":"post-662170","1":"product","2":"type-product","3":"status-publish","4":"has-post-thumbnail","6":"product_cat-all-product","7":"product_cat-sumky","8":"pa_rozmir-21kh16","10":"first","11":"instock","12":"purchasable","13":"product-type-simple"},"_links":{"self":[{"href":"https:\/\/nextsnkr.com\/no\/wp-json\/wp\/v2\/product\/662170","targetHints":{"allow":["GET"]}}],"collection":[{"href":"https:\/\/nextsnkr.com\/no\/wp-json\/wp\/v2\/product"}],"about":[{"href":"https:\/\/nextsnkr.com\/no\/wp-json\/wp\/v2\/types\/product"}],"replies":[{"embeddable":true,"href":"https:\/\/nextsnkr.com\/no\/wp-json\/wp\/v2\/comments?post=662170"}],"version-history":[{"count":0,"href":"https:\/\/nextsnkr.com\/no\/wp-json\/wp\/v2\/product\/662170\/revisions"}],"wp:featuredmedia":[{"embeddable":true,"href":"https:\/\/nextsnkr.com\/no\/wp-json\/wp\/v2\/media\/662172"}],"wp:attachment":[{"href":"https:\/\/nextsnkr.com\/no\/wp-json\/wp\/v2\/media?parent=662170"}],"wp:term":[{"taxonomy":"product_brand","embeddable":true,"href":"https:\/\/nextsnkr.com\/no\/wp-json\/wp\/v2\/product_brand?post=662170"},{"taxonomy":"product_cat","embeddable":true,"href":"https:\/\/nextsnkr.com\/no\/wp-json\/wp\/v2\/product_cat?post=662170"},{"taxonomy":"product_tag","embeddable":true,"href":"https:\/\/nextsnkr.com\/no\/wp-json\/wp\/v2\/product_tag?post=662170"}],"curies":[{"name":"wp","href":"https:\/\/api.w.org\/{rel}","templated":true}]}}