{"id":661961,"date":"2025-06-14T15:03:18","date_gmt":"2025-06-14T12:03:18","guid":{"rendered":"https:\/\/nextsnkr.com\/product\/pinko\/"},"modified":"2026-02-01T13:33:28","modified_gmt":"2026-02-01T10:33:28","slug":"pinko","status":"publish","type":"product","link":"https:\/\/nextsnkr.com\/no\/produkt\/pinko\/","title":{"rendered":"Pinko bag er en stilig dameveske laget av \u00f8ko-l\u00e6r"},"content":{"rendered":"<h2>Pinko bag er en stilig dameveske laget av \u00f8ko-l\u00e6r<\/h2>\n<p>&nbsp;<\/p>\n<p>Pinko-vesken er et elegant tilbeh\u00f8r laget av \u00f8ko-l\u00e6r av h\u00f8y kvalitet, som kombinerer moderne design og praktisk. Materialet er slitesterkt, holder formen godt og beholder et attraktivt utseende i daglig bruk. Den lakoniske silhuetten, pene beslag og gjenkjennelig Pinko-stil gj\u00f8r denne modellen allsidig for urbane bilder, arbeid eller turer. Et ideelt valg for de som setter pris p\u00e5 mote, komfort og gjennomtenkt funksjonalitet.<\/p>\n","protected":false},"excerpt":{"rendered":"<p>Pinko-vesken er et elegant tilbeh\u00f8r laget av \u00f8ko-l\u00e6r av h\u00f8y kvalitet, som kombinerer moderne design og praktisk. Materialet er slitesterkt, holder formen godt og beholder et attraktivt utseende i daglig bruk. Den lakoniske silhuetten, pene beslag og gjenkjennelig Pinko-stil gj\u00f8r denne modellen allsidig for urbane bilder, arbeid eller turer. Et ideelt valg for de som setter pris p\u00e5 mote, komfort og gjennomtenkt funksjonalitet.<\/p>\n","protected":false},"featured_media":661963,"comment_status":"open","ping_status":"open","template":"","meta":[],"product_brand":[],"product_cat":[3277,3488],"product_tag":[],"class_list":{"0":"post-661961","1":"product","2":"type-product","3":"status-publish","4":"has-post-thumbnail","6":"product_cat-all-product","7":"product_cat-sumky","8":"pa_rozmir-3765","10":"first","11":"instock","12":"purchasable","13":"product-type-simple"},"_links":{"self":[{"href":"https:\/\/nextsnkr.com\/no\/wp-json\/wp\/v2\/product\/661961","targetHints":{"allow":["GET"]}}],"collection":[{"href":"https:\/\/nextsnkr.com\/no\/wp-json\/wp\/v2\/product"}],"about":[{"href":"https:\/\/nextsnkr.com\/no\/wp-json\/wp\/v2\/types\/product"}],"replies":[{"embeddable":true,"href":"https:\/\/nextsnkr.com\/no\/wp-json\/wp\/v2\/comments?post=661961"}],"version-history":[{"count":0,"href":"https:\/\/nextsnkr.com\/no\/wp-json\/wp\/v2\/product\/661961\/revisions"}],"wp:featuredmedia":[{"embeddable":true,"href":"https:\/\/nextsnkr.com\/no\/wp-json\/wp\/v2\/media\/661963"}],"wp:attachment":[{"href":"https:\/\/nextsnkr.com\/no\/wp-json\/wp\/v2\/media?parent=661961"}],"wp:term":[{"taxonomy":"product_brand","embeddable":true,"href":"https:\/\/nextsnkr.com\/no\/wp-json\/wp\/v2\/product_brand?post=661961"},{"taxonomy":"product_cat","embeddable":true,"href":"https:\/\/nextsnkr.com\/no\/wp-json\/wp\/v2\/product_cat?post=661961"},{"taxonomy":"product_tag","embeddable":true,"href":"https:\/\/nextsnkr.com\/no\/wp-json\/wp\/v2\/product_tag?post=661961"}],"curies":[{"name":"wp","href":"https:\/\/api.w.org\/{rel}","templated":true}]}}