{"id":661762,"date":"2025-06-14T15:03:23","date_gmt":"2025-06-14T12:03:23","guid":{"rendered":"https:\/\/nextsnkr.com\/product\/karl-lagerfeld\/"},"modified":"2026-02-01T13:33:20","modified_gmt":"2026-02-01T10:33:20","slug":"karl-lagerfeld","status":"publish","type":"product","link":"https:\/\/nextsnkr.com\/no\/produkt\/karl-lagerfeld\/","title":{"rendered":"Karl Lagerfeld kvinners veske i svart \u00f8ko-skinn"},"content":{"rendered":"<h2>Karl Lagerfeld kvinners veske i svart \u00f8ko-skinn<\/h2>\n<p>&nbsp;<\/p>\n<p>Karl Lagerfeld-vesken er et stilig tilbeh\u00f8r som kombinerer moderne design og praktisk. Laget av \u00f8ko-l\u00e6r av h\u00f8y kvalitet, er det preget av slitestyrke, behagelig tekstur og elegant utseende. Den lakoniske formen er egnet for daglig bruk, arbeid eller turg\u00e5ing, og kompletterer lett ethvert utseende. gjennomtenkt interi\u00f8rdesign sikrer praktisk plassering av alle n\u00f8dvendige elementer. Det perfekte valget for de som setter pris p\u00e5 stil og komfort.<\/p>\n","protected":false},"excerpt":{"rendered":"<p>Karl Lagerfeld-vesken er et stilig tilbeh\u00f8r som kombinerer moderne design og praktisk. Laget av \u00f8ko-l\u00e6r av h\u00f8y kvalitet, er det preget av slitestyrke, behagelig tekstur og elegant utseende. Den lakoniske formen er egnet for daglig bruk, arbeid eller turg\u00e5ing, og kompletterer lett ethvert utseende. gjennomtenkt interi\u00f8rdesign sikrer praktisk plassering av alle n\u00f8dvendige elementer. Det perfekte valget for de som setter pris p\u00e5 stil og komfort.<\/p>\n","protected":false},"featured_media":661765,"comment_status":"open","ping_status":"open","template":"","meta":[],"product_brand":[],"product_cat":[3277,3488],"product_tag":[],"class_list":{"0":"post-661762","1":"product","2":"type-product","3":"status-publish","4":"has-post-thumbnail","6":"product_cat-all-product","7":"product_cat-sumky","8":"pa_rozmir-sale-24x17","10":"first","11":"instock","12":"purchasable","13":"product-type-simple"},"_links":{"self":[{"href":"https:\/\/nextsnkr.com\/no\/wp-json\/wp\/v2\/product\/661762","targetHints":{"allow":["GET"]}}],"collection":[{"href":"https:\/\/nextsnkr.com\/no\/wp-json\/wp\/v2\/product"}],"about":[{"href":"https:\/\/nextsnkr.com\/no\/wp-json\/wp\/v2\/types\/product"}],"replies":[{"embeddable":true,"href":"https:\/\/nextsnkr.com\/no\/wp-json\/wp\/v2\/comments?post=661762"}],"version-history":[{"count":0,"href":"https:\/\/nextsnkr.com\/no\/wp-json\/wp\/v2\/product\/661762\/revisions"}],"wp:featuredmedia":[{"embeddable":true,"href":"https:\/\/nextsnkr.com\/no\/wp-json\/wp\/v2\/media\/661765"}],"wp:attachment":[{"href":"https:\/\/nextsnkr.com\/no\/wp-json\/wp\/v2\/media?parent=661762"}],"wp:term":[{"taxonomy":"product_brand","embeddable":true,"href":"https:\/\/nextsnkr.com\/no\/wp-json\/wp\/v2\/product_brand?post=661762"},{"taxonomy":"product_cat","embeddable":true,"href":"https:\/\/nextsnkr.com\/no\/wp-json\/wp\/v2\/product_cat?post=661762"},{"taxonomy":"product_tag","embeddable":true,"href":"https:\/\/nextsnkr.com\/no\/wp-json\/wp\/v2\/product_tag?post=661762"}],"curies":[{"name":"wp","href":"https:\/\/api.w.org\/{rel}","templated":true}]}}