{"id":660770,"date":"2025-06-14T15:05:21","date_gmt":"2025-06-14T12:05:21","guid":{"rendered":"https:\/\/nextsnkr.com\/product\/dior-2\/"},"modified":"2026-02-01T13:32:23","modified_gmt":"2026-02-01T10:32:23","slug":"dior-2","status":"publish","type":"product","link":"https:\/\/nextsnkr.com\/no\/produkt\/dior-2\/","title":{"rendered":"Dior bag-stilig tekstilveske for kvinner"},"content":{"rendered":"<h2>Dior bag-stilig tekstilveske for kvinner<\/h2>\n<p>&nbsp;<\/p>\n<p>Dior-vesken er et elegant og moderne tilbeh\u00f8r laget av tekstiler av h\u00f8y kvalitet, preget av letthet og holdbarhet. Modellen har en allsidig design og utfyller perfekt b\u00e5de uformelt og mer raffinert utseende. Det praktiske formatet lar deg plassere alle n\u00f8dvendige ting, noe som gj\u00f8r posen til et praktisk valg for hver dag. Et ideelt alternativ for kvinner som setter pris P\u00e5 stilen, komforten og raffinementet Til Dior-merket.<\/p>\n","protected":false},"excerpt":{"rendered":"<p>Dior-vesken er et elegant og moderne tilbeh\u00f8r laget av tekstiler av h\u00f8y kvalitet, preget av letthet og holdbarhet. Modellen har en allsidig design og utfyller perfekt b\u00e5de uformelt og mer raffinert utseende. Det praktiske formatet lar deg plassere alle n\u00f8dvendige ting, noe som gj\u00f8r posen til et praktisk valg for hver dag. Et ideelt alternativ for kvinner som setter pris P\u00e5 stilen, komforten og raffinementet Til Dior-merket.<\/p>\n","protected":false},"featured_media":660775,"comment_status":"open","ping_status":"open","template":"","meta":[],"product_brand":[],"product_cat":[3277,3488],"product_tag":[],"class_list":{"0":"post-660770","1":"product","2":"type-product","3":"status-publish","4":"has-post-thumbnail","6":"product_cat-all-product","7":"product_cat-sumky","8":"pa_rozmir-20kh11kh2","10":"first","11":"instock","12":"purchasable","13":"product-type-simple"},"_links":{"self":[{"href":"https:\/\/nextsnkr.com\/no\/wp-json\/wp\/v2\/product\/660770","targetHints":{"allow":["GET"]}}],"collection":[{"href":"https:\/\/nextsnkr.com\/no\/wp-json\/wp\/v2\/product"}],"about":[{"href":"https:\/\/nextsnkr.com\/no\/wp-json\/wp\/v2\/types\/product"}],"replies":[{"embeddable":true,"href":"https:\/\/nextsnkr.com\/no\/wp-json\/wp\/v2\/comments?post=660770"}],"version-history":[{"count":0,"href":"https:\/\/nextsnkr.com\/no\/wp-json\/wp\/v2\/product\/660770\/revisions"}],"wp:featuredmedia":[{"embeddable":true,"href":"https:\/\/nextsnkr.com\/no\/wp-json\/wp\/v2\/media\/660775"}],"wp:attachment":[{"href":"https:\/\/nextsnkr.com\/no\/wp-json\/wp\/v2\/media?parent=660770"}],"wp:term":[{"taxonomy":"product_brand","embeddable":true,"href":"https:\/\/nextsnkr.com\/no\/wp-json\/wp\/v2\/product_brand?post=660770"},{"taxonomy":"product_cat","embeddable":true,"href":"https:\/\/nextsnkr.com\/no\/wp-json\/wp\/v2\/product_cat?post=660770"},{"taxonomy":"product_tag","embeddable":true,"href":"https:\/\/nextsnkr.com\/no\/wp-json\/wp\/v2\/product_tag?post=660770"}],"curies":[{"name":"wp","href":"https:\/\/api.w.org\/{rel}","templated":true}]}}