{"id":660410,"date":"2025-06-14T15:05:41","date_gmt":"2025-06-14T12:05:41","guid":{"rendered":"https:\/\/nextsnkr.com\/product\/yves-saint-laurent-2\/"},"modified":"2026-02-01T13:32:05","modified_gmt":"2026-02-01T10:32:05","slug":"yves-saint-laurent-2","status":"publish","type":"product","link":"https:\/\/nextsnkr.com\/no\/produkt\/yves-saint-laurent-2\/","title":{"rendered":"Yves Saint Laurent suede skulderveske"},"content":{"rendered":"<h2>Yves Saint Laurent suede skulderveske<\/h2>\n<p>&nbsp;<\/p>\n<p>Den uts\u00f8kte yves Saint Laurent-vesken er laget av semsket skinn av h\u00f8y kvalitet, noe som gir den en luksuri\u00f8s tekstur og elegant utseende. Modellen er preget av en romslig innvendig plass og bekvemmelighet i daglig bruk. Den klassiske designen kombineres enkelt med ethvert bilde, og understreker stilen og personligheten til eieren. Det perfekte valget for de som setter pris p\u00e5 f\u00f8rsteklasses materialer og sofistikert estetikk.<\/p>\n","protected":false},"excerpt":{"rendered":"<p>Den uts\u00f8kte yves Saint Laurent-vesken er laget av semsket skinn av h\u00f8y kvalitet, noe som gir den en luksuri\u00f8s tekstur og elegant utseende. Modellen er preget av en romslig innvendig plass og bekvemmelighet i daglig bruk. Den klassiske designen kombineres enkelt med ethvert bilde, og understreker stilen og personligheten til eieren. Det perfekte valget for de som setter pris p\u00e5 f\u00f8rsteklasses materialer og sofistikert estetikk.<\/p>\n","protected":false},"featured_media":660414,"comment_status":"open","ping_status":"open","template":"","meta":[],"product_brand":[],"product_cat":[3277,3488],"product_tag":[],"class_list":{"0":"post-660410","1":"product","2":"type-product","3":"status-publish","4":"has-post-thumbnail","6":"product_cat-all-product","7":"product_cat-sumky","8":"pa_rozmir-35kh16kh9","10":"first","11":"instock","12":"purchasable","13":"product-type-simple"},"_links":{"self":[{"href":"https:\/\/nextsnkr.com\/no\/wp-json\/wp\/v2\/product\/660410","targetHints":{"allow":["GET"]}}],"collection":[{"href":"https:\/\/nextsnkr.com\/no\/wp-json\/wp\/v2\/product"}],"about":[{"href":"https:\/\/nextsnkr.com\/no\/wp-json\/wp\/v2\/types\/product"}],"replies":[{"embeddable":true,"href":"https:\/\/nextsnkr.com\/no\/wp-json\/wp\/v2\/comments?post=660410"}],"version-history":[{"count":0,"href":"https:\/\/nextsnkr.com\/no\/wp-json\/wp\/v2\/product\/660410\/revisions"}],"wp:featuredmedia":[{"embeddable":true,"href":"https:\/\/nextsnkr.com\/no\/wp-json\/wp\/v2\/media\/660414"}],"wp:attachment":[{"href":"https:\/\/nextsnkr.com\/no\/wp-json\/wp\/v2\/media?parent=660410"}],"wp:term":[{"taxonomy":"product_brand","embeddable":true,"href":"https:\/\/nextsnkr.com\/no\/wp-json\/wp\/v2\/product_brand?post=660410"},{"taxonomy":"product_cat","embeddable":true,"href":"https:\/\/nextsnkr.com\/no\/wp-json\/wp\/v2\/product_cat?post=660410"},{"taxonomy":"product_tag","embeddable":true,"href":"https:\/\/nextsnkr.com\/no\/wp-json\/wp\/v2\/product_tag?post=660410"}],"curies":[{"name":"wp","href":"https:\/\/api.w.org\/{rel}","templated":true}]}}