{"id":660101,"date":"2025-06-14T15:05:47","date_gmt":"2025-06-14T12:05:47","guid":{"rendered":"https:\/\/nextsnkr.com\/product\/yves-saint-laurent\/"},"modified":"2026-02-01T13:31:53","modified_gmt":"2026-02-01T10:31:53","slug":"yves-saint-laurent","status":"publish","type":"product","link":"https:\/\/nextsnkr.com\/no\/produkt\/yves-saint-laurent\/","title":{"rendered":"Yves Saint Laurent \u00f8ko-l\u00e6rveske er en stilig klassisk modell"},"content":{"rendered":"<h2>Yves Saint Laurent \u00f8ko-l\u00e6rveske er en stilig klassisk modell<\/h2>\n<p>&nbsp;<\/p>\n<p>Yves Saint Laurent-vesken er laget av \u00f8ko-l\u00e6r av h\u00f8y kvalitet, og kombinerer elegant utseende og praktisk. Den konsise designen og den gjennomtenkte formen gj\u00f8r modellen allsidig for daglig bruk og spesielle anledninger. Det romslige indre rommet lar deg enkelt plassere alle n\u00f8dvendige ting. En stilig og moderne veske vil bli en vellykket aksent i garderoben og legge raffinement til bildet.<\/p>\n","protected":false},"excerpt":{"rendered":"<p>Yves Saint Laurent-vesken er laget av \u00f8ko-l\u00e6r av h\u00f8y kvalitet, og kombinerer elegant utseende og praktisk. Den konsise designen og den gjennomtenkte formen gj\u00f8r modellen allsidig for daglig bruk og spesielle anledninger. Det romslige indre rommet lar deg enkelt plassere alle n\u00f8dvendige ting. En stilig og moderne veske vil bli en vellykket aksent i garderoben og legge raffinement til bildet.<\/p>\n","protected":false},"featured_media":660102,"comment_status":"open","ping_status":"open","template":"","meta":[],"product_brand":[],"product_cat":[3277,3488],"product_tag":[],"class_list":{"0":"post-660101","1":"product","2":"type-product","3":"status-publish","4":"has-post-thumbnail","6":"product_cat-all-product","7":"product_cat-sumky","8":"pa_rozmir-22kh18","10":"first","11":"instock","12":"purchasable","13":"product-type-simple"},"_links":{"self":[{"href":"https:\/\/nextsnkr.com\/no\/wp-json\/wp\/v2\/product\/660101","targetHints":{"allow":["GET"]}}],"collection":[{"href":"https:\/\/nextsnkr.com\/no\/wp-json\/wp\/v2\/product"}],"about":[{"href":"https:\/\/nextsnkr.com\/no\/wp-json\/wp\/v2\/types\/product"}],"replies":[{"embeddable":true,"href":"https:\/\/nextsnkr.com\/no\/wp-json\/wp\/v2\/comments?post=660101"}],"version-history":[{"count":0,"href":"https:\/\/nextsnkr.com\/no\/wp-json\/wp\/v2\/product\/660101\/revisions"}],"wp:featuredmedia":[{"embeddable":true,"href":"https:\/\/nextsnkr.com\/no\/wp-json\/wp\/v2\/media\/660102"}],"wp:attachment":[{"href":"https:\/\/nextsnkr.com\/no\/wp-json\/wp\/v2\/media?parent=660101"}],"wp:term":[{"taxonomy":"product_brand","embeddable":true,"href":"https:\/\/nextsnkr.com\/no\/wp-json\/wp\/v2\/product_brand?post=660101"},{"taxonomy":"product_cat","embeddable":true,"href":"https:\/\/nextsnkr.com\/no\/wp-json\/wp\/v2\/product_cat?post=660101"},{"taxonomy":"product_tag","embeddable":true,"href":"https:\/\/nextsnkr.com\/no\/wp-json\/wp\/v2\/product_tag?post=660101"}],"curies":[{"name":"wp","href":"https:\/\/api.w.org\/{rel}","templated":true}]}}