{"id":660074,"date":"2025-06-14T15:06:10","date_gmt":"2025-06-14T12:06:10","guid":{"rendered":"https:\/\/nextsnkr.com\/product\/gucci\/"},"modified":"2026-02-01T13:31:49","modified_gmt":"2026-02-01T10:31:49","slug":"gucci","status":"publish","type":"product","link":"https:\/\/nextsnkr.com\/no\/produkt\/gucci\/","title":{"rendered":"Gucci belte-stilig menns og kvinners \u00f8ko-l\u00e6r"},"content":{"rendered":"<h2>Gucci belte-stilig menns og kvinners \u00f8ko-l\u00e6r<\/h2>\n<p>&nbsp;<\/p>\n<p>Gucci-beltet er et allsidig tilbeh\u00f8r som kombinerer stil, kvalitet og praktisk. Laget av \u00f8ko-l\u00e6r av h\u00f8y kvalitet, beholder det et attraktivt utseende og motstand mot slitasje. Den klassiske designen kombineres enkelt med uformelle og forretningskl\u00e6r, med vekt p\u00e5 individualitet og moderne stil. Det perfekte valget for de som leter etter et fasjonabelt Og p\u00e5litelig Gucci-belte til daglig bruk.<\/p>\n","protected":false},"excerpt":{"rendered":"<p>Gucci-beltet er et allsidig tilbeh\u00f8r som kombinerer stil, kvalitet og praktisk. Laget av \u00f8ko-l\u00e6r av h\u00f8y kvalitet, beholder det et attraktivt utseende og motstand mot slitasje. Den klassiske designen kombineres enkelt med uformelle og forretningskl\u00e6r, med vekt p\u00e5 individualitet og moderne stil. Det perfekte valget for de som leter etter et fasjonabelt Og p\u00e5litelig Gucci-belte til daglig bruk.<\/p>\n","protected":false},"featured_media":660075,"comment_status":"open","ping_status":"open","template":"","meta":[],"product_brand":[],"product_cat":[3277,3748],"product_tag":[],"class_list":{"0":"post-660074","1":"product","2":"type-product","3":"status-publish","4":"has-post-thumbnail","6":"product_cat-all-product","7":"product_cat-pojasi","8":"pa_rozmir-120-cm","10":"first","11":"instock","12":"purchasable","13":"product-type-simple"},"_links":{"self":[{"href":"https:\/\/nextsnkr.com\/no\/wp-json\/wp\/v2\/product\/660074","targetHints":{"allow":["GET"]}}],"collection":[{"href":"https:\/\/nextsnkr.com\/no\/wp-json\/wp\/v2\/product"}],"about":[{"href":"https:\/\/nextsnkr.com\/no\/wp-json\/wp\/v2\/types\/product"}],"replies":[{"embeddable":true,"href":"https:\/\/nextsnkr.com\/no\/wp-json\/wp\/v2\/comments?post=660074"}],"version-history":[{"count":0,"href":"https:\/\/nextsnkr.com\/no\/wp-json\/wp\/v2\/product\/660074\/revisions"}],"wp:featuredmedia":[{"embeddable":true,"href":"https:\/\/nextsnkr.com\/no\/wp-json\/wp\/v2\/media\/660075"}],"wp:attachment":[{"href":"https:\/\/nextsnkr.com\/no\/wp-json\/wp\/v2\/media?parent=660074"}],"wp:term":[{"taxonomy":"product_brand","embeddable":true,"href":"https:\/\/nextsnkr.com\/no\/wp-json\/wp\/v2\/product_brand?post=660074"},{"taxonomy":"product_cat","embeddable":true,"href":"https:\/\/nextsnkr.com\/no\/wp-json\/wp\/v2\/product_cat?post=660074"},{"taxonomy":"product_tag","embeddable":true,"href":"https:\/\/nextsnkr.com\/no\/wp-json\/wp\/v2\/product_tag?post=660074"}],"curies":[{"name":"wp","href":"https:\/\/api.w.org\/{rel}","templated":true}]}}