{"id":660046,"date":"2025-06-14T15:06:10","date_gmt":"2025-06-14T12:06:10","guid":{"rendered":"https:\/\/nextsnkr.com\/product\/yves-saint-laurent-3\/"},"modified":"2026-02-01T13:31:45","modified_gmt":"2026-02-01T10:31:45","slug":"yves-saint-laurent-3","status":"publish","type":"product","link":"https:\/\/nextsnkr.com\/no\/produkt\/yves-saint-laurent-3\/","title":{"rendered":"Yves Saint Laurent bag er en stilig dameveske laget av \u00f8ko-l\u00e6r"},"content":{"rendered":"<h2>Yves Saint Laurent bag er en stilig dameveske laget av \u00f8ko-l\u00e6r<\/h2>\n<p>&nbsp;<\/p>\n<p>Den elegante yves Saint Laurent-vesken er laget av \u00f8ko-l\u00e6r av h\u00f8y kvalitet, som gir en behagelig tekstur, holdbarhet og motstand mot daglig bruk. Den lakoniske designen gj\u00f8r tilbeh\u00f8ret til et allsidig tillegg til uformelt og kveldsutseende. Det praktiske formatet lar deg komfortabelt plassere de n\u00f8dvendige tingene, og den pene designen understreker raffinementet til modellen. Velg En yves Saint Laurent-veske for up\u00e5klagelig stil hver dag.<\/p>\n","protected":false},"excerpt":{"rendered":"<p>Den elegante yves Saint Laurent-vesken er laget av \u00f8ko-l\u00e6r av h\u00f8y kvalitet, som gir en behagelig tekstur, holdbarhet og motstand mot daglig bruk. Den lakoniske designen gj\u00f8r tilbeh\u00f8ret til et allsidig tillegg til uformelt og kveldsutseende. Det praktiske formatet lar deg komfortabelt plassere de n\u00f8dvendige tingene, og den pene designen understreker raffinementet til modellen. Velg En yves Saint Laurent-veske for up\u00e5klagelig stil hver dag.<\/p>\n","protected":false},"featured_media":660047,"comment_status":"open","ping_status":"open","template":"","meta":[],"product_brand":[],"product_cat":[3277,3488],"product_tag":[],"class_list":{"0":"post-660046","1":"product","2":"type-product","3":"status-publish","4":"has-post-thumbnail","6":"product_cat-all-product","7":"product_cat-sumky","8":"pa_rozmir-3765","10":"first","11":"instock","12":"purchasable","13":"product-type-simple"},"_links":{"self":[{"href":"https:\/\/nextsnkr.com\/no\/wp-json\/wp\/v2\/product\/660046","targetHints":{"allow":["GET"]}}],"collection":[{"href":"https:\/\/nextsnkr.com\/no\/wp-json\/wp\/v2\/product"}],"about":[{"href":"https:\/\/nextsnkr.com\/no\/wp-json\/wp\/v2\/types\/product"}],"replies":[{"embeddable":true,"href":"https:\/\/nextsnkr.com\/no\/wp-json\/wp\/v2\/comments?post=660046"}],"version-history":[{"count":0,"href":"https:\/\/nextsnkr.com\/no\/wp-json\/wp\/v2\/product\/660046\/revisions"}],"wp:featuredmedia":[{"embeddable":true,"href":"https:\/\/nextsnkr.com\/no\/wp-json\/wp\/v2\/media\/660047"}],"wp:attachment":[{"href":"https:\/\/nextsnkr.com\/no\/wp-json\/wp\/v2\/media?parent=660046"}],"wp:term":[{"taxonomy":"product_brand","embeddable":true,"href":"https:\/\/nextsnkr.com\/no\/wp-json\/wp\/v2\/product_brand?post=660046"},{"taxonomy":"product_cat","embeddable":true,"href":"https:\/\/nextsnkr.com\/no\/wp-json\/wp\/v2\/product_cat?post=660046"},{"taxonomy":"product_tag","embeddable":true,"href":"https:\/\/nextsnkr.com\/no\/wp-json\/wp\/v2\/product_tag?post=660046"}],"curies":[{"name":"wp","href":"https:\/\/api.w.org\/{rel}","templated":true}]}}