{"id":658931,"date":"2025-06-14T21:33:13","date_gmt":"2025-06-14T18:33:13","guid":{"rendered":"https:\/\/nextsnkr.com\/product\/ugg-classic-short-dark-brown-rasprodazha\/"},"modified":"2026-02-01T13:31:01","modified_gmt":"2026-02-01T10:31:01","slug":"ugg-classic-short-dark-brown-rasprodazha","status":"publish","type":"product","link":"https:\/\/nextsnkr.com\/no\/produkt\/ugg-classic-short-dark-brown-rasprodazha\/","title":{"rendered":"UGG Classic Short Dark Brown-suede korte st\u00f8vler med pels"},"content":{"rendered":"<h2>UGG Classic Short Dark Brown-suede korte st\u00f8vler med pels<\/h2>\n<p>&nbsp;<\/p>\n<p>UGG Classic Short Dark Brown boots er laget av semsket skinn av h\u00f8y kvalitet og isolert med myk fuskepels, noe som gir varme og komfort i den kalde \u00e5rstiden. Den korte modellen er behagelig for daglig bruk og kan enkelt kombineres med alle kl\u00e6r. Den klassiske m\u00f8rkebrune fargen gir eleganse og allsidighet til utseendet. Produsenten er Australia. Velg UGG Classic Short for komfort, stil og p\u00e5litelig beskyttelse mot kulde.<\/p>\n","protected":false},"excerpt":{"rendered":"<p>UGG Classic Short Dark Brown boots er laget av semsket skinn av h\u00f8y kvalitet og isolert med myk fuskepels, noe som gir varme og komfort i den kalde \u00e5rstiden. Den korte modellen er behagelig for daglig bruk og kan enkelt kombineres med alle kl\u00e6r. Den klassiske m\u00f8rkebrune fargen gir eleganse og allsidighet til utseendet. Produsenten er Australia. Velg UGG Classic Short for komfort, stil og p\u00e5litelig beskyttelse mot kulde.<\/p>\n","protected":false},"featured_media":658932,"comment_status":"open","ping_status":"open","template":"","meta":[],"product_brand":[],"product_cat":[3413,3277],"product_tag":[],"class_list":{"0":"post-658931","1":"product","2":"type-product","3":"status-publish","4":"has-post-thumbnail","6":"product_cat-ugg","7":"product_cat-all-product","8":"pa_rozmir-923","9":"pa_rozmir-910","10":"pa_rozmir-912","11":"pa_rozmir-914","12":"pa_rozmir-915","13":"pa_rozmir-916","14":"pa_rozmir-917","15":"pa_rozmir-918","16":"pa_rozmir-919","17":"pa_rozmir-920","18":"pa_rozmir-921","20":"first","21":"onbackorder","22":"purchasable","23":"product-type-variable"},"_links":{"self":[{"href":"https:\/\/nextsnkr.com\/no\/wp-json\/wp\/v2\/product\/658931","targetHints":{"allow":["GET"]}}],"collection":[{"href":"https:\/\/nextsnkr.com\/no\/wp-json\/wp\/v2\/product"}],"about":[{"href":"https:\/\/nextsnkr.com\/no\/wp-json\/wp\/v2\/types\/product"}],"replies":[{"embeddable":true,"href":"https:\/\/nextsnkr.com\/no\/wp-json\/wp\/v2\/comments?post=658931"}],"version-history":[{"count":0,"href":"https:\/\/nextsnkr.com\/no\/wp-json\/wp\/v2\/product\/658931\/revisions"}],"wp:featuredmedia":[{"embeddable":true,"href":"https:\/\/nextsnkr.com\/no\/wp-json\/wp\/v2\/media\/658932"}],"wp:attachment":[{"href":"https:\/\/nextsnkr.com\/no\/wp-json\/wp\/v2\/media?parent=658931"}],"wp:term":[{"taxonomy":"product_brand","embeddable":true,"href":"https:\/\/nextsnkr.com\/no\/wp-json\/wp\/v2\/product_brand?post=658931"},{"taxonomy":"product_cat","embeddable":true,"href":"https:\/\/nextsnkr.com\/no\/wp-json\/wp\/v2\/product_cat?post=658931"},{"taxonomy":"product_tag","embeddable":true,"href":"https:\/\/nextsnkr.com\/no\/wp-json\/wp\/v2\/product_tag?post=658931"}],"curies":[{"name":"wp","href":"https:\/\/api.w.org\/{rel}","templated":true}]}}