{"id":657231,"date":"2025-06-14T21:41:14","date_gmt":"2025-06-14T18:41:14","guid":{"rendered":"https:\/\/nextsnkr.com\/product\/ugg-bailey-button-triplet-ii-light-shade-rasprodazha\/"},"modified":"2026-02-01T13:30:11","modified_gmt":"2026-02-01T10:30:11","slug":"ugg-bailey-button-triplet-ii-light-shade-rasprodazha","status":"publish","type":"product","link":"https:\/\/nextsnkr.com\/no\/produkt\/ugg-bailey-button-triplet-ii-light-shade-rasprodazha\/","title":{"rendered":"UGG St\u00f8vler UGG Bailey Knappen Triplet II Lys Skygge Semsket Kvinner"},"content":{"rendered":"<h2>UGG St\u00f8vler UGG Bailey Knappen Triplet II Lys Skygge Semsket Kvinner<\/h2>\n<p>&nbsp;<\/p>\n<p>UGG Bailey Button Triplet II Lys Skygge UGG boots er varme og komfortable vinterst\u00f8vler for daglig slitasje. Laget av semsket skinn og fuskepels av h\u00f8y kvalitet, gir de varme, mykhet og en behagelig passform p\u00e5 foten. Den Lyse Skyggen gir \u00f8mhet i utseendet og kombineres enkelt med hvilken som helst vintergarderobe. Laget I Australia, disse UGG st\u00f8vlene har premium kvalitet, stilig design og funksjonalitet for den kalde \u00e5rstiden.<\/p>\n","protected":false},"excerpt":{"rendered":"<p>UGG Bailey Button Triplet II Lys Skygge UGG boots er varme og komfortable vinterst\u00f8vler for daglig slitasje. Laget av semsket skinn og fuskepels av h\u00f8y kvalitet, gir de varme, mykhet og en behagelig passform p\u00e5 foten. Den Lyse Skyggen gir \u00f8mhet i utseendet og kombineres enkelt med hvilken som helst vintergarderobe. Laget I Australia, disse UGG st\u00f8vlene har premium kvalitet, stilig design og funksjonalitet for den kalde \u00e5rstiden.<\/p>\n","protected":false},"featured_media":657232,"comment_status":"open","ping_status":"open","template":"","meta":[],"product_brand":[],"product_cat":[3413,3277],"product_tag":[],"class_list":{"0":"post-657231","1":"product","2":"type-product","3":"status-publish","4":"has-post-thumbnail","6":"product_cat-ugg","7":"product_cat-all-product","8":"pa_rozmir-923","9":"pa_rozmir-910","10":"pa_rozmir-912","11":"pa_rozmir-914","12":"pa_rozmir-915","13":"pa_rozmir-916","14":"pa_rozmir-917","15":"pa_rozmir-918","16":"pa_rozmir-919","17":"pa_rozmir-920","18":"pa_rozmir-921","20":"first","21":"onbackorder","22":"purchasable","23":"product-type-variable"},"_links":{"self":[{"href":"https:\/\/nextsnkr.com\/no\/wp-json\/wp\/v2\/product\/657231","targetHints":{"allow":["GET"]}}],"collection":[{"href":"https:\/\/nextsnkr.com\/no\/wp-json\/wp\/v2\/product"}],"about":[{"href":"https:\/\/nextsnkr.com\/no\/wp-json\/wp\/v2\/types\/product"}],"replies":[{"embeddable":true,"href":"https:\/\/nextsnkr.com\/no\/wp-json\/wp\/v2\/comments?post=657231"}],"version-history":[{"count":0,"href":"https:\/\/nextsnkr.com\/no\/wp-json\/wp\/v2\/product\/657231\/revisions"}],"wp:featuredmedia":[{"embeddable":true,"href":"https:\/\/nextsnkr.com\/no\/wp-json\/wp\/v2\/media\/657232"}],"wp:attachment":[{"href":"https:\/\/nextsnkr.com\/no\/wp-json\/wp\/v2\/media?parent=657231"}],"wp:term":[{"taxonomy":"product_brand","embeddable":true,"href":"https:\/\/nextsnkr.com\/no\/wp-json\/wp\/v2\/product_brand?post=657231"},{"taxonomy":"product_cat","embeddable":true,"href":"https:\/\/nextsnkr.com\/no\/wp-json\/wp\/v2\/product_cat?post=657231"},{"taxonomy":"product_tag","embeddable":true,"href":"https:\/\/nextsnkr.com\/no\/wp-json\/wp\/v2\/product_tag?post=657231"}],"curies":[{"name":"wp","href":"https:\/\/api.w.org\/{rel}","templated":true}]}}