{"id":656551,"date":"2025-06-14T21:44:35","date_gmt":"2025-06-14T18:44:35","guid":{"rendered":"https:\/\/nextsnkr.com\/product\/ugg-bailey-bow-gray-rasprodazha\/"},"modified":"2026-02-01T13:29:52","modified_gmt":"2026-02-01T10:29:52","slug":"ugg-bailey-bow-gray-rasprodazha","status":"publish","type":"product","link":"https:\/\/nextsnkr.com\/no\/produkt\/ugg-bailey-bow-gray-rasprodazha\/","title":{"rendered":"UGG Bailey Bow Gr\u00e5 boots-semsket skinn og pels kvinners vinterst\u00f8vler"},"content":{"rendered":"<h2>UGG Bailey Bow Gr\u00e5 boots-semsket skinn og pels kvinners vinterst\u00f8vler<\/h2>\n<p>&nbsp;<\/p>\n<p>UGG Bailey Bow Gr\u00e5 st\u00f8vler er stilige og varme sko for den kalde \u00e5rstiden. Laget av myk semsket skinn og fuskepels, gir de komfort, varme og holdbarhet. Den lakoniske gr\u00e5 fargen passer lett til ethvert antrekk, og den dekorative sl\u00f8yfen gir femininitet og eleganse. Laget I Australia, disse st\u00f8vlene er av h\u00f8y kvalitet og praktisk. Velg UGG Bailey Bow Gray-komfort, stil og varme i hvert trinn.<\/p>\n","protected":false},"excerpt":{"rendered":"<p>UGG Bailey Bow Gr\u00e5 st\u00f8vler er stilige og varme sko for den kalde \u00e5rstiden. Laget av myk semsket skinn og fuskepels, gir de komfort, varme og holdbarhet. Den lakoniske gr\u00e5 fargen passer lett til ethvert antrekk, og den dekorative sl\u00f8yfen gir femininitet og eleganse. Laget I Australia, disse st\u00f8vlene er av h\u00f8y kvalitet og praktisk. Velg UGG Bailey Bow Gray-komfort, stil og varme i hvert trinn.<\/p>\n","protected":false},"featured_media":656552,"comment_status":"open","ping_status":"open","template":"","meta":[],"product_brand":[],"product_cat":[3413,3277],"product_tag":[],"class_list":{"0":"post-656551","1":"product","2":"type-product","3":"status-publish","4":"has-post-thumbnail","6":"product_cat-ugg","7":"product_cat-all-product","8":"pa_rozmir-923","9":"pa_rozmir-910","10":"pa_rozmir-912","11":"pa_rozmir-914","12":"pa_rozmir-915","13":"pa_rozmir-916","14":"pa_rozmir-917","15":"pa_rozmir-918","16":"pa_rozmir-919","17":"pa_rozmir-920","18":"pa_rozmir-921","20":"first","21":"onbackorder","22":"purchasable","23":"product-type-variable"},"_links":{"self":[{"href":"https:\/\/nextsnkr.com\/no\/wp-json\/wp\/v2\/product\/656551","targetHints":{"allow":["GET"]}}],"collection":[{"href":"https:\/\/nextsnkr.com\/no\/wp-json\/wp\/v2\/product"}],"about":[{"href":"https:\/\/nextsnkr.com\/no\/wp-json\/wp\/v2\/types\/product"}],"replies":[{"embeddable":true,"href":"https:\/\/nextsnkr.com\/no\/wp-json\/wp\/v2\/comments?post=656551"}],"version-history":[{"count":0,"href":"https:\/\/nextsnkr.com\/no\/wp-json\/wp\/v2\/product\/656551\/revisions"}],"wp:featuredmedia":[{"embeddable":true,"href":"https:\/\/nextsnkr.com\/no\/wp-json\/wp\/v2\/media\/656552"}],"wp:attachment":[{"href":"https:\/\/nextsnkr.com\/no\/wp-json\/wp\/v2\/media?parent=656551"}],"wp:term":[{"taxonomy":"product_brand","embeddable":true,"href":"https:\/\/nextsnkr.com\/no\/wp-json\/wp\/v2\/product_brand?post=656551"},{"taxonomy":"product_cat","embeddable":true,"href":"https:\/\/nextsnkr.com\/no\/wp-json\/wp\/v2\/product_cat?post=656551"},{"taxonomy":"product_tag","embeddable":true,"href":"https:\/\/nextsnkr.com\/no\/wp-json\/wp\/v2\/product_tag?post=656551"}],"curies":[{"name":"wp","href":"https:\/\/api.w.org\/{rel}","templated":true}]}}