{"id":655990,"date":"2025-06-16T18:36:26","date_gmt":"2025-06-16T15:36:26","guid":{"rendered":"https:\/\/nextsnkr.com\/product\/adidas-yeezy-boost-350-v2-beluga\/"},"modified":"2026-02-01T13:29:34","modified_gmt":"2026-02-01T10:29:34","slug":"adidas-yeezy-boost-350-v2-beluga","status":"publish","type":"product","link":"https:\/\/nextsnkr.com\/no\/produkt\/adidas-yeezy-boost-350-v2-beluga\/","title":{"rendered":"Adidas Yeezy Boost 350 V2 Beluga tekstil joggesko-stil og komfort"},"content":{"rendered":"<h2>Adidas Yeezy Boost 350 V2 Beluga tekstil joggesko-stil og komfort<\/h2>\n<p>&nbsp;<\/p>\n<p>Adidas Yeezy Boost 350 V2 Beluga er en f\u00f8rsteklasses l\u00f8pesko i tekstil som gir letthet, komfort og utmerket ventilasjon for daglig bruk. Modellen har en gjenkjennelig design og en moderne gr\u00e5 farge med lyse aksenter, noe som gir unikhet til bildet. DEN st\u00f8tdempende BOOST ytters\u00e5len garanterer myk gange og fotst\u00f8tte. Disse Adidas Yeezy-joggeskoene er laget p\u00e5 en fabrikk I Vietnam, og kombinerer stil, funksjonalitet og f\u00f8rsteklasses kvalitet for et aktivt byliv.<\/p>\n","protected":false},"excerpt":{"rendered":"<p>Adidas Yeezy Boost 350 V2 Beluga er en f\u00f8rsteklasses l\u00f8pesko i tekstil som gir letthet, komfort og utmerket ventilasjon for daglig bruk. Modellen har en gjenkjennelig design og en moderne gr\u00e5 farge med lyse aksenter, noe som gir unikhet til bildet. DEN st\u00f8tdempende BOOST ytters\u00e5len garanterer myk gange og fotst\u00f8tte. Disse Adidas Yeezy-joggeskoene er laget p\u00e5 en fabrikk I Vietnam, og kombinerer stil, funksjonalitet og f\u00f8rsteklasses kvalitet for et aktivt byliv.<\/p>\n","protected":false},"featured_media":655991,"comment_status":"open","ping_status":"open","template":"","meta":[],"product_brand":[],"product_cat":[3402,3277,3278],"product_tag":[],"class_list":{"0":"post-655990","1":"product","2":"type-product","3":"status-publish","4":"has-post-thumbnail","6":"product_cat-adidas-yeezy","7":"product_cat-all-product","8":"product_cat-krosivky","9":"pa_rozmir-910","10":"pa_rozmir-912","11":"pa_rozmir-914","12":"pa_rozmir-915","13":"pa_rozmir-916","14":"pa_rozmir-917","15":"pa_rozmir-918","16":"pa_rozmir-919","17":"pa_rozmir-920","18":"pa_rozmir-921","19":"pa_rozmir-922","21":"first","22":"onbackorder","23":"purchasable","24":"product-type-variable"},"_links":{"self":[{"href":"https:\/\/nextsnkr.com\/no\/wp-json\/wp\/v2\/product\/655990","targetHints":{"allow":["GET"]}}],"collection":[{"href":"https:\/\/nextsnkr.com\/no\/wp-json\/wp\/v2\/product"}],"about":[{"href":"https:\/\/nextsnkr.com\/no\/wp-json\/wp\/v2\/types\/product"}],"replies":[{"embeddable":true,"href":"https:\/\/nextsnkr.com\/no\/wp-json\/wp\/v2\/comments?post=655990"}],"version-history":[{"count":0,"href":"https:\/\/nextsnkr.com\/no\/wp-json\/wp\/v2\/product\/655990\/revisions"}],"wp:featuredmedia":[{"embeddable":true,"href":"https:\/\/nextsnkr.com\/no\/wp-json\/wp\/v2\/media\/655991"}],"wp:attachment":[{"href":"https:\/\/nextsnkr.com\/no\/wp-json\/wp\/v2\/media?parent=655990"}],"wp:term":[{"taxonomy":"product_brand","embeddable":true,"href":"https:\/\/nextsnkr.com\/no\/wp-json\/wp\/v2\/product_brand?post=655990"},{"taxonomy":"product_cat","embeddable":true,"href":"https:\/\/nextsnkr.com\/no\/wp-json\/wp\/v2\/product_cat?post=655990"},{"taxonomy":"product_tag","embeddable":true,"href":"https:\/\/nextsnkr.com\/no\/wp-json\/wp\/v2\/product_tag?post=655990"}],"curies":[{"name":"wp","href":"https:\/\/api.w.org\/{rel}","templated":true}]}}