{"id":653955,"date":"2025-06-14T15:08:13","date_gmt":"2025-06-14T12:08:13","guid":{"rendered":"https:\/\/nextsnkr.com\/product\/nike-air-force-1-low-black\/"},"modified":"2026-02-01T13:28:26","modified_gmt":"2026-02-01T10:28:26","slug":"nike-air-force-1-low-black","status":"publish","type":"product","link":"https:\/\/nextsnkr.com\/no\/produkt\/nike-air-force-1-low-black\/","title":{"rendered":"Nike Air Force 1 Low Svart Sko-svart skinn sko"},"content":{"rendered":"<h2>Nike Air Force 1 Low Svart Sko-svart skinn sko<\/h2>\n<p>&nbsp;<\/p>\n<p>Nike Air Force 1 Low Black sneakers er laget av ekte l\u00e6r av h\u00f8y kvalitet, som gir holdbarhet, komfort og et stilig utseende. Den klassiske svarte designen gj\u00f8r modellen allsidig for ethvert utseende, og den myke s\u00e5len garanterer demping og st\u00f8tte under daglig bruk. Disse legendariske Nike-skoene kombinerer f\u00f8rsteklasses materialer, komfort og gjenkjennelig stil \u2014 det perfekte valget for urban rytme.<\/p>\n","protected":false},"excerpt":{"rendered":"<p>Nike Air Force 1 Low Black sneakers er laget av ekte l\u00e6r av h\u00f8y kvalitet, som gir holdbarhet, komfort og et stilig utseende. Den klassiske svarte designen gj\u00f8r modellen allsidig for ethvert utseende, og den myke s\u00e5len garanterer demping og st\u00f8tte under daglig bruk. Disse legendariske Nike-skoene kombinerer f\u00f8rsteklasses materialer, komfort og gjenkjennelig stil \u2014 det perfekte valget for urban rytme.<\/p>\n","protected":false},"featured_media":653956,"comment_status":"open","ping_status":"open","template":"","meta":[],"product_brand":[],"product_cat":[3277,3324],"product_tag":[],"class_list":{"0":"post-653955","1":"product","2":"type-product","3":"status-publish","4":"has-post-thumbnail","6":"product_cat-all-product","7":"product_cat-kedy","8":"pa_rozmir-910","9":"pa_rozmir-912","10":"pa_rozmir-914","11":"pa_rozmir-915","12":"pa_rozmir-916","13":"pa_rozmir-917","14":"pa_rozmir-918","15":"pa_rozmir-919","16":"pa_rozmir-920","17":"pa_rozmir-921","18":"pa_rozmir-922","20":"first","21":"instock","22":"purchasable","23":"product-type-variable"},"_links":{"self":[{"href":"https:\/\/nextsnkr.com\/no\/wp-json\/wp\/v2\/product\/653955","targetHints":{"allow":["GET"]}}],"collection":[{"href":"https:\/\/nextsnkr.com\/no\/wp-json\/wp\/v2\/product"}],"about":[{"href":"https:\/\/nextsnkr.com\/no\/wp-json\/wp\/v2\/types\/product"}],"replies":[{"embeddable":true,"href":"https:\/\/nextsnkr.com\/no\/wp-json\/wp\/v2\/comments?post=653955"}],"version-history":[{"count":0,"href":"https:\/\/nextsnkr.com\/no\/wp-json\/wp\/v2\/product\/653955\/revisions"}],"wp:featuredmedia":[{"embeddable":true,"href":"https:\/\/nextsnkr.com\/no\/wp-json\/wp\/v2\/media\/653956"}],"wp:attachment":[{"href":"https:\/\/nextsnkr.com\/no\/wp-json\/wp\/v2\/media?parent=653955"}],"wp:term":[{"taxonomy":"product_brand","embeddable":true,"href":"https:\/\/nextsnkr.com\/no\/wp-json\/wp\/v2\/product_brand?post=653955"},{"taxonomy":"product_cat","embeddable":true,"href":"https:\/\/nextsnkr.com\/no\/wp-json\/wp\/v2\/product_cat?post=653955"},{"taxonomy":"product_tag","embeddable":true,"href":"https:\/\/nextsnkr.com\/no\/wp-json\/wp\/v2\/product_tag?post=653955"}],"curies":[{"name":"wp","href":"https:\/\/api.w.org\/{rel}","templated":true}]}}