{"id":651615,"date":"2025-06-14T15:11:15","date_gmt":"2025-06-14T12:11:15","guid":{"rendered":"https:\/\/nextsnkr.com\/product\/air-force-1-swoosh-white\/"},"modified":"2026-02-01T13:27:11","modified_gmt":"2026-02-01T10:27:11","slug":"air-force-1-swoosh-white","status":"publish","type":"product","link":"https:\/\/nextsnkr.com\/no\/produkt\/air-force-1-swoosh-white\/","title":{"rendered":"Billige kj\u00f8pe nike Air Force 1 Swoosh Hvit sko salg p\u00e5 nett"},"content":{"rendered":"<h2>Billige kj\u00f8pe nike Air Force 1 Swoosh Hvit sko salg p\u00e5 nett<\/h2>\n<p>&nbsp;<\/p>\n<p>Air Force 1 Swoosh Hvite joggesko er en stilig og allsidig modell laget av ekte skinn, som gir komfort og holdbarhet. Den klassiske hvite Swoosh-designen passer for ethvert utseende, fra sporty til uformell. Den slitesterke s\u00e5len og den komfortable passformen garanterer komfort under daglig bruk. Et ideelt valg for de som setter pris p\u00e5 kvalitet, stil og praktisk i sko.<\/p>\n","protected":false},"excerpt":{"rendered":"<p>Air Force 1 Swoosh Hvite joggesko er en stilig og allsidig modell laget av ekte skinn, som gir komfort og holdbarhet. Den klassiske hvite Swoosh-designen passer for ethvert utseende, fra sporty til uformell. Den slitesterke s\u00e5len og den komfortable passformen garanterer komfort under daglig bruk. Et ideelt valg for de som setter pris p\u00e5 kvalitet, stil og praktisk i sko.<\/p>\n","protected":false},"featured_media":651619,"comment_status":"open","ping_status":"open","template":"","meta":[],"product_brand":[],"product_cat":[3277,3324],"product_tag":[],"class_list":{"0":"post-651615","1":"product","2":"type-product","3":"status-publish","4":"has-post-thumbnail","6":"product_cat-all-product","7":"product_cat-kedy","8":"pa_rozmir-910","9":"pa_rozmir-912","10":"pa_rozmir-914","11":"pa_rozmir-915","12":"pa_rozmir-916","13":"pa_rozmir-917","14":"pa_rozmir-918","15":"pa_rozmir-919","16":"pa_rozmir-920","17":"pa_rozmir-921","18":"pa_rozmir-922","20":"first","21":"instock","22":"purchasable","23":"product-type-variable"},"_links":{"self":[{"href":"https:\/\/nextsnkr.com\/no\/wp-json\/wp\/v2\/product\/651615","targetHints":{"allow":["GET"]}}],"collection":[{"href":"https:\/\/nextsnkr.com\/no\/wp-json\/wp\/v2\/product"}],"about":[{"href":"https:\/\/nextsnkr.com\/no\/wp-json\/wp\/v2\/types\/product"}],"replies":[{"embeddable":true,"href":"https:\/\/nextsnkr.com\/no\/wp-json\/wp\/v2\/comments?post=651615"}],"version-history":[{"count":0,"href":"https:\/\/nextsnkr.com\/no\/wp-json\/wp\/v2\/product\/651615\/revisions"}],"wp:featuredmedia":[{"embeddable":true,"href":"https:\/\/nextsnkr.com\/no\/wp-json\/wp\/v2\/media\/651619"}],"wp:attachment":[{"href":"https:\/\/nextsnkr.com\/no\/wp-json\/wp\/v2\/media?parent=651615"}],"wp:term":[{"taxonomy":"product_brand","embeddable":true,"href":"https:\/\/nextsnkr.com\/no\/wp-json\/wp\/v2\/product_brand?post=651615"},{"taxonomy":"product_cat","embeddable":true,"href":"https:\/\/nextsnkr.com\/no\/wp-json\/wp\/v2\/product_cat?post=651615"},{"taxonomy":"product_tag","embeddable":true,"href":"https:\/\/nextsnkr.com\/no\/wp-json\/wp\/v2\/product_tag?post=651615"}],"curies":[{"name":"wp","href":"https:\/\/api.w.org\/{rel}","templated":true}]}}