{"id":651411,"date":"2025-06-16T18:53:23","date_gmt":"2025-06-16T15:53:23","guid":{"rendered":"https:\/\/nextsnkr.com\/product\/sale-dr-martens-jadon-white-black-z-zastibkoiu\/"},"modified":"2026-02-01T13:27:06","modified_gmt":"2026-02-01T10:27:06","slug":"sale-dr-martens-jadon-white-black-z-zastibkoiu","status":"publish","type":"product","link":"https:\/\/nextsnkr.com\/no\/produkt\/sale-dr-martens-jadon-white-black-z-zastibkoiu\/","title":{"rendered":"Dr. Martens Jadon hvit \/ Svart st\u00f8vletter-dame-st\u00f8vler &#038; boots med h\u00f8ye h\u00e6ler &#8211; &#8230;"},"content":{"rendered":"<h2>Dr. Martens Jadon hvit \/ Svart st\u00f8vletter-dame-st\u00f8vler &#038; boots med h\u00f8ye h\u00e6ler &#8211; &#8230;<\/h2>\n<p>&nbsp;<\/p>\n<p>Dr. Martens Jadon White \/ Black er ikoniske st\u00f8vler laget av mykt skinn av h\u00f8y kvalitet, som kombinerer stil, komfort og holdbarhet. Modellen er utstyrt med en praktisk l\u00e5s og en klassisk kombinasjon av hvite og svarte farger, med vekt p\u00e5 individuell stil. Produsert i fabrikken Vietnam, er Jadon st\u00f8vler preget av sine slitesterke s\u00e5ler, komfortabel passform og legendariske Dr. Martens merkevarekvalitet. Det perfekte valget for daglig bruk, turg\u00e5ing og skape et levende urbant utseende.<\/p>\n","protected":false},"excerpt":{"rendered":"<p>Dr. Martens Jadon White \/ Black er ikoniske st\u00f8vler laget av mykt skinn av h\u00f8y kvalitet, som kombinerer stil, komfort og holdbarhet. Modellen er utstyrt med en praktisk l\u00e5s og en klassisk kombinasjon av hvite og svarte farger, med vekt p\u00e5 individuell stil. Produsert i fabrikken Vietnam, er Jadon st\u00f8vler preget av sine slitesterke s\u00e5ler, komfortabel passform og legendariske Dr. Martens merkevarekvalitet. Det perfekte valget for daglig bruk, turg\u00e5ing og skape et levende urbant utseende.<\/p>\n","protected":false},"featured_media":651412,"comment_status":"open","ping_status":"open","template":"","meta":[],"product_brand":[2398],"product_cat":[3622,3277,3337],"product_tag":[],"class_list":{"0":"post-651411","1":"product","2":"type-product","3":"status-publish","4":"has-post-thumbnail","6":"product_brand-dr-martens","7":"product_cat-dr-martens","8":"product_cat-all-product","9":"product_cat-cherevyky","10":"pa_rozmir-910","11":"pa_rozmir-912","12":"pa_rozmir-914","13":"pa_rozmir-915","14":"pa_rozmir-916","15":"pa_rozmir-917","16":"pa_rozmir-918","17":"pa_rozmir-919","18":"pa_rozmir-920","19":"pa_rozmir-921","20":"pa_rozmir-922","22":"first","23":"onbackorder","24":"purchasable","25":"product-type-variable"},"_links":{"self":[{"href":"https:\/\/nextsnkr.com\/no\/wp-json\/wp\/v2\/product\/651411","targetHints":{"allow":["GET"]}}],"collection":[{"href":"https:\/\/nextsnkr.com\/no\/wp-json\/wp\/v2\/product"}],"about":[{"href":"https:\/\/nextsnkr.com\/no\/wp-json\/wp\/v2\/types\/product"}],"replies":[{"embeddable":true,"href":"https:\/\/nextsnkr.com\/no\/wp-json\/wp\/v2\/comments?post=651411"}],"version-history":[{"count":0,"href":"https:\/\/nextsnkr.com\/no\/wp-json\/wp\/v2\/product\/651411\/revisions"}],"wp:featuredmedia":[{"embeddable":true,"href":"https:\/\/nextsnkr.com\/no\/wp-json\/wp\/v2\/media\/651412"}],"wp:attachment":[{"href":"https:\/\/nextsnkr.com\/no\/wp-json\/wp\/v2\/media?parent=651411"}],"wp:term":[{"taxonomy":"product_brand","embeddable":true,"href":"https:\/\/nextsnkr.com\/no\/wp-json\/wp\/v2\/product_brand?post=651411"},{"taxonomy":"product_cat","embeddable":true,"href":"https:\/\/nextsnkr.com\/no\/wp-json\/wp\/v2\/product_cat?post=651411"},{"taxonomy":"product_tag","embeddable":true,"href":"https:\/\/nextsnkr.com\/no\/wp-json\/wp\/v2\/product_tag?post=651411"}],"curies":[{"name":"wp","href":"https:\/\/api.w.org\/{rel}","templated":true}]}}