{"id":650901,"date":"2025-06-16T18:55:02","date_gmt":"2025-06-16T15:55:02","guid":{"rendered":"https:\/\/nextsnkr.com\/product\/new-balance-530-white-silver\/"},"modified":"2026-02-01T13:26:53","modified_gmt":"2026-02-01T10:26:53","slug":"new-balance-530-white-silver","status":"publish","type":"product","link":"https:\/\/nextsnkr.com\/no\/produkt\/new-balance-530-white-silver\/","title":{"rendered":"New Balance 530 hvit \/ S\u00f8lv sneakers-menn"},"content":{"rendered":"<h2>New Balance 530 hvit \/ S\u00f8lv sneakers-menn<\/h2>\n<p>&nbsp;<\/p>\n<p>New Balance 530 Hvit \/ S\u00f8lv-stilige menns joggesko med en kombinasjon av l\u00e6r og tekstiler, noe som gir komfort, holdbarhet og bekvemmelighet under daglig slitasje. Den lette og st\u00f8tdempende s\u00e5len garanterer komfort under turg\u00e5ing og utend\u00f8rsaktiviteter, mens de klassiske hvite og s\u00f8lvfargene understreker den moderne stilen. Modellen er ideell for sport og daglig bruk. Produksjonen i Vietnam bekrefter den h\u00f8ye kvaliteten p\u00e5 materialer og holdbarhet.<\/p>\n","protected":false},"excerpt":{"rendered":"<p>New Balance 530 Hvit \/ S\u00f8lv-stilige menns joggesko med en kombinasjon av l\u00e6r og tekstiler, noe som gir komfort, holdbarhet og bekvemmelighet under daglig slitasje. Den lette og st\u00f8tdempende s\u00e5len garanterer komfort under turg\u00e5ing og utend\u00f8rsaktiviteter, mens de klassiske hvite og s\u00f8lvfargene understreker den moderne stilen. Modellen er ideell for sport og daglig bruk. Produksjonen i Vietnam bekrefter den h\u00f8ye kvaliteten p\u00e5 materialer og holdbarhet.<\/p>\n","protected":false},"featured_media":650902,"comment_status":"open","ping_status":"open","template":"","meta":[],"product_brand":[],"product_cat":[3277,3278],"product_tag":[],"class_list":{"0":"post-650901","1":"product","2":"type-product","3":"status-publish","4":"has-post-thumbnail","6":"product_cat-all-product","7":"product_cat-krosivky","8":"pa_rozmir-910","9":"pa_rozmir-912","10":"pa_rozmir-914","11":"pa_rozmir-915","12":"pa_rozmir-916","13":"pa_rozmir-917","14":"pa_rozmir-918","15":"pa_rozmir-919","16":"pa_rozmir-920","17":"pa_rozmir-921","18":"pa_rozmir-922","20":"first","21":"onbackorder","22":"purchasable","23":"product-type-variable"},"_links":{"self":[{"href":"https:\/\/nextsnkr.com\/no\/wp-json\/wp\/v2\/product\/650901","targetHints":{"allow":["GET"]}}],"collection":[{"href":"https:\/\/nextsnkr.com\/no\/wp-json\/wp\/v2\/product"}],"about":[{"href":"https:\/\/nextsnkr.com\/no\/wp-json\/wp\/v2\/types\/product"}],"replies":[{"embeddable":true,"href":"https:\/\/nextsnkr.com\/no\/wp-json\/wp\/v2\/comments?post=650901"}],"version-history":[{"count":0,"href":"https:\/\/nextsnkr.com\/no\/wp-json\/wp\/v2\/product\/650901\/revisions"}],"wp:featuredmedia":[{"embeddable":true,"href":"https:\/\/nextsnkr.com\/no\/wp-json\/wp\/v2\/media\/650902"}],"wp:attachment":[{"href":"https:\/\/nextsnkr.com\/no\/wp-json\/wp\/v2\/media?parent=650901"}],"wp:term":[{"taxonomy":"product_brand","embeddable":true,"href":"https:\/\/nextsnkr.com\/no\/wp-json\/wp\/v2\/product_brand?post=650901"},{"taxonomy":"product_cat","embeddable":true,"href":"https:\/\/nextsnkr.com\/no\/wp-json\/wp\/v2\/product_cat?post=650901"},{"taxonomy":"product_tag","embeddable":true,"href":"https:\/\/nextsnkr.com\/no\/wp-json\/wp\/v2\/product_tag?post=650901"}],"curies":[{"name":"wp","href":"https:\/\/api.w.org\/{rel}","templated":true}]}}