{"id":649361,"date":"2025-06-14T15:15:02","date_gmt":"2025-06-14T12:15:02","guid":{"rendered":"https:\/\/nextsnkr.com\/product\/air-force-1-low-white-grey\/"},"modified":"2026-02-01T13:26:12","modified_gmt":"2026-02-01T10:26:12","slug":"air-force-1-low-white-grey","status":"publish","type":"product","link":"https:\/\/nextsnkr.com\/no\/produkt\/air-force-1-low-white-grey\/","title":{"rendered":"Billige nike Air Force 1 Low Hvit Gr\u00e5 sko salg norge"},"content":{"rendered":"<h2>Billige nike Air Force 1 Low Hvit Gr\u00e5 sko salg norge<\/h2>\n<p>&nbsp;<\/p>\n<p>Air Force 1 Low White \/ Grey sneakers er en klassisk modell laget av ekte skinn av h\u00f8y kvalitet, som gir holdbarhet og komfort under daglig bruk. Kombinasjonen av hvite og gr\u00e5 farger gir skoen et allsidig og moderne utseende som lett vil utfylle ethvert utseende. Den komfortable s\u00e5len garanterer demping og stabilitet mens du g\u00e5r. Disse joggeskoene er et utmerket valg for kjennere av stilige, praktiske og slitesterke sko. Velg Air Force 1 Low for \u00e5 fremheve din individuelle stil.<\/p>\n","protected":false},"excerpt":{"rendered":"<p>Air Force 1 Low White \/ Grey sneakers er en klassisk modell laget av ekte skinn av h\u00f8y kvalitet, som gir holdbarhet og komfort under daglig bruk. Kombinasjonen av hvite og gr\u00e5 farger gir skoen et allsidig og moderne utseende som lett vil utfylle ethvert utseende. Den komfortable s\u00e5len garanterer demping og stabilitet mens du g\u00e5r. Disse joggeskoene er et utmerket valg for kjennere av stilige, praktiske og slitesterke sko. Velg Air Force 1 Low for \u00e5 fremheve din individuelle stil.<\/p>\n","protected":false},"featured_media":649362,"comment_status":"open","ping_status":"open","template":"","meta":[],"product_brand":[],"product_cat":[3277,3324],"product_tag":[],"class_list":{"0":"post-649361","1":"product","2":"type-product","3":"status-publish","4":"has-post-thumbnail","6":"product_cat-all-product","7":"product_cat-kedy","8":"pa_rozmir-910","9":"pa_rozmir-912","10":"pa_rozmir-914","11":"pa_rozmir-915","12":"pa_rozmir-916","13":"pa_rozmir-917","14":"pa_rozmir-918","15":"pa_rozmir-919","16":"pa_rozmir-920","17":"pa_rozmir-921","18":"pa_rozmir-922","20":"first","21":"onbackorder","22":"purchasable","23":"product-type-variable"},"_links":{"self":[{"href":"https:\/\/nextsnkr.com\/no\/wp-json\/wp\/v2\/product\/649361","targetHints":{"allow":["GET"]}}],"collection":[{"href":"https:\/\/nextsnkr.com\/no\/wp-json\/wp\/v2\/product"}],"about":[{"href":"https:\/\/nextsnkr.com\/no\/wp-json\/wp\/v2\/types\/product"}],"replies":[{"embeddable":true,"href":"https:\/\/nextsnkr.com\/no\/wp-json\/wp\/v2\/comments?post=649361"}],"version-history":[{"count":0,"href":"https:\/\/nextsnkr.com\/no\/wp-json\/wp\/v2\/product\/649361\/revisions"}],"wp:featuredmedia":[{"embeddable":true,"href":"https:\/\/nextsnkr.com\/no\/wp-json\/wp\/v2\/media\/649362"}],"wp:attachment":[{"href":"https:\/\/nextsnkr.com\/no\/wp-json\/wp\/v2\/media?parent=649361"}],"wp:term":[{"taxonomy":"product_brand","embeddable":true,"href":"https:\/\/nextsnkr.com\/no\/wp-json\/wp\/v2\/product_brand?post=649361"},{"taxonomy":"product_cat","embeddable":true,"href":"https:\/\/nextsnkr.com\/no\/wp-json\/wp\/v2\/product_cat?post=649361"},{"taxonomy":"product_tag","embeddable":true,"href":"https:\/\/nextsnkr.com\/no\/wp-json\/wp\/v2\/product_tag?post=649361"}],"curies":[{"name":"wp","href":"https:\/\/api.w.org\/{rel}","templated":true}]}}