{"id":647823,"date":"2025-06-14T15:20:36","date_gmt":"2025-06-14T12:20:36","guid":{"rendered":"https:\/\/nextsnkr.com\/product\/air-force-1-v3\/"},"modified":"2026-02-01T13:25:17","modified_gmt":"2026-02-01T10:25:17","slug":"air-force-1-v3","status":"publish","type":"product","link":"https:\/\/nextsnkr.com\/no\/produkt\/air-force-1-v3\/","title":{"rendered":"Nike Air Force 1 V3 sko-l\u00e6r herre og dame"},"content":{"rendered":"<h2>Nike Air Force 1 V3 sko-l\u00e6r herre og dame<\/h2>\n<p>&nbsp;<\/p>\n<p>Air Force 1 V3 joggesko er en stilig og allsidig skinnmodell som kombinerer komfort og holdbarhet. Takket v\u00e6re den klassiske designen passer disse joggeskoene lett inn i hvilken som helst garderobe, egnet for b\u00e5de daglig bruk og utend\u00f8rsaktiviteter. Slitesterke materialer og utf\u00f8relse av h\u00f8y kvalitet sikrer en sikker passform og behagelig komfort hele dagen. Velg Air Force 1 V3 for \u00e5 legge til stil og selvtillit til hvert trinn.<\/p>\n","protected":false},"excerpt":{"rendered":"<p>Air Force 1 V3 joggesko er en stilig og allsidig skinnmodell som kombinerer komfort og holdbarhet. Takket v\u00e6re den klassiske designen passer disse joggeskoene lett inn i hvilken som helst garderobe, egnet for b\u00e5de daglig bruk og utend\u00f8rsaktiviteter. Slitesterke materialer og utf\u00f8relse av h\u00f8y kvalitet sikrer en sikker passform og behagelig komfort hele dagen. Velg Air Force 1 V3 for \u00e5 legge til stil og selvtillit til hvert trinn.<\/p>\n","protected":false},"featured_media":647824,"comment_status":"open","ping_status":"open","template":"","meta":[],"product_brand":[],"product_cat":[3277,3324],"product_tag":[],"class_list":{"0":"post-647823","1":"product","2":"type-product","3":"status-publish","4":"has-post-thumbnail","6":"product_cat-all-product","7":"product_cat-kedy","8":"pa_rozmir-910","9":"pa_rozmir-912","10":"pa_rozmir-914","11":"pa_rozmir-915","12":"pa_rozmir-916","13":"pa_rozmir-917","14":"pa_rozmir-918","15":"pa_rozmir-919","16":"pa_rozmir-920","17":"pa_rozmir-921","18":"pa_rozmir-922","20":"first","21":"instock","22":"purchasable","23":"product-type-variable"},"_links":{"self":[{"href":"https:\/\/nextsnkr.com\/no\/wp-json\/wp\/v2\/product\/647823","targetHints":{"allow":["GET"]}}],"collection":[{"href":"https:\/\/nextsnkr.com\/no\/wp-json\/wp\/v2\/product"}],"about":[{"href":"https:\/\/nextsnkr.com\/no\/wp-json\/wp\/v2\/types\/product"}],"replies":[{"embeddable":true,"href":"https:\/\/nextsnkr.com\/no\/wp-json\/wp\/v2\/comments?post=647823"}],"version-history":[{"count":0,"href":"https:\/\/nextsnkr.com\/no\/wp-json\/wp\/v2\/product\/647823\/revisions"}],"wp:featuredmedia":[{"embeddable":true,"href":"https:\/\/nextsnkr.com\/no\/wp-json\/wp\/v2\/media\/647824"}],"wp:attachment":[{"href":"https:\/\/nextsnkr.com\/no\/wp-json\/wp\/v2\/media?parent=647823"}],"wp:term":[{"taxonomy":"product_brand","embeddable":true,"href":"https:\/\/nextsnkr.com\/no\/wp-json\/wp\/v2\/product_brand?post=647823"},{"taxonomy":"product_cat","embeddable":true,"href":"https:\/\/nextsnkr.com\/no\/wp-json\/wp\/v2\/product_cat?post=647823"},{"taxonomy":"product_tag","embeddable":true,"href":"https:\/\/nextsnkr.com\/no\/wp-json\/wp\/v2\/product_tag?post=647823"}],"curies":[{"name":"wp","href":"https:\/\/api.w.org\/{rel}","templated":true}]}}