{"id":647653,"date":"2025-06-14T15:21:09","date_gmt":"2025-06-14T12:21:09","guid":{"rendered":"https:\/\/nextsnkr.com\/product\/air-force-shadow-white-light-pink\/"},"modified":"2026-02-01T13:25:12","modified_gmt":"2026-02-01T10:25:12","slug":"air-force-shadow-white-light-pink","status":"publish","type":"product","link":"https:\/\/nextsnkr.com\/no\/produkt\/air-force-shadow-white-light-pink\/","title":{"rendered":"Air Force Shadow Hvit-Lys Rosa Joggesko-stilige skinnsko"},"content":{"rendered":"<h2>Air Force Shadow Hvit-Lys Rosa Joggesko-stilige skinnsko<\/h2>\n<p>&nbsp;<\/p>\n<p>Air Force Shadow White \/ Light Pink sneakers er laget av l\u00e6r av h\u00f8y kvalitet, som gir komfort, holdbarhet og et attraktivt utseende. Den delikate kombinasjonen av hvite og lyser\u00f8de farger gj\u00f8r modellen allsidig for hverdagslig utseende. Takket v\u00e6re den p\u00e5litelige s\u00e5len og den komfortable passformen, er disse joggeskoene ideelle for en aktiv urbane rytme. Laget I Vietnam, er det et stilig og praktisk valg for daglig bruk.<\/p>\n","protected":false},"excerpt":{"rendered":"<p>Air Force Shadow White \/ Light Pink sneakers er laget av l\u00e6r av h\u00f8y kvalitet, som gir komfort, holdbarhet og et attraktivt utseende. Den delikate kombinasjonen av hvite og lyser\u00f8de farger gj\u00f8r modellen allsidig for hverdagslig utseende. Takket v\u00e6re den p\u00e5litelige s\u00e5len og den komfortable passformen, er disse joggeskoene ideelle for en aktiv urbane rytme. Laget I Vietnam, er det et stilig og praktisk valg for daglig bruk.<\/p>\n","protected":false},"featured_media":647654,"comment_status":"open","ping_status":"open","template":"","meta":[],"product_brand":[],"product_cat":[3277,3324],"product_tag":[],"class_list":{"0":"post-647653","1":"product","2":"type-product","3":"status-publish","4":"has-post-thumbnail","6":"product_cat-all-product","7":"product_cat-kedy","8":"pa_rozmir-910","9":"pa_rozmir-912","10":"pa_rozmir-914","11":"pa_rozmir-915","12":"pa_rozmir-916","13":"pa_rozmir-917","14":"pa_rozmir-918","15":"pa_rozmir-919","16":"pa_rozmir-920","17":"pa_rozmir-921","18":"pa_rozmir-922","20":"first","21":"instock","22":"purchasable","23":"product-type-variable"},"_links":{"self":[{"href":"https:\/\/nextsnkr.com\/no\/wp-json\/wp\/v2\/product\/647653","targetHints":{"allow":["GET"]}}],"collection":[{"href":"https:\/\/nextsnkr.com\/no\/wp-json\/wp\/v2\/product"}],"about":[{"href":"https:\/\/nextsnkr.com\/no\/wp-json\/wp\/v2\/types\/product"}],"replies":[{"embeddable":true,"href":"https:\/\/nextsnkr.com\/no\/wp-json\/wp\/v2\/comments?post=647653"}],"version-history":[{"count":0,"href":"https:\/\/nextsnkr.com\/no\/wp-json\/wp\/v2\/product\/647653\/revisions"}],"wp:featuredmedia":[{"embeddable":true,"href":"https:\/\/nextsnkr.com\/no\/wp-json\/wp\/v2\/media\/647654"}],"wp:attachment":[{"href":"https:\/\/nextsnkr.com\/no\/wp-json\/wp\/v2\/media?parent=647653"}],"wp:term":[{"taxonomy":"product_brand","embeddable":true,"href":"https:\/\/nextsnkr.com\/no\/wp-json\/wp\/v2\/product_brand?post=647653"},{"taxonomy":"product_cat","embeddable":true,"href":"https:\/\/nextsnkr.com\/no\/wp-json\/wp\/v2\/product_cat?post=647653"},{"taxonomy":"product_tag","embeddable":true,"href":"https:\/\/nextsnkr.com\/no\/wp-json\/wp\/v2\/product_tag?post=647653"}],"curies":[{"name":"wp","href":"https:\/\/api.w.org\/{rel}","templated":true}]}}