{"id":646805,"date":"2025-06-14T15:24:18","date_gmt":"2025-06-14T12:24:18","guid":{"rendered":"https:\/\/nextsnkr.com\/product\/air-force-1-low-khaki\/"},"modified":"2026-02-01T13:24:48","modified_gmt":"2026-02-01T10:24:48","slug":"air-force-1-low-khaki","status":"publish","type":"product","link":"https:\/\/nextsnkr.com\/no\/produkt\/air-force-1-low-khaki\/","title":{"rendered":"Nike Air Force 1 Low Khaki Sneakers-stilfulle sneakers i khaki skinn"},"content":{"rendered":"<h2>Nike Air Force 1 Low Khaki Sneakers-stilfulle sneakers i khaki skinn<\/h2>\n<p>&nbsp;<\/p>\n<p>Air Force 1 Low Khaki sneakers er en allsidig skinnmodell som kombinerer komfort, holdbarhet og en trendy khaki-nyanse. Den legendariske silhuetten Av Air Force 1 gir p\u00e5litelig st\u00f8tte og en behagelig passform under daglig bruk. Den slitesterke s\u00e5len gj\u00f8r skoene holdbare, og den stilige fargen kompletterer lett ethvert urbant utseende. Det perfekte valget for de som setter pris p\u00e5 klassikere med en moderne vri.<\/p>\n","protected":false},"excerpt":{"rendered":"<p>Air Force 1 Low Khaki sneakers er en allsidig skinnmodell som kombinerer komfort, holdbarhet og en trendy khaki-nyanse. Den legendariske silhuetten Av Air Force 1 gir p\u00e5litelig st\u00f8tte og en behagelig passform under daglig bruk. Den slitesterke s\u00e5len gj\u00f8r skoene holdbare, og den stilige fargen kompletterer lett ethvert urbant utseende. Det perfekte valget for de som setter pris p\u00e5 klassikere med en moderne vri.<\/p>\n","protected":false},"featured_media":646806,"comment_status":"open","ping_status":"open","template":"","meta":[],"product_brand":[],"product_cat":[3277,3324],"product_tag":[],"class_list":{"0":"post-646805","1":"product","2":"type-product","3":"status-publish","4":"has-post-thumbnail","6":"product_cat-all-product","7":"product_cat-kedy","8":"pa_rozmir-910","9":"pa_rozmir-912","10":"pa_rozmir-914","11":"pa_rozmir-915","12":"pa_rozmir-916","13":"pa_rozmir-917","14":"pa_rozmir-918","15":"pa_rozmir-919","16":"pa_rozmir-920","17":"pa_rozmir-921","18":"pa_rozmir-922","20":"first","21":"onbackorder","22":"purchasable","23":"product-type-variable"},"_links":{"self":[{"href":"https:\/\/nextsnkr.com\/no\/wp-json\/wp\/v2\/product\/646805","targetHints":{"allow":["GET"]}}],"collection":[{"href":"https:\/\/nextsnkr.com\/no\/wp-json\/wp\/v2\/product"}],"about":[{"href":"https:\/\/nextsnkr.com\/no\/wp-json\/wp\/v2\/types\/product"}],"replies":[{"embeddable":true,"href":"https:\/\/nextsnkr.com\/no\/wp-json\/wp\/v2\/comments?post=646805"}],"version-history":[{"count":0,"href":"https:\/\/nextsnkr.com\/no\/wp-json\/wp\/v2\/product\/646805\/revisions"}],"wp:featuredmedia":[{"embeddable":true,"href":"https:\/\/nextsnkr.com\/no\/wp-json\/wp\/v2\/media\/646806"}],"wp:attachment":[{"href":"https:\/\/nextsnkr.com\/no\/wp-json\/wp\/v2\/media?parent=646805"}],"wp:term":[{"taxonomy":"product_brand","embeddable":true,"href":"https:\/\/nextsnkr.com\/no\/wp-json\/wp\/v2\/product_brand?post=646805"},{"taxonomy":"product_cat","embeddable":true,"href":"https:\/\/nextsnkr.com\/no\/wp-json\/wp\/v2\/product_cat?post=646805"},{"taxonomy":"product_tag","embeddable":true,"href":"https:\/\/nextsnkr.com\/no\/wp-json\/wp\/v2\/product_tag?post=646805"}],"curies":[{"name":"wp","href":"https:\/\/api.w.org\/{rel}","templated":true}]}}