{"id":645422,"date":"2025-06-14T15:29:09","date_gmt":"2025-06-14T12:29:09","guid":{"rendered":"https:\/\/nextsnkr.com\/product\/air-force-1-shadow-black\/"},"modified":"2026-02-01T13:23:55","modified_gmt":"2026-02-01T10:23:55","slug":"air-force-1-shadow-black","status":"publish","type":"product","link":"https:\/\/nextsnkr.com\/no\/produkt\/air-force-1-shadow-black\/","title":{"rendered":"Kj\u00f8p nike Air Force 1 Shadow Svarta Sko online _ footway. no"},"content":{"rendered":"<h2>Kj\u00f8p nike Air Force 1 Shadow Svarta Sko online _ footway. no<\/h2>\n<p>&nbsp;<\/p>\n<p>Air Force 1 Shadow Black er en stilig skinnsneaker for kvinner som kombinerer det ikoniske Air Force 1-designet og oppgraderte lagdelte detaljer. Modellen er preget av komfort, holdbarhet og spektakul\u00e6rt utseende i svart. Den myke foringen og st\u00f8tdempende s\u00e5len gir komfort under daglig bruk. Produksjon I Vietnam garanterer kvaliteten p\u00e5 utf\u00f8relsen. Velg Air Force 1 Shadow Black for \u00e5 legge til trendiness og selvsikker stil til utseendet ditt.<\/p>\n","protected":false},"excerpt":{"rendered":"<p>Air Force 1 Shadow Black er en stilig skinnsneaker for kvinner som kombinerer det ikoniske Air Force 1-designet og oppgraderte lagdelte detaljer. Modellen er preget av komfort, holdbarhet og spektakul\u00e6rt utseende i svart. Den myke foringen og st\u00f8tdempende s\u00e5len gir komfort under daglig bruk. Produksjon I Vietnam garanterer kvaliteten p\u00e5 utf\u00f8relsen. Velg Air Force 1 Shadow Black for \u00e5 legge til trendiness og selvsikker stil til utseendet ditt.<\/p>\n","protected":false},"featured_media":645423,"comment_status":"open","ping_status":"open","template":"","meta":[],"product_brand":[],"product_cat":[3277,3324],"product_tag":[],"class_list":{"0":"post-645422","1":"product","2":"type-product","3":"status-publish","4":"has-post-thumbnail","6":"product_cat-all-product","7":"product_cat-kedy","8":"pa_rozmir-910","9":"pa_rozmir-912","10":"pa_rozmir-914","11":"pa_rozmir-915","12":"pa_rozmir-916","13":"pa_rozmir-917","14":"pa_rozmir-918","15":"pa_rozmir-919","16":"pa_rozmir-920","17":"pa_rozmir-921","18":"pa_rozmir-922","20":"first","21":"instock","22":"purchasable","23":"product-type-variable"},"_links":{"self":[{"href":"https:\/\/nextsnkr.com\/no\/wp-json\/wp\/v2\/product\/645422","targetHints":{"allow":["GET"]}}],"collection":[{"href":"https:\/\/nextsnkr.com\/no\/wp-json\/wp\/v2\/product"}],"about":[{"href":"https:\/\/nextsnkr.com\/no\/wp-json\/wp\/v2\/types\/product"}],"replies":[{"embeddable":true,"href":"https:\/\/nextsnkr.com\/no\/wp-json\/wp\/v2\/comments?post=645422"}],"version-history":[{"count":0,"href":"https:\/\/nextsnkr.com\/no\/wp-json\/wp\/v2\/product\/645422\/revisions"}],"wp:featuredmedia":[{"embeddable":true,"href":"https:\/\/nextsnkr.com\/no\/wp-json\/wp\/v2\/media\/645423"}],"wp:attachment":[{"href":"https:\/\/nextsnkr.com\/no\/wp-json\/wp\/v2\/media?parent=645422"}],"wp:term":[{"taxonomy":"product_brand","embeddable":true,"href":"https:\/\/nextsnkr.com\/no\/wp-json\/wp\/v2\/product_brand?post=645422"},{"taxonomy":"product_cat","embeddable":true,"href":"https:\/\/nextsnkr.com\/no\/wp-json\/wp\/v2\/product_cat?post=645422"},{"taxonomy":"product_tag","embeddable":true,"href":"https:\/\/nextsnkr.com\/no\/wp-json\/wp\/v2\/product_tag?post=645422"}],"curies":[{"name":"wp","href":"https:\/\/api.w.org\/{rel}","templated":true}]}}