{"id":645252,"date":"2025-06-14T15:29:40","date_gmt":"2025-06-14T12:29:40","guid":{"rendered":"https:\/\/nextsnkr.com\/product\/nike-air-force-1-white-black-premium\/"},"modified":"2026-02-01T13:23:50","modified_gmt":"2026-02-01T10:23:50","slug":"nike-air-force-1-white-black-premium","status":"publish","type":"product","link":"https:\/\/nextsnkr.com\/no\/produkt\/nike-air-force-1-white-black-premium\/","title":{"rendered":"Nike Air Force 1 Hvit \/ Svart Premium Joggesko-stilige skinnsko"},"content":{"rendered":"<h2>Nike Air Force 1 Hvit \/ Svart Premium Joggesko-stilige skinnsko<\/h2>\n<p>&nbsp;<\/p>\n<p>Nike Air Force 1 Hvite\/Svarte Premium joggesko er designet for de som setter pris p\u00e5 kvalitet, komfort og legendarisk stil. Modellen er laget av ekte l\u00e6r av h\u00f8y kvalitet, noe som sikrer holdbarhet, holdbarhet og elegant utseende. Kontrasten mellom hvite og svarte farger gj\u00f8r designet allsidig og enkelt \u00e5 kombinere med hvilken som helst garderobe. Takket v\u00e6re den st\u00f8tdempende s\u00e5len og behagelig passform, er joggeskoene ideelle for daglig bruk. Valget for kjennere av klassikere og f\u00f8rsteklasses komfort Fra Nike.<\/p>\n","protected":false},"excerpt":{"rendered":"<p>Nike Air Force 1 Hvite\/Svarte Premium joggesko er designet for de som setter pris p\u00e5 kvalitet, komfort og legendarisk stil. Modellen er laget av ekte l\u00e6r av h\u00f8y kvalitet, noe som sikrer holdbarhet, holdbarhet og elegant utseende. Kontrasten mellom hvite og svarte farger gj\u00f8r designet allsidig og enkelt \u00e5 kombinere med hvilken som helst garderobe. Takket v\u00e6re den st\u00f8tdempende s\u00e5len og behagelig passform, er joggeskoene ideelle for daglig bruk. Valget for kjennere av klassikere og f\u00f8rsteklasses komfort Fra Nike.<\/p>\n","protected":false},"featured_media":645253,"comment_status":"open","ping_status":"open","template":"","meta":[],"product_brand":[],"product_cat":[3277,3324],"product_tag":[],"class_list":{"0":"post-645252","1":"product","2":"type-product","3":"status-publish","4":"has-post-thumbnail","6":"product_cat-all-product","7":"product_cat-kedy","8":"pa_rozmir-910","9":"pa_rozmir-912","10":"pa_rozmir-914","11":"pa_rozmir-915","12":"pa_rozmir-916","13":"pa_rozmir-917","14":"pa_rozmir-918","15":"pa_rozmir-919","16":"pa_rozmir-920","17":"pa_rozmir-921","18":"pa_rozmir-922","20":"first","21":"onbackorder","22":"purchasable","23":"product-type-variable"},"_links":{"self":[{"href":"https:\/\/nextsnkr.com\/no\/wp-json\/wp\/v2\/product\/645252","targetHints":{"allow":["GET"]}}],"collection":[{"href":"https:\/\/nextsnkr.com\/no\/wp-json\/wp\/v2\/product"}],"about":[{"href":"https:\/\/nextsnkr.com\/no\/wp-json\/wp\/v2\/types\/product"}],"replies":[{"embeddable":true,"href":"https:\/\/nextsnkr.com\/no\/wp-json\/wp\/v2\/comments?post=645252"}],"version-history":[{"count":0,"href":"https:\/\/nextsnkr.com\/no\/wp-json\/wp\/v2\/product\/645252\/revisions"}],"wp:featuredmedia":[{"embeddable":true,"href":"https:\/\/nextsnkr.com\/no\/wp-json\/wp\/v2\/media\/645253"}],"wp:attachment":[{"href":"https:\/\/nextsnkr.com\/no\/wp-json\/wp\/v2\/media?parent=645252"}],"wp:term":[{"taxonomy":"product_brand","embeddable":true,"href":"https:\/\/nextsnkr.com\/no\/wp-json\/wp\/v2\/product_brand?post=645252"},{"taxonomy":"product_cat","embeddable":true,"href":"https:\/\/nextsnkr.com\/no\/wp-json\/wp\/v2\/product_cat?post=645252"},{"taxonomy":"product_tag","embeddable":true,"href":"https:\/\/nextsnkr.com\/no\/wp-json\/wp\/v2\/product_tag?post=645252"}],"curies":[{"name":"wp","href":"https:\/\/api.w.org\/{rel}","templated":true}]}}