{"id":644743,"date":"2025-06-14T15:31:28","date_gmt":"2025-06-14T12:31:28","guid":{"rendered":"https:\/\/nextsnkr.com\/product\/air-force-1-white-pink\/"},"modified":"2026-02-01T13:23:35","modified_gmt":"2026-02-01T10:23:35","slug":"air-force-1-white-pink","status":"publish","type":"product","link":"https:\/\/nextsnkr.com\/no\/produkt\/air-force-1-white-pink\/","title":{"rendered":"Nike Air Force 1 Hvit-Rosa sneakers-stilrene sneakers i skinn og rosa"},"content":{"rendered":"<h2>Nike Air Force 1 Hvit-Rosa sneakers-stilrene sneakers i skinn og rosa<\/h2>\n<p>&nbsp;<\/p>\n<p>Air Force 1 Hvite \/ Rosa joggesko er en klassisk modell med vekt p\u00e5 stil og komfort. Laget av ekte l\u00e6r av h\u00f8y kvalitet, gir de holdbarhet og komfort under daglig bruk. Kontrasten mellom hvite og rosa farger gir bildet friskhet og originalitet. Takket v\u00e6re den komfortable s\u00e5len og sikker fiksering, er disse joggeskoene egnet for turg\u00e5ing, studier eller utend\u00f8rsaktiviteter. Velg Air Force 1 Hvit \/ Rosa for \u00e5 kombinere stil og praktisk. Kode: N00122-314274.<\/p>\n","protected":false},"excerpt":{"rendered":"<p>Air Force 1 Hvite \/ Rosa joggesko er en klassisk modell med vekt p\u00e5 stil og komfort. Laget av ekte l\u00e6r av h\u00f8y kvalitet, gir de holdbarhet og komfort under daglig bruk. Kontrasten mellom hvite og rosa farger gir bildet friskhet og originalitet. Takket v\u00e6re den komfortable s\u00e5len og sikker fiksering, er disse joggeskoene egnet for turg\u00e5ing, studier eller utend\u00f8rsaktiviteter. Velg Air Force 1 Hvit \/ Rosa for \u00e5 kombinere stil og praktisk. Kode: N00122-314274.<\/p>\n","protected":false},"featured_media":644744,"comment_status":"open","ping_status":"open","template":"","meta":[],"product_brand":[],"product_cat":[3277,3324],"product_tag":[],"class_list":{"0":"post-644743","1":"product","2":"type-product","3":"status-publish","4":"has-post-thumbnail","6":"product_cat-all-product","7":"product_cat-kedy","8":"pa_rozmir-910","9":"pa_rozmir-912","10":"pa_rozmir-914","11":"pa_rozmir-915","12":"pa_rozmir-916","13":"pa_rozmir-917","14":"pa_rozmir-918","15":"pa_rozmir-919","16":"pa_rozmir-920","17":"pa_rozmir-921","18":"pa_rozmir-922","20":"first","21":"instock","22":"purchasable","23":"product-type-variable"},"_links":{"self":[{"href":"https:\/\/nextsnkr.com\/no\/wp-json\/wp\/v2\/product\/644743","targetHints":{"allow":["GET"]}}],"collection":[{"href":"https:\/\/nextsnkr.com\/no\/wp-json\/wp\/v2\/product"}],"about":[{"href":"https:\/\/nextsnkr.com\/no\/wp-json\/wp\/v2\/types\/product"}],"replies":[{"embeddable":true,"href":"https:\/\/nextsnkr.com\/no\/wp-json\/wp\/v2\/comments?post=644743"}],"version-history":[{"count":0,"href":"https:\/\/nextsnkr.com\/no\/wp-json\/wp\/v2\/product\/644743\/revisions"}],"wp:featuredmedia":[{"embeddable":true,"href":"https:\/\/nextsnkr.com\/no\/wp-json\/wp\/v2\/media\/644744"}],"wp:attachment":[{"href":"https:\/\/nextsnkr.com\/no\/wp-json\/wp\/v2\/media?parent=644743"}],"wp:term":[{"taxonomy":"product_brand","embeddable":true,"href":"https:\/\/nextsnkr.com\/no\/wp-json\/wp\/v2\/product_brand?post=644743"},{"taxonomy":"product_cat","embeddable":true,"href":"https:\/\/nextsnkr.com\/no\/wp-json\/wp\/v2\/product_cat?post=644743"},{"taxonomy":"product_tag","embeddable":true,"href":"https:\/\/nextsnkr.com\/no\/wp-json\/wp\/v2\/product_tag?post=644743"}],"curies":[{"name":"wp","href":"https:\/\/api.w.org\/{rel}","templated":true}]}}