{"id":643947,"date":"2025-06-14T15:33:15","date_gmt":"2025-06-14T12:33:15","guid":{"rendered":"https:\/\/nextsnkr.com\/product\/cr-dior-sandal-white-grey\/"},"modified":"2026-02-01T13:23:11","modified_gmt":"2026-02-01T10:23:11","slug":"cr-dior-sandal-white-grey","status":"publish","type":"product","link":"https:\/\/nextsnkr.com\/no\/produkt\/cr-dior-sandal-white-grey\/","title":{"rendered":"Dior Sandal Hvit-Gr\u00e5 Stil T\u00f8fler-lette tekstil t\u00f8fler"},"content":{"rendered":"<h2>Dior Sandal Hvit-Gr\u00e5 Stil T\u00f8fler-lette tekstil t\u00f8fler<\/h2>\n<p>&nbsp;<\/p>\n<p>Dior sandal hvit \/ Gr\u00e5 stil t\u00f8fler er laget av myke og slitesterke tekstiler, som gir komfort under daglig bruk. Lette, komfortable og pustende, de er perfekte for hjem, ferie eller sommerferier. Den stilige hvite og gr\u00e5 designen kombineres enkelt med ethvert uformelt utseende. Produsenten er Kina. Velg t\u00f8fler I Dior-stil for \u00e5 gi raffinement og komfort til utseendet ditt.<\/p>\n","protected":false},"excerpt":{"rendered":"<p>Dior sandal hvit \/ Gr\u00e5 stil t\u00f8fler er laget av myke og slitesterke tekstiler, som gir komfort under daglig bruk. Lette, komfortable og pustende, de er perfekte for hjem, ferie eller sommerferier. Den stilige hvite og gr\u00e5 designen kombineres enkelt med ethvert uformelt utseende. Produsenten er Kina. Velg t\u00f8fler I Dior-stil for \u00e5 gi raffinement og komfort til utseendet ditt.<\/p>\n","protected":false},"featured_media":643950,"comment_status":"open","ping_status":"open","template":"","meta":[],"product_brand":[],"product_cat":[3277,3426],"product_tag":[],"class_list":{"0":"post-643947","1":"product","2":"type-product","3":"status-publish","4":"has-post-thumbnail","6":"product_cat-all-product","7":"product_cat-shlopantsi","8":"pa_rozmir-910","9":"pa_rozmir-912","10":"pa_rozmir-914","11":"pa_rozmir-915","12":"pa_rozmir-916","13":"pa_rozmir-917","14":"pa_rozmir-918","15":"pa_rozmir-919","16":"pa_rozmir-920","17":"pa_rozmir-921","18":"pa_rozmir-922","20":"first","21":"instock","22":"purchasable","23":"product-type-variable"},"_links":{"self":[{"href":"https:\/\/nextsnkr.com\/no\/wp-json\/wp\/v2\/product\/643947","targetHints":{"allow":["GET"]}}],"collection":[{"href":"https:\/\/nextsnkr.com\/no\/wp-json\/wp\/v2\/product"}],"about":[{"href":"https:\/\/nextsnkr.com\/no\/wp-json\/wp\/v2\/types\/product"}],"replies":[{"embeddable":true,"href":"https:\/\/nextsnkr.com\/no\/wp-json\/wp\/v2\/comments?post=643947"}],"version-history":[{"count":0,"href":"https:\/\/nextsnkr.com\/no\/wp-json\/wp\/v2\/product\/643947\/revisions"}],"wp:featuredmedia":[{"embeddable":true,"href":"https:\/\/nextsnkr.com\/no\/wp-json\/wp\/v2\/media\/643950"}],"wp:attachment":[{"href":"https:\/\/nextsnkr.com\/no\/wp-json\/wp\/v2\/media?parent=643947"}],"wp:term":[{"taxonomy":"product_brand","embeddable":true,"href":"https:\/\/nextsnkr.com\/no\/wp-json\/wp\/v2\/product_brand?post=643947"},{"taxonomy":"product_cat","embeddable":true,"href":"https:\/\/nextsnkr.com\/no\/wp-json\/wp\/v2\/product_cat?post=643947"},{"taxonomy":"product_tag","embeddable":true,"href":"https:\/\/nextsnkr.com\/no\/wp-json\/wp\/v2\/product_tag?post=643947"}],"curies":[{"name":"wp","href":"https:\/\/api.w.org\/{rel}","templated":true}]}}