{"id":642696,"date":"2025-06-14T15:36:16","date_gmt":"2025-06-14T12:36:16","guid":{"rendered":"https:\/\/nextsnkr.com\/product\/cr-dior-sandal-black\/"},"modified":"2026-02-01T13:22:39","modified_gmt":"2026-02-01T10:22:39","slug":"cr-dior-sandal-black","status":"publish","type":"product","link":"https:\/\/nextsnkr.com\/no\/produkt\/cr-dior-sandal-black\/","title":{"rendered":"Cr. Dior Sandal Svarte T\u00f8fler-stilige flip &#8211; flops i tekstilskinn"},"content":{"rendered":"<h2>Cr. Dior Sandal Svarte T\u00f8fler-stilige flip &#8211; flops i tekstilskinn<\/h2>\n<p>&nbsp;<\/p>\n<p>Cr. Dior Sandal Svarte t\u00f8fler er laget av en kombinasjon av tekstiler og l\u00e6r, noe som garanterer komfort, bekvemmelighet og holdbarhet. Modellen har en elegant svart design som understreker stil og gj\u00f8r t\u00f8flene allsidige for daglig bruk hjemme eller p\u00e5 ferie. Den lette designen sikrer bevegelsesfrihet, og materialer av h\u00f8y kvalitet opprettholder komforten hele dagen. Det perfekte valget for de som setter pris p\u00e5 kombinasjonen av komfort og moderne design.<\/p>\n","protected":false},"excerpt":{"rendered":"<p>Cr. Dior Sandal Svarte t\u00f8fler er laget av en kombinasjon av tekstiler og l\u00e6r, noe som garanterer komfort, bekvemmelighet og holdbarhet. Modellen har en elegant svart design som understreker stil og gj\u00f8r t\u00f8flene allsidige for daglig bruk hjemme eller p\u00e5 ferie. Den lette designen sikrer bevegelsesfrihet, og materialer av h\u00f8y kvalitet opprettholder komforten hele dagen. Det perfekte valget for de som setter pris p\u00e5 kombinasjonen av komfort og moderne design.<\/p>\n","protected":false},"featured_media":642697,"comment_status":"open","ping_status":"open","template":"","meta":[],"product_brand":[],"product_cat":[3277,3426],"product_tag":[],"class_list":{"0":"post-642696","1":"product","2":"type-product","3":"status-publish","4":"has-post-thumbnail","6":"product_cat-all-product","7":"product_cat-shlopantsi","8":"pa_rozmir-910","9":"pa_rozmir-912","10":"pa_rozmir-914","11":"pa_rozmir-915","12":"pa_rozmir-916","13":"pa_rozmir-917","14":"pa_rozmir-918","15":"pa_rozmir-919","16":"pa_rozmir-920","17":"pa_rozmir-921","18":"pa_rozmir-922","20":"first","21":"instock","22":"purchasable","23":"product-type-variable"},"_links":{"self":[{"href":"https:\/\/nextsnkr.com\/no\/wp-json\/wp\/v2\/product\/642696","targetHints":{"allow":["GET"]}}],"collection":[{"href":"https:\/\/nextsnkr.com\/no\/wp-json\/wp\/v2\/product"}],"about":[{"href":"https:\/\/nextsnkr.com\/no\/wp-json\/wp\/v2\/types\/product"}],"replies":[{"embeddable":true,"href":"https:\/\/nextsnkr.com\/no\/wp-json\/wp\/v2\/comments?post=642696"}],"version-history":[{"count":0,"href":"https:\/\/nextsnkr.com\/no\/wp-json\/wp\/v2\/product\/642696\/revisions"}],"wp:featuredmedia":[{"embeddable":true,"href":"https:\/\/nextsnkr.com\/no\/wp-json\/wp\/v2\/media\/642697"}],"wp:attachment":[{"href":"https:\/\/nextsnkr.com\/no\/wp-json\/wp\/v2\/media?parent=642696"}],"wp:term":[{"taxonomy":"product_brand","embeddable":true,"href":"https:\/\/nextsnkr.com\/no\/wp-json\/wp\/v2\/product_brand?post=642696"},{"taxonomy":"product_cat","embeddable":true,"href":"https:\/\/nextsnkr.com\/no\/wp-json\/wp\/v2\/product_cat?post=642696"},{"taxonomy":"product_tag","embeddable":true,"href":"https:\/\/nextsnkr.com\/no\/wp-json\/wp\/v2\/product_tag?post=642696"}],"curies":[{"name":"wp","href":"https:\/\/api.w.org\/{rel}","templated":true}]}}