{"id":640671,"date":"2025-06-19T21:41:13","date_gmt":"2025-06-19T18:41:13","guid":{"rendered":"https:\/\/nextsnkr.com\/product\/v2k-runtekk-purple-silver\/"},"modified":"2026-02-01T13:21:33","modified_gmt":"2026-02-01T10:21:33","slug":"v2k-runtekk-purple-silver","status":"publish","type":"product","link":"https:\/\/nextsnkr.com\/no\/produkt\/v2k-runtekk-purple-silver\/","title":{"rendered":"Kj\u00f8p BILLIGE DAMER ADIDAS NMD V2K Runtekk Lilla \/ S\u00f8lv adidas sko norge salg p\u00e5 nett"},"content":{"rendered":"<h2>Kj\u00f8p BILLIGE DAMER ADIDAS NMD V2K Runtekk Lilla \/ S\u00f8lv adidas sko norge salg p\u00e5 nett<\/h2>\n<p>&nbsp;<\/p>\n<p>V2K Runtekk Lilla \/ S\u00f8lv joggesko kombinerer stilig design og funksjonalitet. Overdelen er laget av l\u00e6r og tekstiler av h\u00f8y kvalitet, noe som sikrer komfort og holdbarhet. Modellen er ideell for utend\u00f8rsaktiviteter, sport og daglig bruk. Lette og komfortable, de st\u00f8tter foten din og gir lysstyrke til utseendet ditt. Velg V2K Runtekk for p\u00e5litelighet, stil og komfort hver dag.<\/p>\n","protected":false},"excerpt":{"rendered":"<p>V2K Runtekk Lilla \/ S\u00f8lv joggesko kombinerer stilig design og funksjonalitet. Overdelen er laget av l\u00e6r og tekstiler av h\u00f8y kvalitet, noe som sikrer komfort og holdbarhet. Modellen er ideell for utend\u00f8rsaktiviteter, sport og daglig bruk. Lette og komfortable, de st\u00f8tter foten din og gir lysstyrke til utseendet ditt. Velg V2K Runtekk for p\u00e5litelighet, stil og komfort hver dag.<\/p>\n","protected":false},"featured_media":640672,"comment_status":"open","ping_status":"open","template":"","meta":[],"product_brand":[],"product_cat":[3277,3278],"product_tag":[],"class_list":{"0":"post-640671","1":"product","2":"type-product","3":"status-publish","4":"has-post-thumbnail","6":"product_cat-all-product","7":"product_cat-krosivky","8":"pa_rozmir-910","9":"pa_rozmir-912","10":"pa_rozmir-914","11":"pa_rozmir-915","12":"pa_rozmir-916","13":"pa_rozmir-917","14":"pa_rozmir-918","15":"pa_rozmir-919","16":"pa_rozmir-920","17":"pa_rozmir-921","18":"pa_rozmir-922","20":"first","21":"instock","22":"purchasable","23":"product-type-variable"},"_links":{"self":[{"href":"https:\/\/nextsnkr.com\/no\/wp-json\/wp\/v2\/product\/640671","targetHints":{"allow":["GET"]}}],"collection":[{"href":"https:\/\/nextsnkr.com\/no\/wp-json\/wp\/v2\/product"}],"about":[{"href":"https:\/\/nextsnkr.com\/no\/wp-json\/wp\/v2\/types\/product"}],"replies":[{"embeddable":true,"href":"https:\/\/nextsnkr.com\/no\/wp-json\/wp\/v2\/comments?post=640671"}],"version-history":[{"count":0,"href":"https:\/\/nextsnkr.com\/no\/wp-json\/wp\/v2\/product\/640671\/revisions"}],"wp:featuredmedia":[{"embeddable":true,"href":"https:\/\/nextsnkr.com\/no\/wp-json\/wp\/v2\/media\/640672"}],"wp:attachment":[{"href":"https:\/\/nextsnkr.com\/no\/wp-json\/wp\/v2\/media?parent=640671"}],"wp:term":[{"taxonomy":"product_brand","embeddable":true,"href":"https:\/\/nextsnkr.com\/no\/wp-json\/wp\/v2\/product_brand?post=640671"},{"taxonomy":"product_cat","embeddable":true,"href":"https:\/\/nextsnkr.com\/no\/wp-json\/wp\/v2\/product_cat?post=640671"},{"taxonomy":"product_tag","embeddable":true,"href":"https:\/\/nextsnkr.com\/no\/wp-json\/wp\/v2\/product_tag?post=640671"}],"curies":[{"name":"wp","href":"https:\/\/api.w.org\/{rel}","templated":true}]}}