{"id":640161,"date":"2025-06-19T21:44:08","date_gmt":"2025-06-19T18:44:08","guid":{"rendered":"https:\/\/nextsnkr.com\/product\/babe-purple\/"},"modified":"2026-02-01T13:21:19","modified_gmt":"2026-02-01T10:21:19","slug":"babe-purple","status":"publish","type":"product","link":"https:\/\/nextsnkr.com\/no\/produkt\/babe-purple\/","title":{"rendered":"Babe Lilla sneakers laget av l\u00e6r og tekstiler-stil og komfort"},"content":{"rendered":"<h2>Babe Lilla sneakers laget av l\u00e6r og tekstiler-stil og komfort<\/h2>\n<p>&nbsp;<\/p>\n<p>De stilige Babe Purple joggeskoene kombinerer naturlig skinn og tekstiler, noe som gir komfort og holdbarhet. Lette og pustende, de er ideelle for daglig bruk og utend\u00f8rsaktiviteter. Den lyse lilla designen gir utseendet ditt unikhet, Og Babe-merket garanterer kvalitet og p\u00e5litelighet. Velg Disse Babe joggeskoene for en fasjonabel og komfortabel stil p\u00e5 en hvilken som helst dag.<\/p>\n","protected":false},"excerpt":{"rendered":"<p>De stilige Babe Purple joggeskoene kombinerer naturlig skinn og tekstiler, noe som gir komfort og holdbarhet. Lette og pustende, de er ideelle for daglig bruk og utend\u00f8rsaktiviteter. Den lyse lilla designen gir utseendet ditt unikhet, Og Babe-merket garanterer kvalitet og p\u00e5litelighet. Velg Disse Babe joggeskoene for en fasjonabel og komfortabel stil p\u00e5 en hvilken som helst dag.<\/p>\n","protected":false},"featured_media":640162,"comment_status":"open","ping_status":"open","template":"","meta":[],"product_brand":[],"product_cat":[3277,3324],"product_tag":[],"class_list":{"0":"post-640161","1":"product","2":"type-product","3":"status-publish","4":"has-post-thumbnail","6":"product_cat-all-product","7":"product_cat-kedy","8":"pa_rozmir-910","9":"pa_rozmir-912","10":"pa_rozmir-914","11":"pa_rozmir-915","12":"pa_rozmir-916","13":"pa_rozmir-917","14":"pa_rozmir-918","15":"pa_rozmir-919","16":"pa_rozmir-920","17":"pa_rozmir-921","18":"pa_rozmir-922","20":"first","21":"instock","22":"purchasable","23":"product-type-variable"},"_links":{"self":[{"href":"https:\/\/nextsnkr.com\/no\/wp-json\/wp\/v2\/product\/640161","targetHints":{"allow":["GET"]}}],"collection":[{"href":"https:\/\/nextsnkr.com\/no\/wp-json\/wp\/v2\/product"}],"about":[{"href":"https:\/\/nextsnkr.com\/no\/wp-json\/wp\/v2\/types\/product"}],"replies":[{"embeddable":true,"href":"https:\/\/nextsnkr.com\/no\/wp-json\/wp\/v2\/comments?post=640161"}],"version-history":[{"count":0,"href":"https:\/\/nextsnkr.com\/no\/wp-json\/wp\/v2\/product\/640161\/revisions"}],"wp:featuredmedia":[{"embeddable":true,"href":"https:\/\/nextsnkr.com\/no\/wp-json\/wp\/v2\/media\/640162"}],"wp:attachment":[{"href":"https:\/\/nextsnkr.com\/no\/wp-json\/wp\/v2\/media?parent=640161"}],"wp:term":[{"taxonomy":"product_brand","embeddable":true,"href":"https:\/\/nextsnkr.com\/no\/wp-json\/wp\/v2\/product_brand?post=640161"},{"taxonomy":"product_cat","embeddable":true,"href":"https:\/\/nextsnkr.com\/no\/wp-json\/wp\/v2\/product_cat?post=640161"},{"taxonomy":"product_tag","embeddable":true,"href":"https:\/\/nextsnkr.com\/no\/wp-json\/wp\/v2\/product_tag?post=640161"}],"curies":[{"name":"wp","href":"https:\/\/api.w.org\/{rel}","templated":true}]}}