{"id":637077,"date":"2025-06-14T19:54:29","date_gmt":"2025-06-14T16:54:29","guid":{"rendered":"https:\/\/nextsnkr.com\/product\/air-jordan-1-low-og-olive-travis-scott\/"},"modified":"2026-02-01T13:19:38","modified_gmt":"2026-02-01T10:19:38","slug":"air-jordan-1-low-og-olive-travis-scott","status":"publish","type":"product","link":"https:\/\/nextsnkr.com\/no\/produkt\/air-jordan-1-low-og-olive-travis-scott\/","title":{"rendered":"Air Jordan 1 Lav Og Olive Travis Scott Sneakers"},"content":{"rendered":"<h2>Air Jordan 1 Lav Og Olive Travis Scott Sneakers<\/h2>\n<p>&nbsp;<\/p>\n<p>Air Jordan 1 Low Og Olive Travis Scott joggesko er en stilig og eksklusiv modell for kjennere av urban og sporty stil. Laget av l\u00e6r av h\u00f8y kvalitet, gir de komfort, p\u00e5litelig fotst\u00f8tte og holdbarhet. Olivenfargen kombinert med den ikoniske Travis Scott-designen skaper et unikt, gjenkjennelig utseende som fremhever individualitet. Disse joggeskoene er det perfekte valget for hverdagsbruk og samlere. Velg Air Jordan 1 Low OG \u2014 en kombinasjon av stil, premium kvalitet og trendiness.<\/p>\n","protected":false},"excerpt":{"rendered":"<p>Air Jordan 1 Low Og Olive Travis Scott joggesko er en stilig og eksklusiv modell for kjennere av urban og sporty stil. Laget av l\u00e6r av h\u00f8y kvalitet, gir de komfort, p\u00e5litelig fotst\u00f8tte og holdbarhet. Olivenfargen kombinert med den ikoniske Travis Scott-designen skaper et unikt, gjenkjennelig utseende som fremhever individualitet. Disse joggeskoene er det perfekte valget for hverdagsbruk og samlere. Velg Air Jordan 1 Low OG \u2014 en kombinasjon av stil, premium kvalitet og trendiness.<\/p>\n","protected":false},"featured_media":637078,"comment_status":"open","ping_status":"open","template":"","meta":[],"product_brand":[],"product_cat":[3389,3277,3324],"product_tag":[],"class_list":{"0":"post-637077","1":"product","2":"type-product","3":"status-publish","4":"has-post-thumbnail","6":"product_cat-nike-jordan","7":"product_cat-all-product","8":"product_cat-kedy","9":"pa_rozmir-910","10":"pa_rozmir-912","11":"pa_rozmir-914","12":"pa_rozmir-915","13":"pa_rozmir-916","14":"pa_rozmir-917","15":"pa_rozmir-918","16":"pa_rozmir-919","17":"pa_rozmir-920","18":"pa_rozmir-921","19":"pa_rozmir-922","21":"first","22":"instock","23":"purchasable","24":"product-type-variable"},"_links":{"self":[{"href":"https:\/\/nextsnkr.com\/no\/wp-json\/wp\/v2\/product\/637077","targetHints":{"allow":["GET"]}}],"collection":[{"href":"https:\/\/nextsnkr.com\/no\/wp-json\/wp\/v2\/product"}],"about":[{"href":"https:\/\/nextsnkr.com\/no\/wp-json\/wp\/v2\/types\/product"}],"replies":[{"embeddable":true,"href":"https:\/\/nextsnkr.com\/no\/wp-json\/wp\/v2\/comments?post=637077"}],"version-history":[{"count":0,"href":"https:\/\/nextsnkr.com\/no\/wp-json\/wp\/v2\/product\/637077\/revisions"}],"wp:featuredmedia":[{"embeddable":true,"href":"https:\/\/nextsnkr.com\/no\/wp-json\/wp\/v2\/media\/637078"}],"wp:attachment":[{"href":"https:\/\/nextsnkr.com\/no\/wp-json\/wp\/v2\/media?parent=637077"}],"wp:term":[{"taxonomy":"product_brand","embeddable":true,"href":"https:\/\/nextsnkr.com\/no\/wp-json\/wp\/v2\/product_brand?post=637077"},{"taxonomy":"product_cat","embeddable":true,"href":"https:\/\/nextsnkr.com\/no\/wp-json\/wp\/v2\/product_cat?post=637077"},{"taxonomy":"product_tag","embeddable":true,"href":"https:\/\/nextsnkr.com\/no\/wp-json\/wp\/v2\/product_tag?post=637077"}],"curies":[{"name":"wp","href":"https:\/\/api.w.org\/{rel}","templated":true}]}}