{"id":636907,"date":"2025-06-19T23:12:59","date_gmt":"2025-06-19T20:12:59","guid":{"rendered":"https:\/\/nextsnkr.com\/product\/9060-pink-overdye\/"},"modified":"2026-02-01T13:19:33","modified_gmt":"2026-02-01T10:19:33","slug":"9060-pink-overdye","status":"publish","type":"product","link":"https:\/\/nextsnkr.com\/no\/produkt\/9060-pink-overdye\/","title":{"rendered":"9060 Rosa Overdye semsket skinn og tekstil joggesko for et stilig utseende"},"content":{"rendered":"<h2>9060 Rosa Overdye semsket skinn og tekstil joggesko for et stilig utseende<\/h2>\n<p>&nbsp;<\/p>\n<p>9060 Pink Overdye sneakers kombinerer naturlig semsket skinn og tekstiler, noe som gir komfort og holdbarhet under daglig bruk. Den lyse rosa skyggen gir modernitet og personlighet til stilen din, og den lette s\u00e5len sikrer komfort mens du g\u00e5r. Produsenten fra Vietnam bruker materialer av h\u00f8y kvalitet som understreker premiumniv\u00e5et p\u00e5 merkevaren. Velg 9060 Pink Overdye for fasjonable og praktiske uformelle sko.<\/p>\n","protected":false},"excerpt":{"rendered":"<p>9060 Pink Overdye sneakers kombinerer naturlig semsket skinn og tekstiler, noe som gir komfort og holdbarhet under daglig bruk. Den lyse rosa skyggen gir modernitet og personlighet til stilen din, og den lette s\u00e5len sikrer komfort mens du g\u00e5r. Produsenten fra Vietnam bruker materialer av h\u00f8y kvalitet som understreker premiumniv\u00e5et p\u00e5 merkevaren. Velg 9060 Pink Overdye for fasjonable og praktiske uformelle sko.<\/p>\n","protected":false},"featured_media":636908,"comment_status":"open","ping_status":"open","template":"","meta":[],"product_brand":[],"product_cat":[3277,3278],"product_tag":[],"class_list":{"0":"post-636907","1":"product","2":"type-product","3":"status-publish","4":"has-post-thumbnail","6":"product_cat-all-product","7":"product_cat-krosivky","8":"pa_rozmir-910","9":"pa_rozmir-912","10":"pa_rozmir-914","11":"pa_rozmir-915","12":"pa_rozmir-916","13":"pa_rozmir-917","14":"pa_rozmir-918","15":"pa_rozmir-919","16":"pa_rozmir-920","17":"pa_rozmir-921","18":"pa_rozmir-922","20":"first","21":"onbackorder","22":"purchasable","23":"product-type-variable"},"_links":{"self":[{"href":"https:\/\/nextsnkr.com\/no\/wp-json\/wp\/v2\/product\/636907","targetHints":{"allow":["GET"]}}],"collection":[{"href":"https:\/\/nextsnkr.com\/no\/wp-json\/wp\/v2\/product"}],"about":[{"href":"https:\/\/nextsnkr.com\/no\/wp-json\/wp\/v2\/types\/product"}],"replies":[{"embeddable":true,"href":"https:\/\/nextsnkr.com\/no\/wp-json\/wp\/v2\/comments?post=636907"}],"version-history":[{"count":0,"href":"https:\/\/nextsnkr.com\/no\/wp-json\/wp\/v2\/product\/636907\/revisions"}],"wp:featuredmedia":[{"embeddable":true,"href":"https:\/\/nextsnkr.com\/no\/wp-json\/wp\/v2\/media\/636908"}],"wp:attachment":[{"href":"https:\/\/nextsnkr.com\/no\/wp-json\/wp\/v2\/media?parent=636907"}],"wp:term":[{"taxonomy":"product_brand","embeddable":true,"href":"https:\/\/nextsnkr.com\/no\/wp-json\/wp\/v2\/product_brand?post=636907"},{"taxonomy":"product_cat","embeddable":true,"href":"https:\/\/nextsnkr.com\/no\/wp-json\/wp\/v2\/product_cat?post=636907"},{"taxonomy":"product_tag","embeddable":true,"href":"https:\/\/nextsnkr.com\/no\/wp-json\/wp\/v2\/product_tag?post=636907"}],"curies":[{"name":"wp","href":"https:\/\/api.w.org\/{rel}","templated":true}]}}