{"id":635547,"date":"2025-06-14T19:58:36","date_gmt":"2025-06-14T16:58:36","guid":{"rendered":"https:\/\/nextsnkr.com\/product\/off-white-x-nike-air-jordan-4-sp-sail\/"},"modified":"2026-02-01T13:18:45","modified_gmt":"2026-02-01T10:18:45","slug":"off-white-x-nike-air-jordan-4-sp-sail","status":"publish","type":"product","link":"https:\/\/nextsnkr.com\/no\/produkt\/off-white-x-nike-air-jordan-4-sp-sail\/","title":{"rendered":"Off-Hvit x Nike Air Jordan 4 SP Sail Joggesko-Stilig l\u00e6r"},"content":{"rendered":"<h2>Off-Hvit x Nike Air Jordan 4 SP Sail Joggesko-Stilig l\u00e6r<\/h2>\n<p>&nbsp;<\/p>\n<p>Off-White x Nike Air Jordan 4 SP Sail-eksklusive joggesko i samarbeid Med Off-White Og Nike, laget av ekte skinn av h\u00f8y kvalitet for komfort og holdbarhet. Den lyse skyggen Av Seil gir modellen modernitet og allsidighet, egnet for hverdagsbruk og skaper stilig utseende. Laget I Vietnam, joggeskoene har den legendariske Air Jordan 4-designen, en slitesterk s\u00e5le og en behagelig passform p\u00e5 foten. Det perfekte valget for kjennere av f\u00f8rsteklasses stil og komfort.<\/p>\n","protected":false},"excerpt":{"rendered":"<p>Off-White x Nike Air Jordan 4 SP Sail-eksklusive joggesko i samarbeid Med Off-White Og Nike, laget av ekte skinn av h\u00f8y kvalitet for komfort og holdbarhet. Den lyse skyggen Av Seil gir modellen modernitet og allsidighet, egnet for hverdagsbruk og skaper stilig utseende. Laget I Vietnam, joggeskoene har den legendariske Air Jordan 4-designen, en slitesterk s\u00e5le og en behagelig passform p\u00e5 foten. Det perfekte valget for kjennere av f\u00f8rsteklasses stil og komfort.<\/p>\n","protected":false},"featured_media":635548,"comment_status":"open","ping_status":"open","template":"","meta":[],"product_brand":[],"product_cat":[3389,3277,3278],"product_tag":[],"class_list":{"0":"post-635547","1":"product","2":"type-product","3":"status-publish","4":"has-post-thumbnail","6":"product_cat-nike-jordan","7":"product_cat-all-product","8":"product_cat-krosivky","9":"pa_rozmir-910","10":"pa_rozmir-912","11":"pa_rozmir-914","12":"pa_rozmir-915","13":"pa_rozmir-916","14":"pa_rozmir-917","15":"pa_rozmir-918","16":"pa_rozmir-919","17":"pa_rozmir-920","18":"pa_rozmir-921","19":"pa_rozmir-922","21":"first","22":"instock","23":"purchasable","24":"product-type-variable"},"_links":{"self":[{"href":"https:\/\/nextsnkr.com\/no\/wp-json\/wp\/v2\/product\/635547","targetHints":{"allow":["GET"]}}],"collection":[{"href":"https:\/\/nextsnkr.com\/no\/wp-json\/wp\/v2\/product"}],"about":[{"href":"https:\/\/nextsnkr.com\/no\/wp-json\/wp\/v2\/types\/product"}],"replies":[{"embeddable":true,"href":"https:\/\/nextsnkr.com\/no\/wp-json\/wp\/v2\/comments?post=635547"}],"version-history":[{"count":0,"href":"https:\/\/nextsnkr.com\/no\/wp-json\/wp\/v2\/product\/635547\/revisions"}],"wp:featuredmedia":[{"embeddable":true,"href":"https:\/\/nextsnkr.com\/no\/wp-json\/wp\/v2\/media\/635548"}],"wp:attachment":[{"href":"https:\/\/nextsnkr.com\/no\/wp-json\/wp\/v2\/media?parent=635547"}],"wp:term":[{"taxonomy":"product_brand","embeddable":true,"href":"https:\/\/nextsnkr.com\/no\/wp-json\/wp\/v2\/product_brand?post=635547"},{"taxonomy":"product_cat","embeddable":true,"href":"https:\/\/nextsnkr.com\/no\/wp-json\/wp\/v2\/product_cat?post=635547"},{"taxonomy":"product_tag","embeddable":true,"href":"https:\/\/nextsnkr.com\/no\/wp-json\/wp\/v2\/product_tag?post=635547"}],"curies":[{"name":"wp","href":"https:\/\/api.w.org\/{rel}","templated":true}]}}