{"id":633793,"date":"2025-06-14T20:02:34","date_gmt":"2025-06-14T17:02:34","guid":{"rendered":"https:\/\/nextsnkr.com\/product\/off-white-black-fur-no-logo\/"},"modified":"2026-02-01T13:17:53","modified_gmt":"2026-02-01T10:17:53","slug":"off-white-black-fur-no-logo","status":"publish","type":"product","link":"https:\/\/nextsnkr.com\/no\/produkt\/off-white-black-fur-no-logo\/","title":{"rendered":"Boots Off White Black Fur-kvinners l\u00e6r vinter st\u00f8vler med pels"},"content":{"rendered":"<h2>Boots Off White Black Fur-kvinners l\u00e6r vinter st\u00f8vler med pels<\/h2>\n<p>&nbsp;<\/p>\n<p>Boots Off White Black Fur-No Logo) er stilige vinterst\u00f8vler for kvinner laget av ekte skinn og fuskepels, designet for varme og komfort i den kalde \u00e5rstiden. Modellen kombinerer moderne design, komfortabel pute og slitesterkt materiale, som sikrer holdbarhet og komfort n\u00e5r du b\u00e6rer. Den svarte fargen gir eleganse til ethvert utseende, og den allsidige stilen passer for daglige turer og utend\u00f8rsaktiviteter. Produksjon i Kina garanterer kvaliteten p\u00e5 utf\u00f8relsen.<\/p>\n","protected":false},"excerpt":{"rendered":"<p>Boots Off White Black Fur-No Logo) er stilige vinterst\u00f8vler for kvinner laget av ekte skinn og fuskepels, designet for varme og komfort i den kalde \u00e5rstiden. Modellen kombinerer moderne design, komfortabel pute og slitesterkt materiale, som sikrer holdbarhet og komfort n\u00e5r du b\u00e6rer. Den svarte fargen gir eleganse til ethvert utseende, og den allsidige stilen passer for daglige turer og utend\u00f8rsaktiviteter. Produksjon i Kina garanterer kvaliteten p\u00e5 utf\u00f8relsen.<\/p>\n","protected":false},"featured_media":633797,"comment_status":"open","ping_status":"open","template":"","meta":[],"product_brand":[],"product_cat":[3277,3337],"product_tag":[],"class_list":{"0":"post-633793","1":"product","2":"type-product","3":"status-publish","4":"has-post-thumbnail","6":"product_cat-all-product","7":"product_cat-cherevyky","8":"pa_rozmir-910","9":"pa_rozmir-912","10":"pa_rozmir-914","11":"pa_rozmir-915","12":"pa_rozmir-916","13":"pa_rozmir-917","14":"pa_rozmir-918","15":"pa_rozmir-919","16":"pa_rozmir-920","17":"pa_rozmir-921","18":"pa_rozmir-922","20":"first","21":"onbackorder","22":"purchasable","23":"product-type-variable"},"_links":{"self":[{"href":"https:\/\/nextsnkr.com\/no\/wp-json\/wp\/v2\/product\/633793","targetHints":{"allow":["GET"]}}],"collection":[{"href":"https:\/\/nextsnkr.com\/no\/wp-json\/wp\/v2\/product"}],"about":[{"href":"https:\/\/nextsnkr.com\/no\/wp-json\/wp\/v2\/types\/product"}],"replies":[{"embeddable":true,"href":"https:\/\/nextsnkr.com\/no\/wp-json\/wp\/v2\/comments?post=633793"}],"version-history":[{"count":0,"href":"https:\/\/nextsnkr.com\/no\/wp-json\/wp\/v2\/product\/633793\/revisions"}],"wp:featuredmedia":[{"embeddable":true,"href":"https:\/\/nextsnkr.com\/no\/wp-json\/wp\/v2\/media\/633797"}],"wp:attachment":[{"href":"https:\/\/nextsnkr.com\/no\/wp-json\/wp\/v2\/media?parent=633793"}],"wp:term":[{"taxonomy":"product_brand","embeddable":true,"href":"https:\/\/nextsnkr.com\/no\/wp-json\/wp\/v2\/product_brand?post=633793"},{"taxonomy":"product_cat","embeddable":true,"href":"https:\/\/nextsnkr.com\/no\/wp-json\/wp\/v2\/product_cat?post=633793"},{"taxonomy":"product_tag","embeddable":true,"href":"https:\/\/nextsnkr.com\/no\/wp-json\/wp\/v2\/product_tag?post=633793"}],"curies":[{"name":"wp","href":"https:\/\/api.w.org\/{rel}","templated":true}]}}