{"id":633135,"date":"2025-06-23T08:24:55","date_gmt":"2025-06-23T05:24:55","guid":{"rendered":"https:\/\/nextsnkr.com\/product\/spezial-green-pink\/"},"modified":"2026-02-01T13:17:39","modified_gmt":"2026-02-01T10:17:39","slug":"spezial-green-pink","status":"publish","type":"product","link":"https:\/\/nextsnkr.com\/no\/produkt\/spezial-green-pink\/","title":{"rendered":"Spezial Gr\u00f8nn \/ Rosa suede sneakers er stilige og komfortable"},"content":{"rendered":"<h2>Spezial Gr\u00f8nn \/ Rosa suede sneakers er stilige og komfortable<\/h2>\n<p>&nbsp;<\/p>\n<p>Spezial Gr\u00f8nne \/ Rosa joggesko er laget av semsket skinn av h\u00f8y kvalitet, noe som sikrer holdbarhet og komfort n\u00e5r du har p\u00e5 deg. Modellen er ideell for daglig bruk og utend\u00f8rsaktiviteter, og kombinerer en lys design og en behagelig passform p\u00e5 foten. Velg disse joggeskoene for \u00e5 understreke stilen din og f\u00e5 p\u00e5litelige, stilige sko fra Spezial-merket.<\/p>\n","protected":false},"excerpt":{"rendered":"<p>Spezial Gr\u00f8nne \/ Rosa joggesko er laget av semsket skinn av h\u00f8y kvalitet, noe som sikrer holdbarhet og komfort n\u00e5r du har p\u00e5 deg. Modellen er ideell for daglig bruk og utend\u00f8rsaktiviteter, og kombinerer en lys design og en behagelig passform p\u00e5 foten. Velg disse joggeskoene for \u00e5 understreke stilen din og f\u00e5 p\u00e5litelige, stilige sko fra Spezial-merket.<\/p>\n","protected":false},"featured_media":633138,"comment_status":"open","ping_status":"open","template":"","meta":[],"product_brand":[],"product_cat":[3277,3324],"product_tag":[],"class_list":{"0":"post-633135","1":"product","2":"type-product","3":"status-publish","4":"has-post-thumbnail","6":"product_cat-all-product","7":"product_cat-kedy","8":"pa_rozmir-910","9":"pa_rozmir-912","10":"pa_rozmir-914","11":"pa_rozmir-915","12":"pa_rozmir-916","13":"pa_rozmir-917","14":"pa_rozmir-918","15":"pa_rozmir-919","16":"pa_rozmir-920","17":"pa_rozmir-921","18":"pa_rozmir-922","20":"first","21":"instock","22":"purchasable","23":"product-type-variable"},"_links":{"self":[{"href":"https:\/\/nextsnkr.com\/no\/wp-json\/wp\/v2\/product\/633135","targetHints":{"allow":["GET"]}}],"collection":[{"href":"https:\/\/nextsnkr.com\/no\/wp-json\/wp\/v2\/product"}],"about":[{"href":"https:\/\/nextsnkr.com\/no\/wp-json\/wp\/v2\/types\/product"}],"replies":[{"embeddable":true,"href":"https:\/\/nextsnkr.com\/no\/wp-json\/wp\/v2\/comments?post=633135"}],"version-history":[{"count":0,"href":"https:\/\/nextsnkr.com\/no\/wp-json\/wp\/v2\/product\/633135\/revisions"}],"wp:featuredmedia":[{"embeddable":true,"href":"https:\/\/nextsnkr.com\/no\/wp-json\/wp\/v2\/media\/633138"}],"wp:attachment":[{"href":"https:\/\/nextsnkr.com\/no\/wp-json\/wp\/v2\/media?parent=633135"}],"wp:term":[{"taxonomy":"product_brand","embeddable":true,"href":"https:\/\/nextsnkr.com\/no\/wp-json\/wp\/v2\/product_brand?post=633135"},{"taxonomy":"product_cat","embeddable":true,"href":"https:\/\/nextsnkr.com\/no\/wp-json\/wp\/v2\/product_cat?post=633135"},{"taxonomy":"product_tag","embeddable":true,"href":"https:\/\/nextsnkr.com\/no\/wp-json\/wp\/v2\/product_tag?post=633135"}],"curies":[{"name":"wp","href":"https:\/\/api.w.org\/{rel}","templated":true}]}}