{"id":632748,"date":"2025-06-14T20:04:56","date_gmt":"2025-06-14T17:04:56","guid":{"rendered":"https:\/\/nextsnkr.com\/product\/leather-tractor-cream\/"},"modified":"2026-02-01T13:17:27","modified_gmt":"2026-02-01T10:17:27","slug":"leather-tractor-cream","status":"publish","type":"product","link":"https:\/\/nextsnkr.com\/no\/produkt\/leather-tractor-cream\/","title":{"rendered":"L\u00c6R TRAKTOR KREM st\u00f8vler laget av l\u00e6r og fleece"},"content":{"rendered":"<h2>L\u00c6R TRAKTOR KREM st\u00f8vler laget av l\u00e6r og fleece<\/h2>\n<p>&nbsp;<\/p>\n<p>De p\u00e5litelige L\u00c6RTRAKTORKREMST\u00d8VLENE er laget av slitesterkt skinn og varm fleece, som gir komfort og varme i kaldt v\u00e6r. Modellen har en slitesterk s\u00e5le og en klassisk kremfarge som enkelt kan kombineres med forskjellige klesstiler. Disse st\u00f8vlene er laget i Kina og er ideelle for hverdagsbruk og aktivt byliv, og kombinerer materialer av h\u00f8y kvalitet, praktisk og moderne design.<\/p>\n","protected":false},"excerpt":{"rendered":"<p>De p\u00e5litelige L\u00c6RTRAKTORKREMST\u00d8VLENE er laget av slitesterkt skinn og varm fleece, som gir komfort og varme i kaldt v\u00e6r. Modellen har en slitesterk s\u00e5le og en klassisk kremfarge som enkelt kan kombineres med forskjellige klesstiler. Disse st\u00f8vlene er laget i Kina og er ideelle for hverdagsbruk og aktivt byliv, og kombinerer materialer av h\u00f8y kvalitet, praktisk og moderne design.<\/p>\n","protected":false},"featured_media":632751,"comment_status":"open","ping_status":"open","template":"","meta":[],"product_brand":[],"product_cat":[3277,3337],"product_tag":[],"class_list":{"0":"post-632748","1":"product","2":"type-product","3":"status-publish","4":"has-post-thumbnail","6":"product_cat-all-product","7":"product_cat-cherevyky","8":"pa_rozmir-910","9":"pa_rozmir-912","10":"pa_rozmir-914","11":"pa_rozmir-915","12":"pa_rozmir-916","13":"pa_rozmir-917","14":"pa_rozmir-918","15":"pa_rozmir-919","16":"pa_rozmir-920","17":"pa_rozmir-921","18":"pa_rozmir-922","20":"first","21":"onbackorder","22":"purchasable","23":"product-type-variable"},"_links":{"self":[{"href":"https:\/\/nextsnkr.com\/no\/wp-json\/wp\/v2\/product\/632748","targetHints":{"allow":["GET"]}}],"collection":[{"href":"https:\/\/nextsnkr.com\/no\/wp-json\/wp\/v2\/product"}],"about":[{"href":"https:\/\/nextsnkr.com\/no\/wp-json\/wp\/v2\/types\/product"}],"replies":[{"embeddable":true,"href":"https:\/\/nextsnkr.com\/no\/wp-json\/wp\/v2\/comments?post=632748"}],"version-history":[{"count":0,"href":"https:\/\/nextsnkr.com\/no\/wp-json\/wp\/v2\/product\/632748\/revisions"}],"wp:featuredmedia":[{"embeddable":true,"href":"https:\/\/nextsnkr.com\/no\/wp-json\/wp\/v2\/media\/632751"}],"wp:attachment":[{"href":"https:\/\/nextsnkr.com\/no\/wp-json\/wp\/v2\/media?parent=632748"}],"wp:term":[{"taxonomy":"product_brand","embeddable":true,"href":"https:\/\/nextsnkr.com\/no\/wp-json\/wp\/v2\/product_brand?post=632748"},{"taxonomy":"product_cat","embeddable":true,"href":"https:\/\/nextsnkr.com\/no\/wp-json\/wp\/v2\/product_cat?post=632748"},{"taxonomy":"product_tag","embeddable":true,"href":"https:\/\/nextsnkr.com\/no\/wp-json\/wp\/v2\/product_tag?post=632748"}],"curies":[{"name":"wp","href":"https:\/\/api.w.org\/{rel}","templated":true}]}}