{"id":631470,"date":"2025-06-23T08:31:31","date_gmt":"2025-06-23T05:31:31","guid":{"rendered":"https:\/\/nextsnkr.com\/product\/spezial-bright-red\/"},"modified":"2026-02-01T13:16:42","modified_gmt":"2026-02-01T10:16:42","slug":"spezial-bright-red","status":"publish","type":"product","link":"https:\/\/nextsnkr.com\/no\/produkt\/spezial-bright-red\/","title":{"rendered":"Spezial Knallr\u00f8de semsket joggesko for et stilig uformelt utseende"},"content":{"rendered":"<h2>Spezial Knallr\u00f8de semsket joggesko for et stilig uformelt utseende<\/h2>\n<p>&nbsp;<\/p>\n<p>Spezial Knallr\u00f8de joggesko er laget av semsket skinn av h\u00f8y kvalitet, som gir komfort og holdbarhet. Den lyse r\u00f8de fargen gir dristighet og personlighet til bildet. Disse joggeskoene er ideelle for daglig bruk og utend\u00f8rsaktiviteter, og kombinerer stilig design og praktisk. Velg Spezial Bright Red for en levende og komfortabel stil hver dag.<\/p>\n","protected":false},"excerpt":{"rendered":"<p>Spezial Knallr\u00f8de joggesko er laget av semsket skinn av h\u00f8y kvalitet, som gir komfort og holdbarhet. Den lyse r\u00f8de fargen gir dristighet og personlighet til bildet. Disse joggeskoene er ideelle for daglig bruk og utend\u00f8rsaktiviteter, og kombinerer stilig design og praktisk. Velg Spezial Bright Red for en levende og komfortabel stil hver dag.<\/p>\n","protected":false},"featured_media":631471,"comment_status":"open","ping_status":"open","template":"","meta":[],"product_brand":[],"product_cat":[3277,3324],"product_tag":[],"class_list":{"0":"post-631470","1":"product","2":"type-product","3":"status-publish","4":"has-post-thumbnail","6":"product_cat-all-product","7":"product_cat-kedy","8":"pa_rozmir-910","9":"pa_rozmir-912","10":"pa_rozmir-914","11":"pa_rozmir-915","12":"pa_rozmir-916","13":"pa_rozmir-917","14":"pa_rozmir-918","15":"pa_rozmir-919","16":"pa_rozmir-920","17":"pa_rozmir-921","18":"pa_rozmir-922","20":"first","21":"instock","22":"purchasable","23":"product-type-variable"},"_links":{"self":[{"href":"https:\/\/nextsnkr.com\/no\/wp-json\/wp\/v2\/product\/631470","targetHints":{"allow":["GET"]}}],"collection":[{"href":"https:\/\/nextsnkr.com\/no\/wp-json\/wp\/v2\/product"}],"about":[{"href":"https:\/\/nextsnkr.com\/no\/wp-json\/wp\/v2\/types\/product"}],"replies":[{"embeddable":true,"href":"https:\/\/nextsnkr.com\/no\/wp-json\/wp\/v2\/comments?post=631470"}],"version-history":[{"count":0,"href":"https:\/\/nextsnkr.com\/no\/wp-json\/wp\/v2\/product\/631470\/revisions"}],"wp:featuredmedia":[{"embeddable":true,"href":"https:\/\/nextsnkr.com\/no\/wp-json\/wp\/v2\/media\/631471"}],"wp:attachment":[{"href":"https:\/\/nextsnkr.com\/no\/wp-json\/wp\/v2\/media?parent=631470"}],"wp:term":[{"taxonomy":"product_brand","embeddable":true,"href":"https:\/\/nextsnkr.com\/no\/wp-json\/wp\/v2\/product_brand?post=631470"},{"taxonomy":"product_cat","embeddable":true,"href":"https:\/\/nextsnkr.com\/no\/wp-json\/wp\/v2\/product_cat?post=631470"},{"taxonomy":"product_tag","embeddable":true,"href":"https:\/\/nextsnkr.com\/no\/wp-json\/wp\/v2\/product_tag?post=631470"}],"curies":[{"name":"wp","href":"https:\/\/api.w.org\/{rel}","templated":true}]}}