{"id":630454,"date":"2025-06-14T20:13:01","date_gmt":"2025-06-14T17:13:01","guid":{"rendered":"https:\/\/nextsnkr.com\/product\/michael-kors-2\/"},"modified":"2026-02-01T13:16:04","modified_gmt":"2026-02-01T10:16:04","slug":"michael-kors-2","status":"publish","type":"product","link":"https:\/\/nextsnkr.com\/no\/produkt\/michael-kors-2\/","title":{"rendered":"Michael Kors bag-kvinners \u00f8ko-l\u00e6r, stilig og allsidig"},"content":{"rendered":"<h2>Michael Kors bag-kvinners \u00f8ko-l\u00e6r, stilig og allsidig<\/h2>\n<p>&nbsp;<\/p>\n<p>Michael Kors-vesken er et elegant og praktisk tilbeh\u00f8r laget av \u00f8ko-l\u00e6r av h\u00f8y kvalitet, designet for daglig bruk. Modellen kombinerer stil, holdbarhet og enkel omhu, og den gjennomtenkte designen gj\u00f8r at du komfortabelt kan b\u00e6re alle n\u00f8dvendige ting. Tyrkisk produksjon garanterer n\u00f8yaktig utf\u00f8relse og holdbarhet. Velg En Michael Kors veske for et moderne, stilig og funksjonelt utseende hver dag.<\/p>\n","protected":false},"excerpt":{"rendered":"<p>Michael Kors-vesken er et elegant og praktisk tilbeh\u00f8r laget av \u00f8ko-l\u00e6r av h\u00f8y kvalitet, designet for daglig bruk. Modellen kombinerer stil, holdbarhet og enkel omhu, og den gjennomtenkte designen gj\u00f8r at du komfortabelt kan b\u00e6re alle n\u00f8dvendige ting. Tyrkisk produksjon garanterer n\u00f8yaktig utf\u00f8relse og holdbarhet. Velg En Michael Kors veske for et moderne, stilig og funksjonelt utseende hver dag.<\/p>\n","protected":false},"featured_media":630455,"comment_status":"open","ping_status":"open","template":"","meta":[],"product_brand":[],"product_cat":[3277,3488],"product_tag":[],"class_list":{"0":"post-630454","1":"product","2":"type-product","3":"status-publish","4":"has-post-thumbnail","6":"product_cat-all-product","7":"product_cat-sumky","8":"pa_rozmir-35kh27kh9","10":"first","11":"instock","12":"purchasable","13":"product-type-simple"},"_links":{"self":[{"href":"https:\/\/nextsnkr.com\/no\/wp-json\/wp\/v2\/product\/630454","targetHints":{"allow":["GET"]}}],"collection":[{"href":"https:\/\/nextsnkr.com\/no\/wp-json\/wp\/v2\/product"}],"about":[{"href":"https:\/\/nextsnkr.com\/no\/wp-json\/wp\/v2\/types\/product"}],"replies":[{"embeddable":true,"href":"https:\/\/nextsnkr.com\/no\/wp-json\/wp\/v2\/comments?post=630454"}],"version-history":[{"count":0,"href":"https:\/\/nextsnkr.com\/no\/wp-json\/wp\/v2\/product\/630454\/revisions"}],"wp:featuredmedia":[{"embeddable":true,"href":"https:\/\/nextsnkr.com\/no\/wp-json\/wp\/v2\/media\/630455"}],"wp:attachment":[{"href":"https:\/\/nextsnkr.com\/no\/wp-json\/wp\/v2\/media?parent=630454"}],"wp:term":[{"taxonomy":"product_brand","embeddable":true,"href":"https:\/\/nextsnkr.com\/no\/wp-json\/wp\/v2\/product_brand?post=630454"},{"taxonomy":"product_cat","embeddable":true,"href":"https:\/\/nextsnkr.com\/no\/wp-json\/wp\/v2\/product_cat?post=630454"},{"taxonomy":"product_tag","embeddable":true,"href":"https:\/\/nextsnkr.com\/no\/wp-json\/wp\/v2\/product_tag?post=630454"}],"curies":[{"name":"wp","href":"https:\/\/api.w.org\/{rel}","templated":true}]}}