{"id":629992,"date":"2025-06-23T08:37:43","date_gmt":"2025-06-23T05:37:43","guid":{"rendered":"https:\/\/nextsnkr.com\/product\/spezial-velvet-brown\/"},"modified":"2026-02-01T13:15:51","modified_gmt":"2026-02-01T10:15:51","slug":"spezial-velvet-brown","status":"publish","type":"product","link":"https:\/\/nextsnkr.com\/no\/produkt\/spezial-velvet-brown\/","title":{"rendered":"Spezial Fl\u00f8yelsbrune semsket joggesko for et stilig uformelt utseende"},"content":{"rendered":"<h2>Spezial Fl\u00f8yelsbrune semsket joggesko for et stilig uformelt utseende<\/h2>\n<p>&nbsp;<\/p>\n<p>Spezial Fl\u00f8yelsbrune joggesko er laget av semsket skinn og kordfl\u00f8yel av h\u00f8y kvalitet, noe som gir komfort og holdbarhet. Laget I Vietnam, er de perfekte for hverdagsbruk og skaper et fasjonabelt utseende. Den myke s\u00e5len gir komfort hele dagen, og den rike brune fargen gir eleganse og stil. Det perfekte valget for de som setter pris p\u00e5 kombinasjonen av kvalitet og moderne design.<\/p>\n","protected":false},"excerpt":{"rendered":"<p>Spezial Fl\u00f8yelsbrune joggesko er laget av semsket skinn og kordfl\u00f8yel av h\u00f8y kvalitet, noe som gir komfort og holdbarhet. Laget I Vietnam, er de perfekte for hverdagsbruk og skaper et fasjonabelt utseende. Den myke s\u00e5len gir komfort hele dagen, og den rike brune fargen gir eleganse og stil. Det perfekte valget for de som setter pris p\u00e5 kombinasjonen av kvalitet og moderne design.<\/p>\n","protected":false},"featured_media":629994,"comment_status":"open","ping_status":"open","template":"","meta":[],"product_brand":[],"product_cat":[3277,3324],"product_tag":[],"class_list":{"0":"post-629992","1":"product","2":"type-product","3":"status-publish","4":"has-post-thumbnail","6":"product_cat-all-product","7":"product_cat-kedy","8":"pa_rozmir-910","9":"pa_rozmir-912","10":"pa_rozmir-914","11":"pa_rozmir-915","12":"pa_rozmir-916","13":"pa_rozmir-917","14":"pa_rozmir-918","15":"pa_rozmir-919","16":"pa_rozmir-920","17":"pa_rozmir-921","18":"pa_rozmir-922","20":"first","21":"instock","22":"purchasable","23":"product-type-variable"},"_links":{"self":[{"href":"https:\/\/nextsnkr.com\/no\/wp-json\/wp\/v2\/product\/629992","targetHints":{"allow":["GET"]}}],"collection":[{"href":"https:\/\/nextsnkr.com\/no\/wp-json\/wp\/v2\/product"}],"about":[{"href":"https:\/\/nextsnkr.com\/no\/wp-json\/wp\/v2\/types\/product"}],"replies":[{"embeddable":true,"href":"https:\/\/nextsnkr.com\/no\/wp-json\/wp\/v2\/comments?post=629992"}],"version-history":[{"count":0,"href":"https:\/\/nextsnkr.com\/no\/wp-json\/wp\/v2\/product\/629992\/revisions"}],"wp:featuredmedia":[{"embeddable":true,"href":"https:\/\/nextsnkr.com\/no\/wp-json\/wp\/v2\/media\/629994"}],"wp:attachment":[{"href":"https:\/\/nextsnkr.com\/no\/wp-json\/wp\/v2\/media?parent=629992"}],"wp:term":[{"taxonomy":"product_brand","embeddable":true,"href":"https:\/\/nextsnkr.com\/no\/wp-json\/wp\/v2\/product_brand?post=629992"},{"taxonomy":"product_cat","embeddable":true,"href":"https:\/\/nextsnkr.com\/no\/wp-json\/wp\/v2\/product_cat?post=629992"},{"taxonomy":"product_tag","embeddable":true,"href":"https:\/\/nextsnkr.com\/no\/wp-json\/wp\/v2\/product_tag?post=629992"}],"curies":[{"name":"wp","href":"https:\/\/api.w.org\/{rel}","templated":true}]}}