{"id":629812,"date":"2025-06-14T20:14:59","date_gmt":"2025-06-14T17:14:59","guid":{"rendered":"https:\/\/nextsnkr.com\/product\/michael-kors-8\/"},"modified":"2026-02-01T13:15:34","modified_gmt":"2026-02-01T10:15:34","slug":"michael-kors-8","status":"publish","type":"product","link":"https:\/\/nextsnkr.com\/no\/produkt\/michael-kors-8\/","title":{"rendered":"Michael Kors bag-kvinners \u00f8ko-l\u00e6r stilig veske Fra Tyrkia"},"content":{"rendered":"<h2>Michael Kors bag-kvinners \u00f8ko-l\u00e6r stilig veske Fra Tyrkia<\/h2>\n<p>&nbsp;<\/p>\n<p>Michael Kors-vesken er et elegant tilbeh\u00f8r for kvinner laget av \u00f8ko-l\u00e6r av h\u00f8y kvalitet, som kombinerer stil og praktisk. Modellen Fra Tyrkia har en gjennomtenkt design, romslige rom for daglige gjenstander og en behagelig form for behagelig bruk. Det eksklusive utseendet Og merkevaredetaljene Til Michael Kors-merket understreker eierens status og personlighet. Det er et ideelt valg for de som setter pris p\u00e5 kvalitet, fasjonabel design og allsidighet i hverdagen. Velg Michael Kors for et stilig utseende hver dag.<\/p>\n","protected":false},"excerpt":{"rendered":"<p>Michael Kors-vesken er et elegant tilbeh\u00f8r for kvinner laget av \u00f8ko-l\u00e6r av h\u00f8y kvalitet, som kombinerer stil og praktisk. Modellen Fra Tyrkia har en gjennomtenkt design, romslige rom for daglige gjenstander og en behagelig form for behagelig bruk. Det eksklusive utseendet Og merkevaredetaljene Til Michael Kors-merket understreker eierens status og personlighet. Det er et ideelt valg for de som setter pris p\u00e5 kvalitet, fasjonabel design og allsidighet i hverdagen. Velg Michael Kors for et stilig utseende hver dag.<\/p>\n","protected":false},"featured_media":629814,"comment_status":"open","ping_status":"open","template":"","meta":[],"product_brand":[],"product_cat":[3277,3488],"product_tag":[],"class_list":{"0":"post-629812","1":"product","2":"type-product","3":"status-publish","4":"has-post-thumbnail","6":"product_cat-all-product","7":"product_cat-sumky","8":"pa_rozmir-sale-24kh16kh7","10":"first","11":"instock","12":"purchasable","13":"product-type-simple"},"_links":{"self":[{"href":"https:\/\/nextsnkr.com\/no\/wp-json\/wp\/v2\/product\/629812","targetHints":{"allow":["GET"]}}],"collection":[{"href":"https:\/\/nextsnkr.com\/no\/wp-json\/wp\/v2\/product"}],"about":[{"href":"https:\/\/nextsnkr.com\/no\/wp-json\/wp\/v2\/types\/product"}],"replies":[{"embeddable":true,"href":"https:\/\/nextsnkr.com\/no\/wp-json\/wp\/v2\/comments?post=629812"}],"version-history":[{"count":0,"href":"https:\/\/nextsnkr.com\/no\/wp-json\/wp\/v2\/product\/629812\/revisions"}],"wp:featuredmedia":[{"embeddable":true,"href":"https:\/\/nextsnkr.com\/no\/wp-json\/wp\/v2\/media\/629814"}],"wp:attachment":[{"href":"https:\/\/nextsnkr.com\/no\/wp-json\/wp\/v2\/media?parent=629812"}],"wp:term":[{"taxonomy":"product_brand","embeddable":true,"href":"https:\/\/nextsnkr.com\/no\/wp-json\/wp\/v2\/product_brand?post=629812"},{"taxonomy":"product_cat","embeddable":true,"href":"https:\/\/nextsnkr.com\/no\/wp-json\/wp\/v2\/product_cat?post=629812"},{"taxonomy":"product_tag","embeddable":true,"href":"https:\/\/nextsnkr.com\/no\/wp-json\/wp\/v2\/product_tag?post=629812"}],"curies":[{"name":"wp","href":"https:\/\/api.w.org\/{rel}","templated":true}]}}