{"id":629472,"date":"2025-06-14T20:15:41","date_gmt":"2025-06-14T17:15:41","guid":{"rendered":"https:\/\/nextsnkr.com\/product\/mk-shopper\/"},"modified":"2026-02-01T13:15:08","modified_gmt":"2026-02-01T10:15:08","slug":"mk-shopper","status":"publish","type":"product","link":"https:\/\/nextsnkr.com\/no\/produkt\/mk-shopper\/","title":{"rendered":"MK Shopper bag er en stilig \u00f8ko-l\u00e6r shopping bag for daglig bruk"},"content":{"rendered":"<h2>MK Shopper bag er en stilig \u00f8ko-l\u00e6r shopping bag for daglig bruk<\/h2>\n<p>&nbsp;<\/p>\n<p>MK Shopper bag er en praktisk og fasjonabel \u00f8ko-l\u00e6r modell, ideell for daglig bruk. Den romslige designen gj\u00f8r at du enkelt kan plassere alle n\u00f8dvendige ting, og slitesterke materialer sikrer holdbarhet. Stilig utseende med en lakonisk merkevare aksent understreker smaken av eieren og er lett kombinert med noe bilde. Et ideelt valg for de som setter pris p\u00e5 komfort, praktisk og moderne stil.<\/p>\n","protected":false},"excerpt":{"rendered":"<p>MK Shopper bag er en praktisk og fasjonabel \u00f8ko-l\u00e6r modell, ideell for daglig bruk. Den romslige designen gj\u00f8r at du enkelt kan plassere alle n\u00f8dvendige ting, og slitesterke materialer sikrer holdbarhet. Stilig utseende med en lakonisk merkevare aksent understreker smaken av eieren og er lett kombinert med noe bilde. Et ideelt valg for de som setter pris p\u00e5 komfort, praktisk og moderne stil.<\/p>\n","protected":false},"featured_media":629473,"comment_status":"open","ping_status":"open","template":"","meta":[],"product_brand":[],"product_cat":[3277,3488],"product_tag":[],"class_list":{"0":"post-629472","1":"product","2":"type-product","3":"status-publish","4":"has-post-thumbnail","6":"product_cat-all-product","7":"product_cat-sumky","8":"pa_rozmir-25kh35","10":"first","11":"instock","12":"purchasable","13":"product-type-simple"},"_links":{"self":[{"href":"https:\/\/nextsnkr.com\/no\/wp-json\/wp\/v2\/product\/629472","targetHints":{"allow":["GET"]}}],"collection":[{"href":"https:\/\/nextsnkr.com\/no\/wp-json\/wp\/v2\/product"}],"about":[{"href":"https:\/\/nextsnkr.com\/no\/wp-json\/wp\/v2\/types\/product"}],"replies":[{"embeddable":true,"href":"https:\/\/nextsnkr.com\/no\/wp-json\/wp\/v2\/comments?post=629472"}],"version-history":[{"count":0,"href":"https:\/\/nextsnkr.com\/no\/wp-json\/wp\/v2\/product\/629472\/revisions"}],"wp:featuredmedia":[{"embeddable":true,"href":"https:\/\/nextsnkr.com\/no\/wp-json\/wp\/v2\/media\/629473"}],"wp:attachment":[{"href":"https:\/\/nextsnkr.com\/no\/wp-json\/wp\/v2\/media?parent=629472"}],"wp:term":[{"taxonomy":"product_brand","embeddable":true,"href":"https:\/\/nextsnkr.com\/no\/wp-json\/wp\/v2\/product_brand?post=629472"},{"taxonomy":"product_cat","embeddable":true,"href":"https:\/\/nextsnkr.com\/no\/wp-json\/wp\/v2\/product_cat?post=629472"},{"taxonomy":"product_tag","embeddable":true,"href":"https:\/\/nextsnkr.com\/no\/wp-json\/wp\/v2\/product_tag?post=629472"}],"curies":[{"name":"wp","href":"https:\/\/api.w.org\/{rel}","templated":true}]}}