{"id":628508,"date":"2025-06-12T16:28:04","date_gmt":"2025-06-12T13:28:04","guid":{"rendered":"https:\/\/nextsnkr.com\/product\/neumel-gray\/"},"modified":"2026-02-01T13:14:39","modified_gmt":"2026-02-01T10:14:39","slug":"neumel-gray","status":"publish","type":"product","link":"https:\/\/nextsnkr.com\/no\/produkt\/neumel-gray\/","title":{"rendered":"UGG Neumel Gr\u00e5 st\u00f8vler laget av milj\u00f8vennlig materiale for daglig komfort"},"content":{"rendered":"<h2>UGG Neumel Gr\u00e5 st\u00f8vler laget av milj\u00f8vennlig materiale for daglig komfort<\/h2>\n<p>&nbsp;<\/p>\n<p>UGG Neumel Gr\u00e5 st\u00f8vler er laget av milj\u00f8vennlig materiale av H\u00f8y kvalitet I Tyrkia, og kombinerer stil og komfort. Den myke innerforingen gir varme og komfort under alle v\u00e6rforhold. Lette og allsidige, de er egnet for daglig bruk, turg\u00e5ing og utend\u00f8rsaktiviteter. Den stilige gr\u00e5 fargen OG det gjenkjennelige UGG-merket gj\u00f8r disse st\u00f8vlene til et utmerket valg for de som setter pris p\u00e5 praktisk og moderne design. Bestill n\u00e5 og legg til komfort i garderoben din.<\/p>\n","protected":false},"excerpt":{"rendered":"<p>UGG Neumel Gr\u00e5 st\u00f8vler er laget av milj\u00f8vennlig materiale av H\u00f8y kvalitet I Tyrkia, og kombinerer stil og komfort. Den myke innerforingen gir varme og komfort under alle v\u00e6rforhold. Lette og allsidige, de er egnet for daglig bruk, turg\u00e5ing og utend\u00f8rsaktiviteter. Den stilige gr\u00e5 fargen OG det gjenkjennelige UGG-merket gj\u00f8r disse st\u00f8vlene til et utmerket valg for de som setter pris p\u00e5 praktisk og moderne design. Bestill n\u00e5 og legg til komfort i garderoben din.<\/p>\n","protected":false},"featured_media":628509,"comment_status":"open","ping_status":"open","template":"","meta":[],"product_brand":[],"product_cat":[3413,3277],"product_tag":[],"class_list":{"0":"post-628508","1":"product","2":"type-product","3":"status-publish","4":"has-post-thumbnail","6":"product_cat-ugg","7":"product_cat-all-product","8":"pa_rozmir-910","9":"pa_rozmir-912","10":"pa_rozmir-914","11":"pa_rozmir-915","12":"pa_rozmir-916","13":"pa_rozmir-917","14":"pa_rozmir-918","15":"pa_rozmir-919","16":"pa_rozmir-920","17":"pa_rozmir-921","18":"pa_rozmir-922","20":"first","21":"instock","22":"purchasable","23":"product-type-variable"},"_links":{"self":[{"href":"https:\/\/nextsnkr.com\/no\/wp-json\/wp\/v2\/product\/628508","targetHints":{"allow":["GET"]}}],"collection":[{"href":"https:\/\/nextsnkr.com\/no\/wp-json\/wp\/v2\/product"}],"about":[{"href":"https:\/\/nextsnkr.com\/no\/wp-json\/wp\/v2\/types\/product"}],"replies":[{"embeddable":true,"href":"https:\/\/nextsnkr.com\/no\/wp-json\/wp\/v2\/comments?post=628508"}],"version-history":[{"count":0,"href":"https:\/\/nextsnkr.com\/no\/wp-json\/wp\/v2\/product\/628508\/revisions"}],"wp:featuredmedia":[{"embeddable":true,"href":"https:\/\/nextsnkr.com\/no\/wp-json\/wp\/v2\/media\/628509"}],"wp:attachment":[{"href":"https:\/\/nextsnkr.com\/no\/wp-json\/wp\/v2\/media?parent=628508"}],"wp:term":[{"taxonomy":"product_brand","embeddable":true,"href":"https:\/\/nextsnkr.com\/no\/wp-json\/wp\/v2\/product_brand?post=628508"},{"taxonomy":"product_cat","embeddable":true,"href":"https:\/\/nextsnkr.com\/no\/wp-json\/wp\/v2\/product_cat?post=628508"},{"taxonomy":"product_tag","embeddable":true,"href":"https:\/\/nextsnkr.com\/no\/wp-json\/wp\/v2\/product_tag?post=628508"}],"curies":[{"name":"wp","href":"https:\/\/api.w.org\/{rel}","templated":true}]}}