{"id":626432,"date":"2025-06-13T09:03:07","date_gmt":"2025-06-13T06:03:07","guid":{"rendered":"https:\/\/nextsnkr.com\/product\/retro-1-high-og-seafoam-green-nosky-u-komplektatsii\/"},"modified":"2026-02-01T13:13:34","modified_gmt":"2026-02-01T10:13:34","slug":"retro-1-high-og-seafoam-green-nosky-u-komplektatsii","status":"publish","type":"product","link":"https:\/\/nextsnkr.com\/no\/produkt\/retro-1-high-og-seafoam-green-nosky-u-komplektatsii\/","title":{"rendered":"Retro 1 H\u00f8y Og Seafoam Gr\u00f8nn l\u00e6r sneakers + sokker inkludert"},"content":{"rendered":"<h2>Retro 1 H\u00f8y Og Seafoam Gr\u00f8nn l\u00e6r sneakers + sokker inkludert<\/h2>\n<p>&nbsp;<\/p>\n<p>Retro 1 High Og Seafoam Green sneakers er laget I Vietnam av ekte l\u00e6r, som kombinerer stil, komfort og holdbarhet. Settet inneholder sokker som gir komfort og fullstendighet til utseendet. Den lyse gr\u00f8nne skyggen Av Seafoam fremhever den unike stilen og gj\u00f8r joggeskoene allsidige for hverdagsbruk og turg\u00e5ing. Materialer av h\u00f8y kvalitet og det p\u00e5litelige Retro-merket garanterer komfort og holdbarhet i hvert trinn. Bestill n\u00e5 og forbedre ditt fasjonable utseende.<\/p>\n","protected":false},"excerpt":{"rendered":"<p>Retro 1 High Og Seafoam Green sneakers er laget I Vietnam av ekte l\u00e6r, som kombinerer stil, komfort og holdbarhet. Settet inneholder sokker som gir komfort og fullstendighet til utseendet. Den lyse gr\u00f8nne skyggen Av Seafoam fremhever den unike stilen og gj\u00f8r joggeskoene allsidige for hverdagsbruk og turg\u00e5ing. Materialer av h\u00f8y kvalitet og det p\u00e5litelige Retro-merket garanterer komfort og holdbarhet i hvert trinn. Bestill n\u00e5 og forbedre ditt fasjonable utseende.<\/p>\n","protected":false},"featured_media":626433,"comment_status":"open","ping_status":"open","template":"","meta":[],"product_brand":[],"product_cat":[3277,3324],"product_tag":[],"class_list":{"0":"post-626432","1":"product","2":"type-product","3":"status-publish","4":"has-post-thumbnail","6":"product_cat-all-product","7":"product_cat-kedy","8":"pa_rozmir-910","9":"pa_rozmir-912","10":"pa_rozmir-914","11":"pa_rozmir-915","12":"pa_rozmir-916","13":"pa_rozmir-917","14":"pa_rozmir-918","15":"pa_rozmir-919","16":"pa_rozmir-920","17":"pa_rozmir-921","18":"pa_rozmir-922","20":"first","21":"instock","22":"purchasable","23":"product-type-variable"},"_links":{"self":[{"href":"https:\/\/nextsnkr.com\/no\/wp-json\/wp\/v2\/product\/626432","targetHints":{"allow":["GET"]}}],"collection":[{"href":"https:\/\/nextsnkr.com\/no\/wp-json\/wp\/v2\/product"}],"about":[{"href":"https:\/\/nextsnkr.com\/no\/wp-json\/wp\/v2\/types\/product"}],"replies":[{"embeddable":true,"href":"https:\/\/nextsnkr.com\/no\/wp-json\/wp\/v2\/comments?post=626432"}],"version-history":[{"count":0,"href":"https:\/\/nextsnkr.com\/no\/wp-json\/wp\/v2\/product\/626432\/revisions"}],"wp:featuredmedia":[{"embeddable":true,"href":"https:\/\/nextsnkr.com\/no\/wp-json\/wp\/v2\/media\/626433"}],"wp:attachment":[{"href":"https:\/\/nextsnkr.com\/no\/wp-json\/wp\/v2\/media?parent=626432"}],"wp:term":[{"taxonomy":"product_brand","embeddable":true,"href":"https:\/\/nextsnkr.com\/no\/wp-json\/wp\/v2\/product_brand?post=626432"},{"taxonomy":"product_cat","embeddable":true,"href":"https:\/\/nextsnkr.com\/no\/wp-json\/wp\/v2\/product_cat?post=626432"},{"taxonomy":"product_tag","embeddable":true,"href":"https:\/\/nextsnkr.com\/no\/wp-json\/wp\/v2\/product_tag?post=626432"}],"curies":[{"name":"wp","href":"https:\/\/api.w.org\/{rel}","templated":true}]}}