{"id":625062,"date":"2025-06-13T09:06:38","date_gmt":"2025-06-13T06:06:38","guid":{"rendered":"https:\/\/nextsnkr.com\/product\/noname-boots\/"},"modified":"2026-02-01T13:12:54","modified_gmt":"2026-02-01T10:12:54","slug":"noname-boots","status":"publish","type":"product","link":"https:\/\/nextsnkr.com\/no\/produkt\/noname-boots\/","title":{"rendered":"Noname St\u00f8vler laget av \u00f8ko-skinn og fleece for komfort"},"content":{"rendered":"<h2>Noname St\u00f8vler laget av \u00f8ko-skinn og fleece for komfort<\/h2>\n<p>&nbsp;<\/p>\n<p>Noname St\u00f8vler er laget av h\u00f8ykvalitets \u00f8ko-l\u00e6r og myk fleece, som gir varme og komfort i den kalde \u00e5rstiden. Lette og komfortable, de er ideelle for daglig bruk, turg\u00e5ing og utend\u00f8rsaktiviteter. Den allsidige designen gj\u00f8r st\u00f8vlene egnet for ethvert utseende, og materialene av h\u00f8y kvalitet garanterer holdbarhet og slitestyrke. Bestill n\u00e5 og legg til komfort og stil i garderoben din.<\/p>\n","protected":false},"excerpt":{"rendered":"<p>Noname St\u00f8vler er laget av h\u00f8ykvalitets \u00f8ko-l\u00e6r og myk fleece, som gir varme og komfort i den kalde \u00e5rstiden. Lette og komfortable, de er ideelle for daglig bruk, turg\u00e5ing og utend\u00f8rsaktiviteter. Den allsidige designen gj\u00f8r st\u00f8vlene egnet for ethvert utseende, og materialene av h\u00f8y kvalitet garanterer holdbarhet og slitestyrke. Bestill n\u00e5 og legg til komfort og stil i garderoben din.<\/p>\n","protected":false},"featured_media":625063,"comment_status":"open","ping_status":"open","template":"","meta":[],"product_brand":[],"product_cat":[3277,3337],"product_tag":[],"class_list":{"0":"post-625062","1":"product","2":"type-product","3":"status-publish","4":"has-post-thumbnail","6":"product_cat-all-product","7":"product_cat-cherevyky","8":"pa_rozmir-910","9":"pa_rozmir-912","10":"pa_rozmir-914","11":"pa_rozmir-915","12":"pa_rozmir-916","13":"pa_rozmir-917","14":"pa_rozmir-918","15":"pa_rozmir-919","16":"pa_rozmir-920","17":"pa_rozmir-921","18":"pa_rozmir-922","20":"first","21":"instock","22":"purchasable","23":"product-type-variable"},"_links":{"self":[{"href":"https:\/\/nextsnkr.com\/no\/wp-json\/wp\/v2\/product\/625062","targetHints":{"allow":["GET"]}}],"collection":[{"href":"https:\/\/nextsnkr.com\/no\/wp-json\/wp\/v2\/product"}],"about":[{"href":"https:\/\/nextsnkr.com\/no\/wp-json\/wp\/v2\/types\/product"}],"replies":[{"embeddable":true,"href":"https:\/\/nextsnkr.com\/no\/wp-json\/wp\/v2\/comments?post=625062"}],"version-history":[{"count":0,"href":"https:\/\/nextsnkr.com\/no\/wp-json\/wp\/v2\/product\/625062\/revisions"}],"wp:featuredmedia":[{"embeddable":true,"href":"https:\/\/nextsnkr.com\/no\/wp-json\/wp\/v2\/media\/625063"}],"wp:attachment":[{"href":"https:\/\/nextsnkr.com\/no\/wp-json\/wp\/v2\/media?parent=625062"}],"wp:term":[{"taxonomy":"product_brand","embeddable":true,"href":"https:\/\/nextsnkr.com\/no\/wp-json\/wp\/v2\/product_brand?post=625062"},{"taxonomy":"product_cat","embeddable":true,"href":"https:\/\/nextsnkr.com\/no\/wp-json\/wp\/v2\/product_cat?post=625062"},{"taxonomy":"product_tag","embeddable":true,"href":"https:\/\/nextsnkr.com\/no\/wp-json\/wp\/v2\/product_tag?post=625062"}],"curies":[{"name":"wp","href":"https:\/\/api.w.org\/{rel}","templated":true}]}}