{"id":624554,"date":"2025-06-13T09:07:42","date_gmt":"2025-06-13T06:07:42","guid":{"rendered":"https:\/\/nextsnkr.com\/product\/ash-leopard\/"},"modified":"2026-02-01T13:12:39","modified_gmt":"2026-02-01T10:12:39","slug":"ash-leopard","status":"publish","type":"product","link":"https:\/\/nextsnkr.com\/no\/produkt\/ash-leopard\/","title":{"rendered":"Ash Leopard joggesko laget av tekstil og semsket skinn for et stilig utseende"},"content":{"rendered":"<h2>Ash Leopard joggesko laget av tekstil og semsket skinn for et stilig utseende<\/h2>\n<p>&nbsp;<\/p>\n<p>Ash Leopard joggesko er laget I Vietnam av tekstiler og semsket skinn av h\u00f8y kvalitet, som kombinerer komfort, holdbarhet og fasjonabel design. Det unike leopardtrykket gir en lys aksent og gj\u00f8r joggeskoene allsidige for hverdagsbruk og turg\u00e5ing. Den myke s\u00e5len gir komfort under aktiv bevegelse, Og Ash-merket garanterer materialer av h\u00f8y kvalitet og et stilig utseende. Bestill n\u00e5 og legg vekt p\u00e5 din individuelle stil.<\/p>\n","protected":false},"excerpt":{"rendered":"<p>Ash Leopard joggesko er laget I Vietnam av tekstiler og semsket skinn av h\u00f8y kvalitet, som kombinerer komfort, holdbarhet og fasjonabel design. Det unike leopardtrykket gir en lys aksent og gj\u00f8r joggeskoene allsidige for hverdagsbruk og turg\u00e5ing. Den myke s\u00e5len gir komfort under aktiv bevegelse, Og Ash-merket garanterer materialer av h\u00f8y kvalitet og et stilig utseende. Bestill n\u00e5 og legg vekt p\u00e5 din individuelle stil.<\/p>\n","protected":false},"featured_media":624555,"comment_status":"open","ping_status":"open","template":"","meta":[],"product_brand":[],"product_cat":[3277,3278],"product_tag":[],"class_list":{"0":"post-624554","1":"product","2":"type-product","3":"status-publish","4":"has-post-thumbnail","6":"product_cat-all-product","7":"product_cat-krosivky","8":"pa_rozmir-910","9":"pa_rozmir-912","10":"pa_rozmir-914","11":"pa_rozmir-915","12":"pa_rozmir-916","13":"pa_rozmir-917","14":"pa_rozmir-918","15":"pa_rozmir-919","16":"pa_rozmir-920","17":"pa_rozmir-921","18":"pa_rozmir-922","20":"first","21":"instock","22":"purchasable","23":"product-type-variable"},"_links":{"self":[{"href":"https:\/\/nextsnkr.com\/no\/wp-json\/wp\/v2\/product\/624554","targetHints":{"allow":["GET"]}}],"collection":[{"href":"https:\/\/nextsnkr.com\/no\/wp-json\/wp\/v2\/product"}],"about":[{"href":"https:\/\/nextsnkr.com\/no\/wp-json\/wp\/v2\/types\/product"}],"replies":[{"embeddable":true,"href":"https:\/\/nextsnkr.com\/no\/wp-json\/wp\/v2\/comments?post=624554"}],"version-history":[{"count":0,"href":"https:\/\/nextsnkr.com\/no\/wp-json\/wp\/v2\/product\/624554\/revisions"}],"wp:featuredmedia":[{"embeddable":true,"href":"https:\/\/nextsnkr.com\/no\/wp-json\/wp\/v2\/media\/624555"}],"wp:attachment":[{"href":"https:\/\/nextsnkr.com\/no\/wp-json\/wp\/v2\/media?parent=624554"}],"wp:term":[{"taxonomy":"product_brand","embeddable":true,"href":"https:\/\/nextsnkr.com\/no\/wp-json\/wp\/v2\/product_brand?post=624554"},{"taxonomy":"product_cat","embeddable":true,"href":"https:\/\/nextsnkr.com\/no\/wp-json\/wp\/v2\/product_cat?post=624554"},{"taxonomy":"product_tag","embeddable":true,"href":"https:\/\/nextsnkr.com\/no\/wp-json\/wp\/v2\/product_tag?post=624554"}],"curies":[{"name":"wp","href":"https:\/\/api.w.org\/{rel}","templated":true}]}}