{"id":622860,"date":"2025-06-13T09:12:34","date_gmt":"2025-06-13T06:12:34","guid":{"rendered":"https:\/\/nextsnkr.com\/product\/new-balance-silver\/"},"modified":"2026-02-01T13:11:40","modified_gmt":"2026-02-01T10:11:40","slug":"new-balance-silver","status":"publish","type":"product","link":"https:\/\/nextsnkr.com\/no\/produkt\/new-balance-silver\/","title":{"rendered":"New Balance S\u00f8lv joggesko laget av ekte skinn for daglig slitasje"},"content":{"rendered":"<h2>New Balance S\u00f8lv joggesko laget av ekte skinn for daglig slitasje<\/h2>\n<p>&nbsp;<\/p>\n<p>New Balance Silver sneakers er laget av ekte l\u00e6r av h\u00f8y kvalitet, noe som sikrer komfort og holdbarhet under daglig bruk. Den moderne s\u00f8lvdesignen gir stil og kan enkelt kombineres med hvilken som helst garderobe. Den slitesterke ytters\u00e5len garanterer stabilitet og demping n\u00e5r du g\u00e5r, mens New Balance-merket bekrefter p\u00e5litelighet og h\u00f8y kvalitet. Det perfekte valget for en aktiv livsstil og atletisk stil.<\/p>\n","protected":false},"excerpt":{"rendered":"<p>New Balance Silver sneakers er laget av ekte l\u00e6r av h\u00f8y kvalitet, noe som sikrer komfort og holdbarhet under daglig bruk. Den moderne s\u00f8lvdesignen gir stil og kan enkelt kombineres med hvilken som helst garderobe. Den slitesterke ytters\u00e5len garanterer stabilitet og demping n\u00e5r du g\u00e5r, mens New Balance-merket bekrefter p\u00e5litelighet og h\u00f8y kvalitet. Det perfekte valget for en aktiv livsstil og atletisk stil.<\/p>\n","protected":false},"featured_media":622861,"comment_status":"open","ping_status":"open","template":"","meta":[],"product_brand":[],"product_cat":[3277,3278],"product_tag":[],"class_list":{"0":"post-622860","1":"product","2":"type-product","3":"status-publish","4":"has-post-thumbnail","6":"product_cat-all-product","7":"product_cat-krosivky","8":"pa_rozmir-910","9":"pa_rozmir-912","10":"pa_rozmir-914","11":"pa_rozmir-915","12":"pa_rozmir-916","13":"pa_rozmir-917","14":"pa_rozmir-918","15":"pa_rozmir-919","16":"pa_rozmir-920","17":"pa_rozmir-921","18":"pa_rozmir-922","20":"first","21":"instock","22":"purchasable","23":"product-type-variable"},"_links":{"self":[{"href":"https:\/\/nextsnkr.com\/no\/wp-json\/wp\/v2\/product\/622860","targetHints":{"allow":["GET"]}}],"collection":[{"href":"https:\/\/nextsnkr.com\/no\/wp-json\/wp\/v2\/product"}],"about":[{"href":"https:\/\/nextsnkr.com\/no\/wp-json\/wp\/v2\/types\/product"}],"replies":[{"embeddable":true,"href":"https:\/\/nextsnkr.com\/no\/wp-json\/wp\/v2\/comments?post=622860"}],"version-history":[{"count":0,"href":"https:\/\/nextsnkr.com\/no\/wp-json\/wp\/v2\/product\/622860\/revisions"}],"wp:featuredmedia":[{"embeddable":true,"href":"https:\/\/nextsnkr.com\/no\/wp-json\/wp\/v2\/media\/622861"}],"wp:attachment":[{"href":"https:\/\/nextsnkr.com\/no\/wp-json\/wp\/v2\/media?parent=622860"}],"wp:term":[{"taxonomy":"product_brand","embeddable":true,"href":"https:\/\/nextsnkr.com\/no\/wp-json\/wp\/v2\/product_brand?post=622860"},{"taxonomy":"product_cat","embeddable":true,"href":"https:\/\/nextsnkr.com\/no\/wp-json\/wp\/v2\/product_cat?post=622860"},{"taxonomy":"product_tag","embeddable":true,"href":"https:\/\/nextsnkr.com\/no\/wp-json\/wp\/v2\/product_tag?post=622860"}],"curies":[{"name":"wp","href":"https:\/\/api.w.org\/{rel}","templated":true}]}}