{"id":621566,"date":"2025-06-13T09:15:01","date_gmt":"2025-06-13T06:15:01","guid":{"rendered":"https:\/\/nextsnkr.com\/product\/new-balance-x-72-multicolor\/"},"modified":"2026-02-01T13:10:59","modified_gmt":"2026-02-01T10:10:59","slug":"new-balance-x-72-multicolor","status":"publish","type":"product","link":"https:\/\/nextsnkr.com\/no\/produkt\/new-balance-x-72-multicolor\/","title":{"rendered":"New Balance X-72 Multicolor tekstil og semsket joggesko"},"content":{"rendered":"<h2>New Balance X-72 Multicolor tekstil og semsket joggesko<\/h2>\n<p>&nbsp;<\/p>\n<p>New Balance X-72 Flerfargede joggesko kombinerer stilig design og komfort takket v\u00e6re materialer av h\u00f8y kvalitet-tekstiler og semsket skinn. Lette og pustende, de gir komfort for daglig slitasje og aktiv bevegelse. Den lyse flerfargede designen understreker individualitet og moderne stil. Den slitesterke s\u00e5len garanterer stabilitet og st\u00f8tte for foten, Og New Balance-merket bekrefter p\u00e5liteligheten og den h\u00f8ye kvaliteten p\u00e5 skoen. Ideell for sport og daglig bruk.<\/p>\n","protected":false},"excerpt":{"rendered":"<p>New Balance X-72 Flerfargede joggesko kombinerer stilig design og komfort takket v\u00e6re materialer av h\u00f8y kvalitet-tekstiler og semsket skinn. Lette og pustende, de gir komfort for daglig slitasje og aktiv bevegelse. Den lyse flerfargede designen understreker individualitet og moderne stil. Den slitesterke s\u00e5len garanterer stabilitet og st\u00f8tte for foten, Og New Balance-merket bekrefter p\u00e5liteligheten og den h\u00f8ye kvaliteten p\u00e5 skoen. Ideell for sport og daglig bruk.<\/p>\n","protected":false},"featured_media":621567,"comment_status":"open","ping_status":"open","template":"","meta":[],"product_brand":[],"product_cat":[3277,3278],"product_tag":[],"class_list":{"0":"post-621566","1":"product","2":"type-product","3":"status-publish","4":"has-post-thumbnail","6":"product_cat-all-product","7":"product_cat-krosivky","8":"pa_rozmir-910","9":"pa_rozmir-912","10":"pa_rozmir-914","11":"pa_rozmir-915","12":"pa_rozmir-916","13":"pa_rozmir-917","14":"pa_rozmir-918","15":"pa_rozmir-919","16":"pa_rozmir-920","17":"pa_rozmir-921","18":"pa_rozmir-922","20":"first","21":"onbackorder","22":"purchasable","23":"product-type-variable"},"_links":{"self":[{"href":"https:\/\/nextsnkr.com\/no\/wp-json\/wp\/v2\/product\/621566","targetHints":{"allow":["GET"]}}],"collection":[{"href":"https:\/\/nextsnkr.com\/no\/wp-json\/wp\/v2\/product"}],"about":[{"href":"https:\/\/nextsnkr.com\/no\/wp-json\/wp\/v2\/types\/product"}],"replies":[{"embeddable":true,"href":"https:\/\/nextsnkr.com\/no\/wp-json\/wp\/v2\/comments?post=621566"}],"version-history":[{"count":0,"href":"https:\/\/nextsnkr.com\/no\/wp-json\/wp\/v2\/product\/621566\/revisions"}],"wp:featuredmedia":[{"embeddable":true,"href":"https:\/\/nextsnkr.com\/no\/wp-json\/wp\/v2\/media\/621567"}],"wp:attachment":[{"href":"https:\/\/nextsnkr.com\/no\/wp-json\/wp\/v2\/media?parent=621566"}],"wp:term":[{"taxonomy":"product_brand","embeddable":true,"href":"https:\/\/nextsnkr.com\/no\/wp-json\/wp\/v2\/product_brand?post=621566"},{"taxonomy":"product_cat","embeddable":true,"href":"https:\/\/nextsnkr.com\/no\/wp-json\/wp\/v2\/product_cat?post=621566"},{"taxonomy":"product_tag","embeddable":true,"href":"https:\/\/nextsnkr.com\/no\/wp-json\/wp\/v2\/product_tag?post=621566"}],"curies":[{"name":"wp","href":"https:\/\/api.w.org\/{rel}","templated":true}]}}