{"id":619017,"date":"2025-06-17T22:18:20","date_gmt":"2025-06-17T19:18:20","guid":{"rendered":"https:\/\/nextsnkr.com\/product\/nike-air-max-plus-black-france-blue\/"},"modified":"2026-02-01T13:09:33","modified_gmt":"2026-02-01T10:09:33","slug":"nike-air-max-plus-black-france-blue","status":"publish","type":"product","link":"https:\/\/nextsnkr.com\/no\/produkt\/nike-air-max-plus-black-france-blue\/","title":{"rendered":"Nike Air Max Plus Joggesko Svart Frankrike Bl\u00e5 l\u00e6r \/ tekstil"},"content":{"rendered":"<h2>Nike Air Max Plus Joggesko Svart Frankrike Bl\u00e5 l\u00e6r \/ tekstil<\/h2>\n<p>&nbsp;<\/p>\n<p>Den moderne Nike Air Max Plus Black France Blue kombinerer slitesterkt skinn og pustende tekstiler, noe som gir komfort og stil hele dagen. Nike merkevare joggesko har en st\u00f8tdempende s\u00e5l for en aktiv livsstil og legger vekt p\u00e5 individuell stil, ideell for daglig bruk og sportsvandringer.<\/p>\n","protected":false},"excerpt":{"rendered":"<p>Den moderne Nike Air Max Plus Black France Blue kombinerer slitesterkt skinn og pustende tekstiler, noe som gir komfort og stil hele dagen. Nike merkevare joggesko har en st\u00f8tdempende s\u00e5l for en aktiv livsstil og legger vekt p\u00e5 individuell stil, ideell for daglig bruk og sportsvandringer.<\/p>\n","protected":false},"featured_media":619018,"comment_status":"open","ping_status":"open","template":"","meta":[],"product_brand":[],"product_cat":[3277,3278],"product_tag":[],"class_list":{"0":"post-619017","1":"product","2":"type-product","3":"status-publish","4":"has-post-thumbnail","6":"product_cat-all-product","7":"product_cat-krosivky","8":"pa_rozmir-910","9":"pa_rozmir-912","10":"pa_rozmir-914","11":"pa_rozmir-915","12":"pa_rozmir-916","13":"pa_rozmir-917","14":"pa_rozmir-918","15":"pa_rozmir-919","16":"pa_rozmir-920","17":"pa_rozmir-921","18":"pa_rozmir-922","20":"first","21":"onbackorder","22":"purchasable","23":"product-type-variable"},"_links":{"self":[{"href":"https:\/\/nextsnkr.com\/no\/wp-json\/wp\/v2\/product\/619017","targetHints":{"allow":["GET"]}}],"collection":[{"href":"https:\/\/nextsnkr.com\/no\/wp-json\/wp\/v2\/product"}],"about":[{"href":"https:\/\/nextsnkr.com\/no\/wp-json\/wp\/v2\/types\/product"}],"replies":[{"embeddable":true,"href":"https:\/\/nextsnkr.com\/no\/wp-json\/wp\/v2\/comments?post=619017"}],"version-history":[{"count":0,"href":"https:\/\/nextsnkr.com\/no\/wp-json\/wp\/v2\/product\/619017\/revisions"}],"wp:featuredmedia":[{"embeddable":true,"href":"https:\/\/nextsnkr.com\/no\/wp-json\/wp\/v2\/media\/619018"}],"wp:attachment":[{"href":"https:\/\/nextsnkr.com\/no\/wp-json\/wp\/v2\/media?parent=619017"}],"wp:term":[{"taxonomy":"product_brand","embeddable":true,"href":"https:\/\/nextsnkr.com\/no\/wp-json\/wp\/v2\/product_brand?post=619017"},{"taxonomy":"product_cat","embeddable":true,"href":"https:\/\/nextsnkr.com\/no\/wp-json\/wp\/v2\/product_cat?post=619017"},{"taxonomy":"product_tag","embeddable":true,"href":"https:\/\/nextsnkr.com\/no\/wp-json\/wp\/v2\/product_tag?post=619017"}],"curies":[{"name":"wp","href":"https:\/\/api.w.org\/{rel}","templated":true}]}}