{"id":618838,"date":"2025-06-17T22:19:13","date_gmt":"2025-06-17T19:19:13","guid":{"rendered":"https:\/\/nextsnkr.com\/product\/nike-air-max-plus-double-swoosh-white-black\/"},"modified":"2026-02-01T13:09:28","modified_gmt":"2026-02-01T10:09:28","slug":"nike-air-max-plus-double-swoosh-white-black","status":"publish","type":"product","link":"https:\/\/nextsnkr.com\/no\/produkt\/nike-air-max-plus-double-swoosh-white-black\/","title":{"rendered":"Nike Air Max Plus Double Swoosh Hvit \/ Svart Sneakers-L\u00e6r Herre"},"content":{"rendered":"<h2>Nike Air Max Plus Double Swoosh Hvit \/ Svart Sneakers-L\u00e6r Herre<\/h2>\n<p>&nbsp;<\/p>\n<p>Nike Air Max Plus Double Swoosh White \/ Black er stilige l\u00f8pesko for menn med en kombinasjon av ekte skinn og pustende tekstiler, som gir komfort, holdbarhet og st\u00f8tte for foten. Modellen er ideell for daglig bruk og sportsaktiviteter, takket v\u00e6re den st\u00f8tdempende s\u00e5len og ergonomisk design. Den hvite og svarte fargekombinasjonen gir moderne stil og allsidighet, med vekt p\u00e5 individualitet. Produksjon I Vietnam garanterer h\u00f8y kvalitet og holdbarhet av materialer.<\/p>\n","protected":false},"excerpt":{"rendered":"<p>Nike Air Max Plus Double Swoosh White \/ Black er stilige l\u00f8pesko for menn med en kombinasjon av ekte skinn og pustende tekstiler, som gir komfort, holdbarhet og st\u00f8tte for foten. Modellen er ideell for daglig bruk og sportsaktiviteter, takket v\u00e6re den st\u00f8tdempende s\u00e5len og ergonomisk design. Den hvite og svarte fargekombinasjonen gir moderne stil og allsidighet, med vekt p\u00e5 individualitet. Produksjon I Vietnam garanterer h\u00f8y kvalitet og holdbarhet av materialer.<\/p>\n","protected":false},"featured_media":618839,"comment_status":"open","ping_status":"open","template":"","meta":[],"product_brand":[],"product_cat":[3277,3278],"product_tag":[],"class_list":{"0":"post-618838","1":"product","2":"type-product","3":"status-publish","4":"has-post-thumbnail","6":"product_cat-all-product","7":"product_cat-krosivky","8":"pa_rozmir-910","9":"pa_rozmir-912","10":"pa_rozmir-914","11":"pa_rozmir-915","12":"pa_rozmir-916","13":"pa_rozmir-917","14":"pa_rozmir-918","15":"pa_rozmir-919","16":"pa_rozmir-920","17":"pa_rozmir-921","18":"pa_rozmir-922","20":"first","21":"onbackorder","22":"purchasable","23":"product-type-variable"},"_links":{"self":[{"href":"https:\/\/nextsnkr.com\/no\/wp-json\/wp\/v2\/product\/618838","targetHints":{"allow":["GET"]}}],"collection":[{"href":"https:\/\/nextsnkr.com\/no\/wp-json\/wp\/v2\/product"}],"about":[{"href":"https:\/\/nextsnkr.com\/no\/wp-json\/wp\/v2\/types\/product"}],"replies":[{"embeddable":true,"href":"https:\/\/nextsnkr.com\/no\/wp-json\/wp\/v2\/comments?post=618838"}],"version-history":[{"count":0,"href":"https:\/\/nextsnkr.com\/no\/wp-json\/wp\/v2\/product\/618838\/revisions"}],"wp:featuredmedia":[{"embeddable":true,"href":"https:\/\/nextsnkr.com\/no\/wp-json\/wp\/v2\/media\/618839"}],"wp:attachment":[{"href":"https:\/\/nextsnkr.com\/no\/wp-json\/wp\/v2\/media?parent=618838"}],"wp:term":[{"taxonomy":"product_brand","embeddable":true,"href":"https:\/\/nextsnkr.com\/no\/wp-json\/wp\/v2\/product_brand?post=618838"},{"taxonomy":"product_cat","embeddable":true,"href":"https:\/\/nextsnkr.com\/no\/wp-json\/wp\/v2\/product_cat?post=618838"},{"taxonomy":"product_tag","embeddable":true,"href":"https:\/\/nextsnkr.com\/no\/wp-json\/wp\/v2\/product_tag?post=618838"}],"curies":[{"name":"wp","href":"https:\/\/api.w.org\/{rel}","templated":true}]}}