{"id":618500,"date":"2025-06-17T22:20:57","date_gmt":"2025-06-17T19:20:57","guid":{"rendered":"https:\/\/nextsnkr.com\/product\/nike-air-max-plus-tn-tiffany-quad\/"},"modified":"2026-02-01T13:09:18","modified_gmt":"2026-02-01T10:09:18","slug":"nike-air-max-plus-tn-tiffany-quad","status":"publish","type":"product","link":"https:\/\/nextsnkr.com\/no\/produkt\/nike-air-max-plus-tn-tiffany-quad\/","title":{"rendered":"Nike Air Max Plus TN &raquo; Tiffany Quad sneakers \u2013 &#8211; stil og komfort"},"content":{"rendered":"<h2>Nike Air Max Plus TN &raquo; Tiffany Quad sneakers \u2013 &#8211; stil og komfort<\/h2>\n<p>&nbsp;<\/p>\n<p>Nike Air Max Plus TN&raquo; Tiffany Quad &raquo; joggesko kombinerer moderne design og h\u00f8y komfort for daglig bruk. Laget av tekstiler av h\u00f8y kvalitet, gir de letthet, pusteevne og stabilitet under aktiv bevegelse. Air Max-merket demping garanterer komfort og st\u00f8tte for foten, og det lyse Tiffany Quad-fargevalget gj\u00f8r modellen fengende og fasjonabel. Et ideelt valg for de som setter pris p\u00e5 stil, kvalitet og komfort i hverdagen.<\/p>\n","protected":false},"excerpt":{"rendered":"<p>Nike Air Max Plus TN&raquo; Tiffany Quad &raquo; joggesko kombinerer moderne design og h\u00f8y komfort for daglig bruk. Laget av tekstiler av h\u00f8y kvalitet, gir de letthet, pusteevne og stabilitet under aktiv bevegelse. Air Max-merket demping garanterer komfort og st\u00f8tte for foten, og det lyse Tiffany Quad-fargevalget gj\u00f8r modellen fengende og fasjonabel. Et ideelt valg for de som setter pris p\u00e5 stil, kvalitet og komfort i hverdagen.<\/p>\n","protected":false},"featured_media":618501,"comment_status":"open","ping_status":"open","template":"","meta":[],"product_brand":[],"product_cat":[3277,3278],"product_tag":[],"class_list":{"0":"post-618500","1":"product","2":"type-product","3":"status-publish","4":"has-post-thumbnail","6":"product_cat-all-product","7":"product_cat-krosivky","8":"pa_rozmir-910","9":"pa_rozmir-912","10":"pa_rozmir-914","11":"pa_rozmir-915","12":"pa_rozmir-916","13":"pa_rozmir-917","14":"pa_rozmir-918","15":"pa_rozmir-919","16":"pa_rozmir-920","17":"pa_rozmir-921","18":"pa_rozmir-922","20":"first","21":"onbackorder","22":"purchasable","23":"product-type-variable"},"_links":{"self":[{"href":"https:\/\/nextsnkr.com\/no\/wp-json\/wp\/v2\/product\/618500","targetHints":{"allow":["GET"]}}],"collection":[{"href":"https:\/\/nextsnkr.com\/no\/wp-json\/wp\/v2\/product"}],"about":[{"href":"https:\/\/nextsnkr.com\/no\/wp-json\/wp\/v2\/types\/product"}],"replies":[{"embeddable":true,"href":"https:\/\/nextsnkr.com\/no\/wp-json\/wp\/v2\/comments?post=618500"}],"version-history":[{"count":0,"href":"https:\/\/nextsnkr.com\/no\/wp-json\/wp\/v2\/product\/618500\/revisions"}],"wp:featuredmedia":[{"embeddable":true,"href":"https:\/\/nextsnkr.com\/no\/wp-json\/wp\/v2\/media\/618501"}],"wp:attachment":[{"href":"https:\/\/nextsnkr.com\/no\/wp-json\/wp\/v2\/media?parent=618500"}],"wp:term":[{"taxonomy":"product_brand","embeddable":true,"href":"https:\/\/nextsnkr.com\/no\/wp-json\/wp\/v2\/product_brand?post=618500"},{"taxonomy":"product_cat","embeddable":true,"href":"https:\/\/nextsnkr.com\/no\/wp-json\/wp\/v2\/product_cat?post=618500"},{"taxonomy":"product_tag","embeddable":true,"href":"https:\/\/nextsnkr.com\/no\/wp-json\/wp\/v2\/product_tag?post=618500"}],"curies":[{"name":"wp","href":"https:\/\/api.w.org\/{rel}","templated":true}]}}