{"id":615940,"date":"2025-06-17T22:34:09","date_gmt":"2025-06-17T19:34:09","guid":{"rendered":"https:\/\/nextsnkr.com\/product\/nike-tn-plus-smoke-grey\/"},"modified":"2026-02-01T13:07:51","modified_gmt":"2026-02-01T10:07:51","slug":"nike-tn-plus-smoke-grey","status":"publish","type":"product","link":"https:\/\/nextsnkr.com\/no\/produkt\/nike-tn-plus-smoke-grey\/","title":{"rendered":"Nike TN Plus R\u00f8yk Gr\u00e5 l\u00e6r \/ tekstil joggesko for menn \/ kvinner"},"content":{"rendered":"<h2>Nike TN Plus R\u00f8yk Gr\u00e5 l\u00e6r \/ tekstil joggesko for menn \/ kvinner<\/h2>\n<p>&nbsp;<\/p>\n<p>Nike TN Plus R\u00f8ykgr\u00e5 joggesko er stilige og komfortable sko for hverdagsbruk og aktivt byliv. Laget av l\u00e6r og tekstiler av h\u00f8y kvalitet, gir de holdbarhet, en behagelig passform og p\u00e5litelig fotst\u00f8tte. Den Moderne R\u00f8ykgr\u00e5 skyggen fremhever den sporty stilen og kombineres enkelt med ethvert antrekk. Den premium polstrede ytters\u00e5len garanterer komfort under lange turer, trenings\u00f8kter eller daglig bruk. Produksjon-Vietnam.<\/p>\n","protected":false},"excerpt":{"rendered":"<p>Nike TN Plus R\u00f8ykgr\u00e5 joggesko er stilige og komfortable sko for hverdagsbruk og aktivt byliv. Laget av l\u00e6r og tekstiler av h\u00f8y kvalitet, gir de holdbarhet, en behagelig passform og p\u00e5litelig fotst\u00f8tte. Den Moderne R\u00f8ykgr\u00e5 skyggen fremhever den sporty stilen og kombineres enkelt med ethvert antrekk. Den premium polstrede ytters\u00e5len garanterer komfort under lange turer, trenings\u00f8kter eller daglig bruk. Produksjon-Vietnam.<\/p>\n","protected":false},"featured_media":615941,"comment_status":"open","ping_status":"open","template":"","meta":[],"product_brand":[],"product_cat":[3277,3278],"product_tag":[],"class_list":{"0":"post-615940","1":"product","2":"type-product","3":"status-publish","4":"has-post-thumbnail","6":"product_cat-all-product","7":"product_cat-krosivky","8":"pa_rozmir-910","9":"pa_rozmir-912","10":"pa_rozmir-914","11":"pa_rozmir-915","12":"pa_rozmir-916","13":"pa_rozmir-917","14":"pa_rozmir-918","15":"pa_rozmir-919","16":"pa_rozmir-920","17":"pa_rozmir-921","18":"pa_rozmir-922","20":"first","21":"onbackorder","22":"purchasable","23":"product-type-variable"},"_links":{"self":[{"href":"https:\/\/nextsnkr.com\/no\/wp-json\/wp\/v2\/product\/615940","targetHints":{"allow":["GET"]}}],"collection":[{"href":"https:\/\/nextsnkr.com\/no\/wp-json\/wp\/v2\/product"}],"about":[{"href":"https:\/\/nextsnkr.com\/no\/wp-json\/wp\/v2\/types\/product"}],"replies":[{"embeddable":true,"href":"https:\/\/nextsnkr.com\/no\/wp-json\/wp\/v2\/comments?post=615940"}],"version-history":[{"count":0,"href":"https:\/\/nextsnkr.com\/no\/wp-json\/wp\/v2\/product\/615940\/revisions"}],"wp:featuredmedia":[{"embeddable":true,"href":"https:\/\/nextsnkr.com\/no\/wp-json\/wp\/v2\/media\/615941"}],"wp:attachment":[{"href":"https:\/\/nextsnkr.com\/no\/wp-json\/wp\/v2\/media?parent=615940"}],"wp:term":[{"taxonomy":"product_brand","embeddable":true,"href":"https:\/\/nextsnkr.com\/no\/wp-json\/wp\/v2\/product_brand?post=615940"},{"taxonomy":"product_cat","embeddable":true,"href":"https:\/\/nextsnkr.com\/no\/wp-json\/wp\/v2\/product_cat?post=615940"},{"taxonomy":"product_tag","embeddable":true,"href":"https:\/\/nextsnkr.com\/no\/wp-json\/wp\/v2\/product_tag?post=615940"}],"curies":[{"name":"wp","href":"https:\/\/api.w.org\/{rel}","templated":true}]}}