{"id":615238,"date":"2025-06-17T22:53:27","date_gmt":"2025-06-17T19:53:27","guid":{"rendered":"https:\/\/nextsnkr.com\/product\/zhenskoe-bele-calvin-klein-grey\/"},"modified":"2026-02-01T13:07:18","modified_gmt":"2026-02-01T10:07:18","slug":"zhenskoe-bele-calvin-klein-grey","status":"publish","type":"product","link":"https:\/\/nextsnkr.com\/no\/produkt\/zhenskoe-bele-calvin-klein-grey\/","title":{"rendered":"Calvin Klein Gr\u00e5 dameundert\u00f8y-behagelig bomull og elastan"},"content":{"rendered":"<h2>Calvin Klein Gr\u00e5 dameundert\u00f8y-behagelig bomull og elastan<\/h2>\n<p>&nbsp;<\/p>\n<p>Calvin Klein Gr\u00e5 dameundert\u00f8y er laget av h\u00f8ykvalitets bomull og spandex (95% bomull, 5% elastan), som gir komfort, elastisitet og en utmerket passform. Modellen er egnet for daglig bruk, gir en f\u00f8lelse av letthet og st\u00f8tte. Den stilige gr\u00e5 fargen og Det ber\u00f8mte Calvin Klein-merket gj\u00f8r linen elegant og allsidig for enhver garderobe. Produsenten er Egypt. Velg Calvin Klein Gr\u00e5 for komfort, kvalitet og moderne design.<\/p>\n","protected":false},"excerpt":{"rendered":"<p>Calvin Klein Gr\u00e5 dameundert\u00f8y er laget av h\u00f8ykvalitets bomull og spandex (95% bomull, 5% elastan), som gir komfort, elastisitet og en utmerket passform. Modellen er egnet for daglig bruk, gir en f\u00f8lelse av letthet og st\u00f8tte. Den stilige gr\u00e5 fargen og Det ber\u00f8mte Calvin Klein-merket gj\u00f8r linen elegant og allsidig for enhver garderobe. Produsenten er Egypt. Velg Calvin Klein Gr\u00e5 for komfort, kvalitet og moderne design.<\/p>\n","protected":false},"featured_media":615239,"comment_status":"open","ping_status":"open","template":"","meta":[],"product_brand":[],"product_cat":[3277],"product_tag":[],"class_list":{"0":"post-615238","1":"product","2":"type-product","3":"status-publish","4":"has-post-thumbnail","6":"product_cat-all-product","7":"pa_rozmir-s","8":"pa_rozmir-m","9":"pa_rozmir-l","10":"pa_rozmir-xl","11":"pa_rozmir-xxl","13":"first","14":"onbackorder","15":"purchasable","16":"product-type-variable"},"_links":{"self":[{"href":"https:\/\/nextsnkr.com\/no\/wp-json\/wp\/v2\/product\/615238","targetHints":{"allow":["GET"]}}],"collection":[{"href":"https:\/\/nextsnkr.com\/no\/wp-json\/wp\/v2\/product"}],"about":[{"href":"https:\/\/nextsnkr.com\/no\/wp-json\/wp\/v2\/types\/product"}],"replies":[{"embeddable":true,"href":"https:\/\/nextsnkr.com\/no\/wp-json\/wp\/v2\/comments?post=615238"}],"version-history":[{"count":0,"href":"https:\/\/nextsnkr.com\/no\/wp-json\/wp\/v2\/product\/615238\/revisions"}],"wp:featuredmedia":[{"embeddable":true,"href":"https:\/\/nextsnkr.com\/no\/wp-json\/wp\/v2\/media\/615239"}],"wp:attachment":[{"href":"https:\/\/nextsnkr.com\/no\/wp-json\/wp\/v2\/media?parent=615238"}],"wp:term":[{"taxonomy":"product_brand","embeddable":true,"href":"https:\/\/nextsnkr.com\/no\/wp-json\/wp\/v2\/product_brand?post=615238"},{"taxonomy":"product_cat","embeddable":true,"href":"https:\/\/nextsnkr.com\/no\/wp-json\/wp\/v2\/product_cat?post=615238"},{"taxonomy":"product_tag","embeddable":true,"href":"https:\/\/nextsnkr.com\/no\/wp-json\/wp\/v2\/product_tag?post=615238"}],"curies":[{"name":"wp","href":"https:\/\/api.w.org\/{rel}","templated":true}]}}